{"id":18894,"date":"2026-02-05T17:53:11","date_gmt":"2026-02-05T16:53:11","guid":{"rendered":"https:\/\/restauraciofisandeco.com\/?post_type=product&#038;p=18894"},"modified":"2026-02-10T16:33:44","modified_gmt":"2026-02-10T15:33:44","slug":"comoda","status":"publish","type":"product","link":"https:\/\/restauraciofisandeco.com\/es\/producto\/comoda\/","title":{"rendered":"C\u00f3moda"},"content":{"rendered":"<h2>Descripci\u00f3n<\/h2>\n<p>Esta c\u00f3moda antigua restaurada es una pieza con historia que ha vuelto a la vida con mucho mimo y respeto por los materiales originales. Cada caj\u00f3n explica el paso del tiempo, pero con un acabado renovado que la hace perfecta para encajar tanto en interiores r\u00fasticos como en espacios m\u00e1s contempor\u00e1neos.<\/p>\n<p>La restauraci\u00f3n se ha hecho de manera artesanal, limpiando, reparando y protegiendo la madera para que conserve su alma, pero gane funcionalidad y durabilidad. El resultado es una pieza s\u00f3lida, pr\u00e1ctica y con car\u00e1cter, ideal para dar personalidad a cualquier rinc\u00f3n de casa.<\/p>\n<p>Perfecta como mueble de almacenamiento en el dormitorio, recibidor o comedor, esta c\u00f3moda no es solo un mueble: es una apuesta por el consumo consciente, la reutilizaci\u00f3n y el valor de las cosas hechas para durar. Pieza \u00fanica.<\/p>\n<p>&nbsp;<\/p>\n<p>&nbsp;<\/p>\n<p>&nbsp;<\/p>\n","protected":false},"excerpt":{"rendered":"<p>Descripci\u00f3n Esta c\u00f3moda antigua restaurada es una pieza con historia que ha vuelto a la vida con mucho mimo y respeto por los materiales originales. Cada caj\u00f3n explica el paso del tiempo, pero con un acabado renovado que la hace perfecta para encajar tanto en interiores r\u00fasticos como en espacios m\u00e1s contempor\u00e1neos. La restauraci\u00f3n se [&hellip;]<\/p>\n","protected":false},"featured_media":18904,"template":"","meta":[],"product_cat":[624,137],"product_tag":[],"class_list":["post-18894","product","type-product","status-publish","has-post-thumbnail","hentry","product_cat-otros-muebles","product_cat-muebles-de-interior-y-exterior"],"yoast_head":"<!-- This site is optimized with the Yoast SEO plugin v21.5 - https:\/\/yoast.com\/wordpress\/plugins\/seo\/ -->\n<title>C\u00f3moda - Fisandeco<\/title>\n<meta name=\"robots\" content=\"index, follow, max-snippet:-1, max-image-preview:large, max-video-preview:-1\" \/>\n<link rel=\"canonical\" href=\"https:\/\/restauraciofisandeco.com\/es\/producto\/comoda\/\" \/>\n<meta property=\"og:locale\" content=\"es_ES\" \/>\n<meta property=\"og:type\" content=\"article\" \/>\n<meta property=\"og:title\" content=\"C\u00f3moda - Fisandeco\" \/>\n<meta property=\"og:description\" content=\"Descripci\u00f3n Esta c\u00f3moda antigua restaurada es una pieza con historia que ha vuelto a la vida con mucho mimo y respeto por los materiales originales. Cada caj\u00f3n explica el paso del tiempo, pero con un acabado renovado que la hace perfecta para encajar tanto en interiores r\u00fasticos como en espacios m\u00e1s contempor\u00e1neos. La restauraci\u00f3n se [&hellip;]\" \/>\n<meta property=\"og:url\" content=\"https:\/\/restauraciofisandeco.com\/es\/producto\/comoda\/\" \/>\n<meta property=\"og:site_name\" content=\"Fisandeco\" \/>\n<meta property=\"article:publisher\" content=\"https:\/\/es-es.facebook.com\/fisandeco\/\" \/>\n<meta property=\"article:modified_time\" content=\"2026-02-10T15:33:44+00:00\" \/>\n<meta property=\"og:image\" content=\"https:\/\/restauraciofisandeco.com\/wp-content\/uploads\/2026\/02\/1-1.png\" \/>\n\t<meta property=\"og:image:width\" content=\"1080\" \/>\n\t<meta property=\"og:image:height\" content=\"1080\" \/>\n\t<meta property=\"og:image:type\" content=\"image\/png\" \/>\n<meta name=\"twitter:card\" content=\"summary_large_image\" \/>\n<meta name=\"twitter:label1\" content=\"Tiempo de lectura\" \/>\n\t<meta name=\"twitter:data1\" content=\"1 minuto\" \/>\n<script type=\"application\/ld+json\" class=\"yoast-schema-graph\">{\"@context\":\"https:\/\/schema.org\",\"@graph\":[{\"@type\":\"WebPage\",\"@id\":\"https:\/\/restauraciofisandeco.com\/es\/producto\/comoda\/\",\"url\":\"https:\/\/restauraciofisandeco.com\/es\/producto\/comoda\/\",\"name\":\"C\u00f3moda - Fisandeco\",\"isPartOf\":{\"@id\":\"https:\/\/restauraciofisandeco.com\/ca\/#website\"},\"datePublished\":\"2026-02-05T16:53:11+00:00\",\"dateModified\":\"2026-02-10T15:33:44+00:00\",\"breadcrumb\":{\"@id\":\"https:\/\/restauraciofisandeco.com\/es\/producto\/comoda\/#breadcrumb\"},\"inLanguage\":\"es\",\"potentialAction\":[{\"@type\":\"ReadAction\",\"target\":[\"https:\/\/restauraciofisandeco.com\/es\/producto\/comoda\/\"]}]},{\"@type\":\"BreadcrumbList\",\"@id\":\"https:\/\/restauraciofisandeco.com\/es\/producto\/comoda\/#breadcrumb\",\"itemListElement\":[{\"@type\":\"ListItem\",\"position\":1,\"name\":\"Home\",\"item\":\"https:\/\/restauraciofisandeco.com\/es\/\"},{\"@type\":\"ListItem\",\"position\":2,\"name\":\"Tienda\",\"item\":\"https:\/\/restauraciofisandeco.com\/es\/shop\/\"},{\"@type\":\"ListItem\",\"position\":3,\"name\":\"C\u00f3moda\"}]},{\"@type\":\"WebSite\",\"@id\":\"https:\/\/restauraciofisandeco.com\/ca\/#website\",\"url\":\"https:\/\/restauraciofisandeco.com\/ca\/\",\"name\":\"Fisandeco\",\"description\":\"\",\"publisher\":{\"@id\":\"https:\/\/restauraciofisandeco.com\/ca\/#organization\"},\"potentialAction\":[{\"@type\":\"SearchAction\",\"target\":{\"@type\":\"EntryPoint\",\"urlTemplate\":\"https:\/\/restauraciofisandeco.com\/ca\/?s={search_term_string}\"},\"query-input\":\"required name=search_term_string\"}],\"inLanguage\":\"es\"},{\"@type\":\"Organization\",\"@id\":\"https:\/\/restauraciofisandeco.com\/ca\/#organization\",\"name\":\"Fisandeco\",\"url\":\"https:\/\/restauraciofisandeco.com\/ca\/\",\"logo\":{\"@type\":\"ImageObject\",\"inLanguage\":\"es\",\"@id\":\"https:\/\/restauraciofisandeco.com\/ca\/#\/schema\/logo\/image\/\",\"url\":\"https:\/\/restauraciofisandeco.com\/wp-content\/uploads\/2023\/09\/logo.jpg\",\"contentUrl\":\"https:\/\/restauraciofisandeco.com\/wp-content\/uploads\/2023\/09\/logo.jpg\",\"width\":316,\"height\":316,\"caption\":\"Fisandeco\"},\"image\":{\"@id\":\"https:\/\/restauraciofisandeco.com\/ca\/#\/schema\/logo\/image\/\"},\"sameAs\":[\"https:\/\/es-es.facebook.com\/fisandeco\/\",\"https:\/\/www.instagram.com\/fisandeco\/\"]}]}<\/script>\n<!-- \/ Yoast SEO plugin. -->","yoast_head_json":{"title":"C\u00f3moda - Fisandeco","robots":{"index":"index","follow":"follow","max-snippet":"max-snippet:-1","max-image-preview":"max-image-preview:large","max-video-preview":"max-video-preview:-1"},"canonical":"https:\/\/restauraciofisandeco.com\/es\/producto\/comoda\/","og_locale":"es_ES","og_type":"article","og_title":"C\u00f3moda - Fisandeco","og_description":"Descripci\u00f3n Esta c\u00f3moda antigua restaurada es una pieza con historia que ha vuelto a la vida con mucho mimo y respeto por los materiales originales. Cada caj\u00f3n explica el paso del tiempo, pero con un acabado renovado que la hace perfecta para encajar tanto en interiores r\u00fasticos como en espacios m\u00e1s contempor\u00e1neos. La restauraci\u00f3n se [&hellip;]","og_url":"https:\/\/restauraciofisandeco.com\/es\/producto\/comoda\/","og_site_name":"Fisandeco","article_publisher":"https:\/\/es-es.facebook.com\/fisandeco\/","article_modified_time":"2026-02-10T15:33:44+00:00","og_image":[{"width":1080,"height":1080,"url":"https:\/\/restauraciofisandeco.com\/wp-content\/uploads\/2026\/02\/1-1.png","type":"image\/png"}],"twitter_card":"summary_large_image","twitter_misc":{"Tiempo de lectura":"1 minuto"},"schema":{"@context":"https:\/\/schema.org","@graph":[{"@type":"WebPage","@id":"https:\/\/restauraciofisandeco.com\/es\/producto\/comoda\/","url":"https:\/\/restauraciofisandeco.com\/es\/producto\/comoda\/","name":"C\u00f3moda - Fisandeco","isPartOf":{"@id":"https:\/\/restauraciofisandeco.com\/ca\/#website"},"datePublished":"2026-02-05T16:53:11+00:00","dateModified":"2026-02-10T15:33:44+00:00","breadcrumb":{"@id":"https:\/\/restauraciofisandeco.com\/es\/producto\/comoda\/#breadcrumb"},"inLanguage":"es","potentialAction":[{"@type":"ReadAction","target":["https:\/\/restauraciofisandeco.com\/es\/producto\/comoda\/"]}]},{"@type":"BreadcrumbList","@id":"https:\/\/restauraciofisandeco.com\/es\/producto\/comoda\/#breadcrumb","itemListElement":[{"@type":"ListItem","position":1,"name":"Home","item":"https:\/\/restauraciofisandeco.com\/es\/"},{"@type":"ListItem","position":2,"name":"Tienda","item":"https:\/\/restauraciofisandeco.com\/es\/shop\/"},{"@type":"ListItem","position":3,"name":"C\u00f3moda"}]},{"@type":"WebSite","@id":"https:\/\/restauraciofisandeco.com\/ca\/#website","url":"https:\/\/restauraciofisandeco.com\/ca\/","name":"Fisandeco","description":"","publisher":{"@id":"https:\/\/restauraciofisandeco.com\/ca\/#organization"},"potentialAction":[{"@type":"SearchAction","target":{"@type":"EntryPoint","urlTemplate":"https:\/\/restauraciofisandeco.com\/ca\/?s={search_term_string}"},"query-input":"required name=search_term_string"}],"inLanguage":"es"},{"@type":"Organization","@id":"https:\/\/restauraciofisandeco.com\/ca\/#organization","name":"Fisandeco","url":"https:\/\/restauraciofisandeco.com\/ca\/","logo":{"@type":"ImageObject","inLanguage":"es","@id":"https:\/\/restauraciofisandeco.com\/ca\/#\/schema\/logo\/image\/","url":"https:\/\/restauraciofisandeco.com\/wp-content\/uploads\/2023\/09\/logo.jpg","contentUrl":"https:\/\/restauraciofisandeco.com\/wp-content\/uploads\/2023\/09\/logo.jpg","width":316,"height":316,"caption":"Fisandeco"},"image":{"@id":"https:\/\/restauraciofisandeco.com\/ca\/#\/schema\/logo\/image\/"},"sameAs":["https:\/\/es-es.facebook.com\/fisandeco\/","https:\/\/www.instagram.com\/fisandeco\/"]}]}},"_links":{"self":[{"href":"https:\/\/restauraciofisandeco.com\/es\/wp-json\/wp\/v2\/product\/18894","targetHints":{"allow":["GET"]}}],"collection":[{"href":"https:\/\/restauraciofisandeco.com\/es\/wp-json\/wp\/v2\/product"}],"about":[{"href":"https:\/\/restauraciofisandeco.com\/es\/wp-json\/wp\/v2\/types\/product"}],"version-history":[{"count":3,"href":"https:\/\/restauraciofisandeco.com\/es\/wp-json\/wp\/v2\/product\/18894\/revisions"}],"predecessor-version":[{"id":18915,"href":"https:\/\/restauraciofisandeco.com\/es\/wp-json\/wp\/v2\/product\/18894\/revisions\/18915"}],"wp:featuredmedia":[{"embeddable":true,"href":"https:\/\/restauraciofisandeco.com\/es\/wp-json\/wp\/v2\/media\/18904"}],"wp:attachment":[{"href":"https:\/\/restauraciofisandeco.com\/es\/wp-json\/wp\/v2\/media?parent=18894"}],"wp:term":[{"taxonomy":"product_cat","embeddable":true,"href":"https:\/\/restauraciofisandeco.com\/es\/wp-json\/wp\/v2\/product_cat?post=18894"},{"taxonomy":"product_tag","embeddable":true,"href":"https:\/\/restauraciofisandeco.com\/es\/wp-json\/wp\/v2\/product_tag?post=18894"}],"curies":[{"name":"wp","href":"https:\/\/api.w.org\/{rel}","templated":true}]}}