{"id":18814,"date":"2025-05-29T14:14:30","date_gmt":"2025-05-29T12:14:30","guid":{"rendered":"https:\/\/restauraciofisandeco.com\/product\/lampada-de-sobretaula-de-fibra-natural\/"},"modified":"2025-05-30T17:36:08","modified_gmt":"2025-05-30T15:36:08","slug":"lampara-de-sobremesa-de-fibra-natural","status":"publish","type":"product","link":"https:\/\/restauraciofisandeco.com\/es\/producto\/lampara-de-sobremesa-de-fibra-natural\/","title":{"rendered":"L\u00e1mpara de sobremesa de fibra natural"},"content":{"rendered":"<h2>Descripci\u00f3n<\/h2>\n<p id=\"tw-target-text\" class=\"tw-data-text tw-text-large tw-ta\" dir=\"ltr\" data-placeholder=\"Traducci\u00f3n\" data-ved=\"2ahUKEwjLm62HwMuNAxWyTaQEHRjnG3kQ3ewLegQICRAV\" aria-label=\"Texto traducido: L\u00e1mpara de sobremesa de fibra natural \u2013 Luz c\u00e1lida con encanto artesanal Esta l\u00e1mpara de sobremesa est\u00e1 hecha con fibra natural, aportando un toque c\u00e1lido y acogedor a cualquier rinc\u00f3n de tu casa. Su dise\u00f1o ligero y org\u00e1nico encaja a la perfecci\u00f3n en ambientes r\u00fasticos, mediterr\u00e1neos o de estilo boho, y es ideal para crear una luz suave y ambientadora en el sal\u00f3n, en el dormitorio o en cualquier espacio que quieras hacer m\u00e1s especial. Funciona con pilas, as\u00ed que no es necesario enchufe! La puedes colocar donde quieras sin preocuparte por cables ni conexiones el\u00e9ctricas. Perfecta para estanter\u00edas, mesitas auxiliares o como punto de luz decorativo en eventos y cenas al aire libre. Una prenda que ilumina con suavidad y a\u00f1ade alma a los espacios.\"><strong><span class=\"Y2IQFc\" lang=\"es\">L\u00e1mpara de sobremesa de fibra natural \u2013 Luz c\u00e1lida con encanto artesano<\/span><\/strong><\/p>\n<p class=\"tw-data-text tw-text-large tw-ta\" dir=\"ltr\" data-placeholder=\"Traducci\u00f3n\" data-ved=\"2ahUKEwjLm62HwMuNAxWyTaQEHRjnG3kQ3ewLegQICRAV\" aria-label=\"Texto traducido: L\u00e1mpara de sobremesa de fibra natural \u2013 Luz c\u00e1lida con encanto artesanal Esta l\u00e1mpara de sobremesa est\u00e1 hecha con fibra natural, aportando un toque c\u00e1lido y acogedor a cualquier rinc\u00f3n de tu casa. Su dise\u00f1o ligero y org\u00e1nico encaja a la perfecci\u00f3n en ambientes r\u00fasticos, mediterr\u00e1neos o de estilo boho, y es ideal para crear una luz suave y ambientadora en el sal\u00f3n, en el dormitorio o en cualquier espacio que quieras hacer m\u00e1s especial. Funciona con pilas, as\u00ed que no es necesario enchufe! La puedes colocar donde quieras sin preocuparte por cables ni conexiones el\u00e9ctricas. Perfecta para estanter\u00edas, mesitas auxiliares o como punto de luz decorativo en eventos y cenas al aire libre. Una prenda que ilumina con suavidad y a\u00f1ade alma a los espacios.\">Esta l\u00e1mpara de sobremesa est\u00e1 hecha con fibra natural, aportando un toque c\u00e1lido y acogedor a cualquier rinc\u00f3n de tu casa. Su dise\u00f1o ligero y org\u00e1nico encaja a la perfecci\u00f3n en ambientes r\u00fasticos, mediterr\u00e1neos o de estilo boho, y es ideal para crear una luz suave y ambientadora en el sal\u00f3n, en el dormitorio o en cualquier espacio que quieras hacer m\u00e1s especial.<\/p>\n<p class=\"tw-data-text tw-text-large tw-ta\" dir=\"ltr\" data-placeholder=\"Traducci\u00f3n\" data-ved=\"2ahUKEwjLm62HwMuNAxWyTaQEHRjnG3kQ3ewLegQICRAV\" aria-label=\"Texto traducido: L\u00e1mpara de sobremesa de fibra natural \u2013 Luz c\u00e1lida con encanto artesanal Esta l\u00e1mpara de sobremesa est\u00e1 hecha con fibra natural, aportando un toque c\u00e1lido y acogedor a cualquier rinc\u00f3n de tu casa. Su dise\u00f1o ligero y org\u00e1nico encaja a la perfecci\u00f3n en ambientes r\u00fasticos, mediterr\u00e1neos o de estilo boho, y es ideal para crear una luz suave y ambientadora en el sal\u00f3n, en el dormitorio o en cualquier espacio que quieras hacer m\u00e1s especial. Funciona con pilas, as\u00ed que no es necesario enchufe! La puedes colocar donde quieras sin preocuparte por cables ni conexiones el\u00e9ctricas. Perfecta para estanter\u00edas, mesitas auxiliares o como punto de luz decorativo en eventos y cenas al aire libre. Una prenda que ilumina con suavidad y a\u00f1ade alma a los espacios.\">Funciona con pilas, as\u00ed que no es necesario enchufe! La puedes colocar donde quieras sin preocuparte por cables ni conexiones el\u00e9ctricas. Perfecta para estanter\u00edas, mesitas auxiliares o como punto de luz decorativo en eventos y cenas al aire libre.<\/p>\n<p class=\"tw-data-text tw-text-large tw-ta\" dir=\"ltr\" data-placeholder=\"Traducci\u00f3n\" data-ved=\"2ahUKEwjLm62HwMuNAxWyTaQEHRjnG3kQ3ewLegQICRAV\" aria-label=\"Texto traducido: L\u00e1mpara de sobremesa de fibra natural \u2013 Luz c\u00e1lida con encanto artesanal Esta l\u00e1mpara de sobremesa est\u00e1 hecha con fibra natural, aportando un toque c\u00e1lido y acogedor a cualquier rinc\u00f3n de tu casa. Su dise\u00f1o ligero y org\u00e1nico encaja a la perfecci\u00f3n en ambientes r\u00fasticos, mediterr\u00e1neos o de estilo boho, y es ideal para crear una luz suave y ambientadora en el sal\u00f3n, en el dormitorio o en cualquier espacio que quieras hacer m\u00e1s especial. Funciona con pilas, as\u00ed que no es necesario enchufe! La puedes colocar donde quieras sin preocuparte por cables ni conexiones el\u00e9ctricas. Perfecta para estanter\u00edas, mesitas auxiliares o como punto de luz decorativo en eventos y cenas al aire libre. Una prenda que ilumina con suavidad y a\u00f1ade alma a los espacios.\">Una pieza que ilumina con suavidad y a\u00f1ade alma a los espacios.<\/p>\n<p>&nbsp;<\/p>\n","protected":false},"excerpt":{"rendered":"<p>Descripci\u00f3n L\u00e1mpara de sobremesa de fibra natural \u2013 Luz c\u00e1lida con encanto artesano Esta l\u00e1mpara de sobremesa est\u00e1 hecha con fibra natural, aportando un toque c\u00e1lido y acogedor a cualquier rinc\u00f3n de tu casa. Su dise\u00f1o ligero y org\u00e1nico encaja a la perfecci\u00f3n en ambientes r\u00fasticos, mediterr\u00e1neos o de estilo boho, y es ideal para [&hellip;]<\/p>\n","protected":false},"featured_media":18805,"template":"","meta":[],"product_cat":[138,609],"product_tag":[],"class_list":["post-18814","product","type-product","status-publish","has-post-thumbnail","hentry","product_cat-decoracion-complementos-y-regalos","product_cat-lamparas"],"yoast_head":"<!-- This site is optimized with the Yoast SEO plugin v21.5 - https:\/\/yoast.com\/wordpress\/plugins\/seo\/ -->\n<title>L\u00e1mpara de sobremesa de fibra natural - Fisandeco<\/title>\n<meta name=\"robots\" content=\"index, follow, max-snippet:-1, max-image-preview:large, max-video-preview:-1\" \/>\n<link rel=\"canonical\" href=\"https:\/\/restauraciofisandeco.com\/es\/producto\/lampara-de-sobremesa-de-fibra-natural\/\" \/>\n<meta property=\"og:locale\" content=\"es_ES\" \/>\n<meta property=\"og:type\" content=\"article\" \/>\n<meta property=\"og:title\" content=\"L\u00e1mpara de sobremesa de fibra natural - Fisandeco\" \/>\n<meta property=\"og:description\" content=\"Descripci\u00f3n L\u00e1mpara de sobremesa de fibra natural \u2013 Luz c\u00e1lida con encanto artesano Esta l\u00e1mpara de sobremesa est\u00e1 hecha con fibra natural, aportando un toque c\u00e1lido y acogedor a cualquier rinc\u00f3n de tu casa. Su dise\u00f1o ligero y org\u00e1nico encaja a la perfecci\u00f3n en ambientes r\u00fasticos, mediterr\u00e1neos o de estilo boho, y es ideal para [&hellip;]\" \/>\n<meta property=\"og:url\" content=\"https:\/\/restauraciofisandeco.com\/es\/producto\/lampara-de-sobremesa-de-fibra-natural\/\" \/>\n<meta property=\"og:site_name\" content=\"Fisandeco\" \/>\n<meta property=\"article:publisher\" content=\"https:\/\/es-es.facebook.com\/fisandeco\/\" \/>\n<meta property=\"article:modified_time\" content=\"2025-05-30T15:36:08+00:00\" \/>\n<meta property=\"og:image\" content=\"https:\/\/restauraciofisandeco.com\/wp-content\/uploads\/2025\/05\/1.png\" \/>\n\t<meta property=\"og:image:width\" content=\"1080\" \/>\n\t<meta property=\"og:image:height\" content=\"1080\" \/>\n\t<meta property=\"og:image:type\" content=\"image\/png\" \/>\n<meta name=\"twitter:card\" content=\"summary_large_image\" \/>\n<meta name=\"twitter:label1\" content=\"Tiempo de lectura\" \/>\n\t<meta name=\"twitter:data1\" content=\"1 minuto\" \/>\n<script type=\"application\/ld+json\" class=\"yoast-schema-graph\">{\"@context\":\"https:\/\/schema.org\",\"@graph\":[{\"@type\":\"WebPage\",\"@id\":\"https:\/\/restauraciofisandeco.com\/es\/producto\/lampara-de-sobremesa-de-fibra-natural\/\",\"url\":\"https:\/\/restauraciofisandeco.com\/es\/producto\/lampara-de-sobremesa-de-fibra-natural\/\",\"name\":\"L\u00e1mpara de sobremesa de fibra natural - Fisandeco\",\"isPartOf\":{\"@id\":\"https:\/\/restauraciofisandeco.com\/ca\/#website\"},\"datePublished\":\"2025-05-29T12:14:30+00:00\",\"dateModified\":\"2025-05-30T15:36:08+00:00\",\"breadcrumb\":{\"@id\":\"https:\/\/restauraciofisandeco.com\/es\/producto\/lampara-de-sobremesa-de-fibra-natural\/#breadcrumb\"},\"inLanguage\":\"es\",\"potentialAction\":[{\"@type\":\"ReadAction\",\"target\":[\"https:\/\/restauraciofisandeco.com\/es\/producto\/lampara-de-sobremesa-de-fibra-natural\/\"]}]},{\"@type\":\"BreadcrumbList\",\"@id\":\"https:\/\/restauraciofisandeco.com\/es\/producto\/lampara-de-sobremesa-de-fibra-natural\/#breadcrumb\",\"itemListElement\":[{\"@type\":\"ListItem\",\"position\":1,\"name\":\"Home\",\"item\":\"https:\/\/restauraciofisandeco.com\/es\/\"},{\"@type\":\"ListItem\",\"position\":2,\"name\":\"Tienda\",\"item\":\"https:\/\/restauraciofisandeco.com\/es\/shop\/\"},{\"@type\":\"ListItem\",\"position\":3,\"name\":\"L\u00e1mpara de sobremesa de fibra natural\"}]},{\"@type\":\"WebSite\",\"@id\":\"https:\/\/restauraciofisandeco.com\/ca\/#website\",\"url\":\"https:\/\/restauraciofisandeco.com\/ca\/\",\"name\":\"Fisandeco\",\"description\":\"\",\"publisher\":{\"@id\":\"https:\/\/restauraciofisandeco.com\/ca\/#organization\"},\"potentialAction\":[{\"@type\":\"SearchAction\",\"target\":{\"@type\":\"EntryPoint\",\"urlTemplate\":\"https:\/\/restauraciofisandeco.com\/ca\/?s={search_term_string}\"},\"query-input\":\"required name=search_term_string\"}],\"inLanguage\":\"es\"},{\"@type\":\"Organization\",\"@id\":\"https:\/\/restauraciofisandeco.com\/ca\/#organization\",\"name\":\"Fisandeco\",\"url\":\"https:\/\/restauraciofisandeco.com\/ca\/\",\"logo\":{\"@type\":\"ImageObject\",\"inLanguage\":\"es\",\"@id\":\"https:\/\/restauraciofisandeco.com\/ca\/#\/schema\/logo\/image\/\",\"url\":\"https:\/\/restauraciofisandeco.com\/wp-content\/uploads\/2023\/09\/logo.jpg\",\"contentUrl\":\"https:\/\/restauraciofisandeco.com\/wp-content\/uploads\/2023\/09\/logo.jpg\",\"width\":316,\"height\":316,\"caption\":\"Fisandeco\"},\"image\":{\"@id\":\"https:\/\/restauraciofisandeco.com\/ca\/#\/schema\/logo\/image\/\"},\"sameAs\":[\"https:\/\/es-es.facebook.com\/fisandeco\/\",\"https:\/\/www.instagram.com\/fisandeco\/\"]}]}<\/script>\n<!-- \/ Yoast SEO plugin. -->","yoast_head_json":{"title":"L\u00e1mpara de sobremesa de fibra natural - Fisandeco","robots":{"index":"index","follow":"follow","max-snippet":"max-snippet:-1","max-image-preview":"max-image-preview:large","max-video-preview":"max-video-preview:-1"},"canonical":"https:\/\/restauraciofisandeco.com\/es\/producto\/lampara-de-sobremesa-de-fibra-natural\/","og_locale":"es_ES","og_type":"article","og_title":"L\u00e1mpara de sobremesa de fibra natural - Fisandeco","og_description":"Descripci\u00f3n L\u00e1mpara de sobremesa de fibra natural \u2013 Luz c\u00e1lida con encanto artesano Esta l\u00e1mpara de sobremesa est\u00e1 hecha con fibra natural, aportando un toque c\u00e1lido y acogedor a cualquier rinc\u00f3n de tu casa. Su dise\u00f1o ligero y org\u00e1nico encaja a la perfecci\u00f3n en ambientes r\u00fasticos, mediterr\u00e1neos o de estilo boho, y es ideal para [&hellip;]","og_url":"https:\/\/restauraciofisandeco.com\/es\/producto\/lampara-de-sobremesa-de-fibra-natural\/","og_site_name":"Fisandeco","article_publisher":"https:\/\/es-es.facebook.com\/fisandeco\/","article_modified_time":"2025-05-30T15:36:08+00:00","og_image":[{"width":1080,"height":1080,"url":"https:\/\/restauraciofisandeco.com\/wp-content\/uploads\/2025\/05\/1.png","type":"image\/png"}],"twitter_card":"summary_large_image","twitter_misc":{"Tiempo de lectura":"1 minuto"},"schema":{"@context":"https:\/\/schema.org","@graph":[{"@type":"WebPage","@id":"https:\/\/restauraciofisandeco.com\/es\/producto\/lampara-de-sobremesa-de-fibra-natural\/","url":"https:\/\/restauraciofisandeco.com\/es\/producto\/lampara-de-sobremesa-de-fibra-natural\/","name":"L\u00e1mpara de sobremesa de fibra natural - Fisandeco","isPartOf":{"@id":"https:\/\/restauraciofisandeco.com\/ca\/#website"},"datePublished":"2025-05-29T12:14:30+00:00","dateModified":"2025-05-30T15:36:08+00:00","breadcrumb":{"@id":"https:\/\/restauraciofisandeco.com\/es\/producto\/lampara-de-sobremesa-de-fibra-natural\/#breadcrumb"},"inLanguage":"es","potentialAction":[{"@type":"ReadAction","target":["https:\/\/restauraciofisandeco.com\/es\/producto\/lampara-de-sobremesa-de-fibra-natural\/"]}]},{"@type":"BreadcrumbList","@id":"https:\/\/restauraciofisandeco.com\/es\/producto\/lampara-de-sobremesa-de-fibra-natural\/#breadcrumb","itemListElement":[{"@type":"ListItem","position":1,"name":"Home","item":"https:\/\/restauraciofisandeco.com\/es\/"},{"@type":"ListItem","position":2,"name":"Tienda","item":"https:\/\/restauraciofisandeco.com\/es\/shop\/"},{"@type":"ListItem","position":3,"name":"L\u00e1mpara de sobremesa de fibra natural"}]},{"@type":"WebSite","@id":"https:\/\/restauraciofisandeco.com\/ca\/#website","url":"https:\/\/restauraciofisandeco.com\/ca\/","name":"Fisandeco","description":"","publisher":{"@id":"https:\/\/restauraciofisandeco.com\/ca\/#organization"},"potentialAction":[{"@type":"SearchAction","target":{"@type":"EntryPoint","urlTemplate":"https:\/\/restauraciofisandeco.com\/ca\/?s={search_term_string}"},"query-input":"required name=search_term_string"}],"inLanguage":"es"},{"@type":"Organization","@id":"https:\/\/restauraciofisandeco.com\/ca\/#organization","name":"Fisandeco","url":"https:\/\/restauraciofisandeco.com\/ca\/","logo":{"@type":"ImageObject","inLanguage":"es","@id":"https:\/\/restauraciofisandeco.com\/ca\/#\/schema\/logo\/image\/","url":"https:\/\/restauraciofisandeco.com\/wp-content\/uploads\/2023\/09\/logo.jpg","contentUrl":"https:\/\/restauraciofisandeco.com\/wp-content\/uploads\/2023\/09\/logo.jpg","width":316,"height":316,"caption":"Fisandeco"},"image":{"@id":"https:\/\/restauraciofisandeco.com\/ca\/#\/schema\/logo\/image\/"},"sameAs":["https:\/\/es-es.facebook.com\/fisandeco\/","https:\/\/www.instagram.com\/fisandeco\/"]}]}},"_links":{"self":[{"href":"https:\/\/restauraciofisandeco.com\/es\/wp-json\/wp\/v2\/product\/18814","targetHints":{"allow":["GET"]}}],"collection":[{"href":"https:\/\/restauraciofisandeco.com\/es\/wp-json\/wp\/v2\/product"}],"about":[{"href":"https:\/\/restauraciofisandeco.com\/es\/wp-json\/wp\/v2\/types\/product"}],"version-history":[{"count":3,"href":"https:\/\/restauraciofisandeco.com\/es\/wp-json\/wp\/v2\/product\/18814\/revisions"}],"predecessor-version":[{"id":18818,"href":"https:\/\/restauraciofisandeco.com\/es\/wp-json\/wp\/v2\/product\/18814\/revisions\/18818"}],"wp:featuredmedia":[{"embeddable":true,"href":"https:\/\/restauraciofisandeco.com\/es\/wp-json\/wp\/v2\/media\/18805"}],"wp:attachment":[{"href":"https:\/\/restauraciofisandeco.com\/es\/wp-json\/wp\/v2\/media?parent=18814"}],"wp:term":[{"taxonomy":"product_cat","embeddable":true,"href":"https:\/\/restauraciofisandeco.com\/es\/wp-json\/wp\/v2\/product_cat?post=18814"},{"taxonomy":"product_tag","embeddable":true,"href":"https:\/\/restauraciofisandeco.com\/es\/wp-json\/wp\/v2\/product_tag?post=18814"}],"curies":[{"name":"wp","href":"https:\/\/api.w.org\/{rel}","templated":true}]}}