{"id":17356,"date":"2024-03-29T17:10:54","date_gmt":"2024-03-29T16:10:54","guid":{"rendered":"https:\/\/restauraciofisandeco.com\/product\/gerro-de-fusta\/"},"modified":"2024-03-29T17:49:18","modified_gmt":"2024-03-29T16:49:18","slug":"jarron-de-madera","status":"publish","type":"product","link":"https:\/\/restauraciofisandeco.com\/es\/producto\/jarron-de-madera\/","title":{"rendered":"Jarr\u00f3n de madera"},"content":{"rendered":"<h2>Descripci\u00f3n<\/h2>\n<p>Jarr\u00f3n hecho con aros de madera de distintas medidas. El ramo es de cardos naturales desecados.<\/p>\n","protected":false},"excerpt":{"rendered":"<p>Descripci\u00f3n Jarr\u00f3n hecho con aros de madera de distintas medidas. El ramo es de cardos naturales desecados.<\/p>\n","protected":false},"featured_media":17566,"template":"","meta":[],"product_cat":[138,615],"product_tag":[],"class_list":["post-17356","product","type-product","status-publish","has-post-thumbnail","hentry","product_cat-decoracion-complementos-y-regalos","product_cat-otros-complementos"],"yoast_head":"<!-- This site is optimized with the Yoast SEO plugin v21.5 - https:\/\/yoast.com\/wordpress\/plugins\/seo\/ -->\n<title>Jarr\u00f3n de madera - Fisandeco<\/title>\n<meta name=\"robots\" content=\"index, follow, max-snippet:-1, max-image-preview:large, max-video-preview:-1\" \/>\n<link rel=\"canonical\" href=\"https:\/\/restauraciofisandeco.com\/es\/producto\/jarron-de-madera\/\" \/>\n<meta property=\"og:locale\" content=\"es_ES\" \/>\n<meta property=\"og:type\" content=\"article\" \/>\n<meta property=\"og:title\" content=\"Jarr\u00f3n de madera - Fisandeco\" \/>\n<meta property=\"og:description\" content=\"Descripci\u00f3n Jarr\u00f3n hecho con aros de madera de distintas medidas. El ramo es de cardos naturales desecados.\" \/>\n<meta property=\"og:url\" content=\"https:\/\/restauraciofisandeco.com\/es\/producto\/jarron-de-madera\/\" \/>\n<meta property=\"og:site_name\" content=\"Fisandeco\" \/>\n<meta property=\"article:publisher\" content=\"https:\/\/es-es.facebook.com\/fisandeco\/\" \/>\n<meta property=\"article:modified_time\" content=\"2024-03-29T16:49:18+00:00\" \/>\n<meta property=\"og:image\" content=\"https:\/\/restauraciofisandeco.com\/wp-content\/uploads\/2024\/03\/IMG_20240326_111224.jpg\" \/>\n\t<meta property=\"og:image:width\" content=\"2244\" \/>\n\t<meta property=\"og:image:height\" content=\"3337\" \/>\n\t<meta property=\"og:image:type\" content=\"image\/jpeg\" \/>\n<meta name=\"twitter:card\" content=\"summary_large_image\" \/>\n<meta name=\"twitter:label1\" content=\"Tiempo de lectura\" \/>\n\t<meta name=\"twitter:data1\" content=\"1 minuto\" \/>\n<script type=\"application\/ld+json\" class=\"yoast-schema-graph\">{\"@context\":\"https:\/\/schema.org\",\"@graph\":[{\"@type\":\"WebPage\",\"@id\":\"https:\/\/restauraciofisandeco.com\/es\/producto\/jarron-de-madera\/\",\"url\":\"https:\/\/restauraciofisandeco.com\/es\/producto\/jarron-de-madera\/\",\"name\":\"Jarr\u00f3n de madera - Fisandeco\",\"isPartOf\":{\"@id\":\"https:\/\/restauraciofisandeco.com\/ca\/#website\"},\"datePublished\":\"2024-03-29T16:10:54+00:00\",\"dateModified\":\"2024-03-29T16:49:18+00:00\",\"breadcrumb\":{\"@id\":\"https:\/\/restauraciofisandeco.com\/es\/producto\/jarron-de-madera\/#breadcrumb\"},\"inLanguage\":\"es\",\"potentialAction\":[{\"@type\":\"ReadAction\",\"target\":[\"https:\/\/restauraciofisandeco.com\/es\/producto\/jarron-de-madera\/\"]}]},{\"@type\":\"BreadcrumbList\",\"@id\":\"https:\/\/restauraciofisandeco.com\/es\/producto\/jarron-de-madera\/#breadcrumb\",\"itemListElement\":[{\"@type\":\"ListItem\",\"position\":1,\"name\":\"Home\",\"item\":\"https:\/\/restauraciofisandeco.com\/es\/\"},{\"@type\":\"ListItem\",\"position\":2,\"name\":\"Tienda\",\"item\":\"https:\/\/restauraciofisandeco.com\/es\/shop\/\"},{\"@type\":\"ListItem\",\"position\":3,\"name\":\"Jarr\u00f3n de madera\"}]},{\"@type\":\"WebSite\",\"@id\":\"https:\/\/restauraciofisandeco.com\/ca\/#website\",\"url\":\"https:\/\/restauraciofisandeco.com\/ca\/\",\"name\":\"Fisandeco\",\"description\":\"\",\"publisher\":{\"@id\":\"https:\/\/restauraciofisandeco.com\/ca\/#organization\"},\"potentialAction\":[{\"@type\":\"SearchAction\",\"target\":{\"@type\":\"EntryPoint\",\"urlTemplate\":\"https:\/\/restauraciofisandeco.com\/ca\/?s={search_term_string}\"},\"query-input\":\"required name=search_term_string\"}],\"inLanguage\":\"es\"},{\"@type\":\"Organization\",\"@id\":\"https:\/\/restauraciofisandeco.com\/ca\/#organization\",\"name\":\"Fisandeco\",\"url\":\"https:\/\/restauraciofisandeco.com\/ca\/\",\"logo\":{\"@type\":\"ImageObject\",\"inLanguage\":\"es\",\"@id\":\"https:\/\/restauraciofisandeco.com\/ca\/#\/schema\/logo\/image\/\",\"url\":\"https:\/\/restauraciofisandeco.com\/wp-content\/uploads\/2023\/09\/logo.jpg\",\"contentUrl\":\"https:\/\/restauraciofisandeco.com\/wp-content\/uploads\/2023\/09\/logo.jpg\",\"width\":316,\"height\":316,\"caption\":\"Fisandeco\"},\"image\":{\"@id\":\"https:\/\/restauraciofisandeco.com\/ca\/#\/schema\/logo\/image\/\"},\"sameAs\":[\"https:\/\/es-es.facebook.com\/fisandeco\/\",\"https:\/\/www.instagram.com\/fisandeco\/\"]}]}<\/script>\n<!-- \/ Yoast SEO plugin. -->","yoast_head_json":{"title":"Jarr\u00f3n de madera - Fisandeco","robots":{"index":"index","follow":"follow","max-snippet":"max-snippet:-1","max-image-preview":"max-image-preview:large","max-video-preview":"max-video-preview:-1"},"canonical":"https:\/\/restauraciofisandeco.com\/es\/producto\/jarron-de-madera\/","og_locale":"es_ES","og_type":"article","og_title":"Jarr\u00f3n de madera - Fisandeco","og_description":"Descripci\u00f3n Jarr\u00f3n hecho con aros de madera de distintas medidas. El ramo es de cardos naturales desecados.","og_url":"https:\/\/restauraciofisandeco.com\/es\/producto\/jarron-de-madera\/","og_site_name":"Fisandeco","article_publisher":"https:\/\/es-es.facebook.com\/fisandeco\/","article_modified_time":"2024-03-29T16:49:18+00:00","og_image":[{"width":2244,"height":3337,"url":"https:\/\/restauraciofisandeco.com\/wp-content\/uploads\/2024\/03\/IMG_20240326_111224.jpg","type":"image\/jpeg"}],"twitter_card":"summary_large_image","twitter_misc":{"Tiempo de lectura":"1 minuto"},"schema":{"@context":"https:\/\/schema.org","@graph":[{"@type":"WebPage","@id":"https:\/\/restauraciofisandeco.com\/es\/producto\/jarron-de-madera\/","url":"https:\/\/restauraciofisandeco.com\/es\/producto\/jarron-de-madera\/","name":"Jarr\u00f3n de madera - Fisandeco","isPartOf":{"@id":"https:\/\/restauraciofisandeco.com\/ca\/#website"},"datePublished":"2024-03-29T16:10:54+00:00","dateModified":"2024-03-29T16:49:18+00:00","breadcrumb":{"@id":"https:\/\/restauraciofisandeco.com\/es\/producto\/jarron-de-madera\/#breadcrumb"},"inLanguage":"es","potentialAction":[{"@type":"ReadAction","target":["https:\/\/restauraciofisandeco.com\/es\/producto\/jarron-de-madera\/"]}]},{"@type":"BreadcrumbList","@id":"https:\/\/restauraciofisandeco.com\/es\/producto\/jarron-de-madera\/#breadcrumb","itemListElement":[{"@type":"ListItem","position":1,"name":"Home","item":"https:\/\/restauraciofisandeco.com\/es\/"},{"@type":"ListItem","position":2,"name":"Tienda","item":"https:\/\/restauraciofisandeco.com\/es\/shop\/"},{"@type":"ListItem","position":3,"name":"Jarr\u00f3n de madera"}]},{"@type":"WebSite","@id":"https:\/\/restauraciofisandeco.com\/ca\/#website","url":"https:\/\/restauraciofisandeco.com\/ca\/","name":"Fisandeco","description":"","publisher":{"@id":"https:\/\/restauraciofisandeco.com\/ca\/#organization"},"potentialAction":[{"@type":"SearchAction","target":{"@type":"EntryPoint","urlTemplate":"https:\/\/restauraciofisandeco.com\/ca\/?s={search_term_string}"},"query-input":"required name=search_term_string"}],"inLanguage":"es"},{"@type":"Organization","@id":"https:\/\/restauraciofisandeco.com\/ca\/#organization","name":"Fisandeco","url":"https:\/\/restauraciofisandeco.com\/ca\/","logo":{"@type":"ImageObject","inLanguage":"es","@id":"https:\/\/restauraciofisandeco.com\/ca\/#\/schema\/logo\/image\/","url":"https:\/\/restauraciofisandeco.com\/wp-content\/uploads\/2023\/09\/logo.jpg","contentUrl":"https:\/\/restauraciofisandeco.com\/wp-content\/uploads\/2023\/09\/logo.jpg","width":316,"height":316,"caption":"Fisandeco"},"image":{"@id":"https:\/\/restauraciofisandeco.com\/ca\/#\/schema\/logo\/image\/"},"sameAs":["https:\/\/es-es.facebook.com\/fisandeco\/","https:\/\/www.instagram.com\/fisandeco\/"]}]}},"_links":{"self":[{"href":"https:\/\/restauraciofisandeco.com\/es\/wp-json\/wp\/v2\/product\/17356","targetHints":{"allow":["GET"]}}],"collection":[{"href":"https:\/\/restauraciofisandeco.com\/es\/wp-json\/wp\/v2\/product"}],"about":[{"href":"https:\/\/restauraciofisandeco.com\/es\/wp-json\/wp\/v2\/types\/product"}],"version-history":[{"count":2,"href":"https:\/\/restauraciofisandeco.com\/es\/wp-json\/wp\/v2\/product\/17356\/revisions"}],"predecessor-version":[{"id":17357,"href":"https:\/\/restauraciofisandeco.com\/es\/wp-json\/wp\/v2\/product\/17356\/revisions\/17357"}],"wp:featuredmedia":[{"embeddable":true,"href":"https:\/\/restauraciofisandeco.com\/es\/wp-json\/wp\/v2\/media\/17566"}],"wp:attachment":[{"href":"https:\/\/restauraciofisandeco.com\/es\/wp-json\/wp\/v2\/media?parent=17356"}],"wp:term":[{"taxonomy":"product_cat","embeddable":true,"href":"https:\/\/restauraciofisandeco.com\/es\/wp-json\/wp\/v2\/product_cat?post=17356"},{"taxonomy":"product_tag","embeddable":true,"href":"https:\/\/restauraciofisandeco.com\/es\/wp-json\/wp\/v2\/product_tag?post=17356"}],"curies":[{"name":"wp","href":"https:\/\/api.w.org\/{rel}","templated":true}]}}