{"id":16961,"date":"2024-02-19T19:38:06","date_gmt":"2024-02-19T18:38:06","guid":{"rendered":"https:\/\/restauraciofisandeco.com\/?post_type=product&#038;p=16961"},"modified":"2024-05-10T19:09:11","modified_gmt":"2024-05-10T17:09:11","slug":"pantalon-12-meses","status":"publish","type":"product","link":"https:\/\/restauraciofisandeco.com\/es\/producto\/pantalon-12-meses\/","title":{"rendered":"Pantal\u00f3n 12 meses."},"content":{"rendered":"<h2>Descripci\u00f3n<\/h2>\n<p>Pantal\u00f3n de tela azul marino. Talla 12 meses.<\/p>\n<p>Para otras tallas y colores, contacta con nosotros.<\/p>\n","protected":false},"excerpt":{"rendered":"<p>Descripci\u00f3n Pantal\u00f3n de tela azul marino. Talla 12 meses. Para otras tallas y colores, contacta con nosotros.<\/p>\n","protected":false},"featured_media":17609,"template":"","meta":[],"product_cat":[635,139],"product_tag":[],"class_list":["post-16961","product","type-product","status-publish","has-post-thumbnail","hentry","product_cat-ropa","product_cat-ropa-y-complementos-infantiles-de-marca-propia"],"yoast_head":"<!-- This site is optimized with the Yoast SEO plugin v21.5 - https:\/\/yoast.com\/wordpress\/plugins\/seo\/ -->\n<title>Pantal\u00f3n 12 meses. - Fisandeco<\/title>\n<meta name=\"robots\" content=\"index, follow, max-snippet:-1, max-image-preview:large, max-video-preview:-1\" \/>\n<link rel=\"canonical\" href=\"https:\/\/restauraciofisandeco.com\/es\/producto\/pantalon-12-meses\/\" \/>\n<meta property=\"og:locale\" content=\"es_ES\" \/>\n<meta property=\"og:type\" content=\"article\" \/>\n<meta property=\"og:title\" content=\"Pantal\u00f3n 12 meses. - Fisandeco\" \/>\n<meta property=\"og:description\" content=\"Descripci\u00f3n Pantal\u00f3n de tela azul marino. Talla 12 meses. Para otras tallas y colores, contacta con nosotros.\" \/>\n<meta property=\"og:url\" content=\"https:\/\/restauraciofisandeco.com\/es\/producto\/pantalon-12-meses\/\" \/>\n<meta property=\"og:site_name\" content=\"Fisandeco\" \/>\n<meta property=\"article:publisher\" content=\"https:\/\/es-es.facebook.com\/fisandeco\/\" \/>\n<meta property=\"article:modified_time\" content=\"2024-05-10T17:09:11+00:00\" \/>\n<meta property=\"og:image\" content=\"https:\/\/restauraciofisandeco.com\/wp-content\/uploads\/2024\/02\/Copia-de-i-abans.quadrat-1.png\" \/>\n\t<meta property=\"og:image:width\" content=\"1080\" \/>\n\t<meta property=\"og:image:height\" content=\"1080\" \/>\n\t<meta property=\"og:image:type\" content=\"image\/png\" \/>\n<meta name=\"twitter:card\" content=\"summary_large_image\" \/>\n<meta name=\"twitter:label1\" content=\"Tiempo de lectura\" \/>\n\t<meta name=\"twitter:data1\" content=\"1 minuto\" \/>\n<script type=\"application\/ld+json\" class=\"yoast-schema-graph\">{\"@context\":\"https:\/\/schema.org\",\"@graph\":[{\"@type\":\"WebPage\",\"@id\":\"https:\/\/restauraciofisandeco.com\/es\/producto\/pantalon-12-meses\/\",\"url\":\"https:\/\/restauraciofisandeco.com\/es\/producto\/pantalon-12-meses\/\",\"name\":\"Pantal\u00f3n 12 meses. - Fisandeco\",\"isPartOf\":{\"@id\":\"https:\/\/restauraciofisandeco.com\/ca\/#website\"},\"datePublished\":\"2024-02-19T18:38:06+00:00\",\"dateModified\":\"2024-05-10T17:09:11+00:00\",\"breadcrumb\":{\"@id\":\"https:\/\/restauraciofisandeco.com\/es\/producto\/pantalon-12-meses\/#breadcrumb\"},\"inLanguage\":\"es\",\"potentialAction\":[{\"@type\":\"ReadAction\",\"target\":[\"https:\/\/restauraciofisandeco.com\/es\/producto\/pantalon-12-meses\/\"]}]},{\"@type\":\"BreadcrumbList\",\"@id\":\"https:\/\/restauraciofisandeco.com\/es\/producto\/pantalon-12-meses\/#breadcrumb\",\"itemListElement\":[{\"@type\":\"ListItem\",\"position\":1,\"name\":\"Home\",\"item\":\"https:\/\/restauraciofisandeco.com\/es\/\"},{\"@type\":\"ListItem\",\"position\":2,\"name\":\"Tienda\",\"item\":\"https:\/\/restauraciofisandeco.com\/es\/shop\/\"},{\"@type\":\"ListItem\",\"position\":3,\"name\":\"Pantal\u00f3n 12 meses.\"}]},{\"@type\":\"WebSite\",\"@id\":\"https:\/\/restauraciofisandeco.com\/ca\/#website\",\"url\":\"https:\/\/restauraciofisandeco.com\/ca\/\",\"name\":\"Fisandeco\",\"description\":\"\",\"publisher\":{\"@id\":\"https:\/\/restauraciofisandeco.com\/ca\/#organization\"},\"potentialAction\":[{\"@type\":\"SearchAction\",\"target\":{\"@type\":\"EntryPoint\",\"urlTemplate\":\"https:\/\/restauraciofisandeco.com\/ca\/?s={search_term_string}\"},\"query-input\":\"required name=search_term_string\"}],\"inLanguage\":\"es\"},{\"@type\":\"Organization\",\"@id\":\"https:\/\/restauraciofisandeco.com\/ca\/#organization\",\"name\":\"Fisandeco\",\"url\":\"https:\/\/restauraciofisandeco.com\/ca\/\",\"logo\":{\"@type\":\"ImageObject\",\"inLanguage\":\"es\",\"@id\":\"https:\/\/restauraciofisandeco.com\/ca\/#\/schema\/logo\/image\/\",\"url\":\"https:\/\/restauraciofisandeco.com\/wp-content\/uploads\/2023\/09\/logo.jpg\",\"contentUrl\":\"https:\/\/restauraciofisandeco.com\/wp-content\/uploads\/2023\/09\/logo.jpg\",\"width\":316,\"height\":316,\"caption\":\"Fisandeco\"},\"image\":{\"@id\":\"https:\/\/restauraciofisandeco.com\/ca\/#\/schema\/logo\/image\/\"},\"sameAs\":[\"https:\/\/es-es.facebook.com\/fisandeco\/\",\"https:\/\/www.instagram.com\/fisandeco\/\"]}]}<\/script>\n<!-- \/ Yoast SEO plugin. -->","yoast_head_json":{"title":"Pantal\u00f3n 12 meses. - Fisandeco","robots":{"index":"index","follow":"follow","max-snippet":"max-snippet:-1","max-image-preview":"max-image-preview:large","max-video-preview":"max-video-preview:-1"},"canonical":"https:\/\/restauraciofisandeco.com\/es\/producto\/pantalon-12-meses\/","og_locale":"es_ES","og_type":"article","og_title":"Pantal\u00f3n 12 meses. - Fisandeco","og_description":"Descripci\u00f3n Pantal\u00f3n de tela azul marino. Talla 12 meses. Para otras tallas y colores, contacta con nosotros.","og_url":"https:\/\/restauraciofisandeco.com\/es\/producto\/pantalon-12-meses\/","og_site_name":"Fisandeco","article_publisher":"https:\/\/es-es.facebook.com\/fisandeco\/","article_modified_time":"2024-05-10T17:09:11+00:00","og_image":[{"width":1080,"height":1080,"url":"https:\/\/restauraciofisandeco.com\/wp-content\/uploads\/2024\/02\/Copia-de-i-abans.quadrat-1.png","type":"image\/png"}],"twitter_card":"summary_large_image","twitter_misc":{"Tiempo de lectura":"1 minuto"},"schema":{"@context":"https:\/\/schema.org","@graph":[{"@type":"WebPage","@id":"https:\/\/restauraciofisandeco.com\/es\/producto\/pantalon-12-meses\/","url":"https:\/\/restauraciofisandeco.com\/es\/producto\/pantalon-12-meses\/","name":"Pantal\u00f3n 12 meses. - Fisandeco","isPartOf":{"@id":"https:\/\/restauraciofisandeco.com\/ca\/#website"},"datePublished":"2024-02-19T18:38:06+00:00","dateModified":"2024-05-10T17:09:11+00:00","breadcrumb":{"@id":"https:\/\/restauraciofisandeco.com\/es\/producto\/pantalon-12-meses\/#breadcrumb"},"inLanguage":"es","potentialAction":[{"@type":"ReadAction","target":["https:\/\/restauraciofisandeco.com\/es\/producto\/pantalon-12-meses\/"]}]},{"@type":"BreadcrumbList","@id":"https:\/\/restauraciofisandeco.com\/es\/producto\/pantalon-12-meses\/#breadcrumb","itemListElement":[{"@type":"ListItem","position":1,"name":"Home","item":"https:\/\/restauraciofisandeco.com\/es\/"},{"@type":"ListItem","position":2,"name":"Tienda","item":"https:\/\/restauraciofisandeco.com\/es\/shop\/"},{"@type":"ListItem","position":3,"name":"Pantal\u00f3n 12 meses."}]},{"@type":"WebSite","@id":"https:\/\/restauraciofisandeco.com\/ca\/#website","url":"https:\/\/restauraciofisandeco.com\/ca\/","name":"Fisandeco","description":"","publisher":{"@id":"https:\/\/restauraciofisandeco.com\/ca\/#organization"},"potentialAction":[{"@type":"SearchAction","target":{"@type":"EntryPoint","urlTemplate":"https:\/\/restauraciofisandeco.com\/ca\/?s={search_term_string}"},"query-input":"required name=search_term_string"}],"inLanguage":"es"},{"@type":"Organization","@id":"https:\/\/restauraciofisandeco.com\/ca\/#organization","name":"Fisandeco","url":"https:\/\/restauraciofisandeco.com\/ca\/","logo":{"@type":"ImageObject","inLanguage":"es","@id":"https:\/\/restauraciofisandeco.com\/ca\/#\/schema\/logo\/image\/","url":"https:\/\/restauraciofisandeco.com\/wp-content\/uploads\/2023\/09\/logo.jpg","contentUrl":"https:\/\/restauraciofisandeco.com\/wp-content\/uploads\/2023\/09\/logo.jpg","width":316,"height":316,"caption":"Fisandeco"},"image":{"@id":"https:\/\/restauraciofisandeco.com\/ca\/#\/schema\/logo\/image\/"},"sameAs":["https:\/\/es-es.facebook.com\/fisandeco\/","https:\/\/www.instagram.com\/fisandeco\/"]}]}},"_links":{"self":[{"href":"https:\/\/restauraciofisandeco.com\/es\/wp-json\/wp\/v2\/product\/16961","targetHints":{"allow":["GET"]}}],"collection":[{"href":"https:\/\/restauraciofisandeco.com\/es\/wp-json\/wp\/v2\/product"}],"about":[{"href":"https:\/\/restauraciofisandeco.com\/es\/wp-json\/wp\/v2\/types\/product"}],"version-history":[{"count":2,"href":"https:\/\/restauraciofisandeco.com\/es\/wp-json\/wp\/v2\/product\/16961\/revisions"}],"predecessor-version":[{"id":16998,"href":"https:\/\/restauraciofisandeco.com\/es\/wp-json\/wp\/v2\/product\/16961\/revisions\/16998"}],"wp:featuredmedia":[{"embeddable":true,"href":"https:\/\/restauraciofisandeco.com\/es\/wp-json\/wp\/v2\/media\/17609"}],"wp:attachment":[{"href":"https:\/\/restauraciofisandeco.com\/es\/wp-json\/wp\/v2\/media?parent=16961"}],"wp:term":[{"taxonomy":"product_cat","embeddable":true,"href":"https:\/\/restauraciofisandeco.com\/es\/wp-json\/wp\/v2\/product_cat?post=16961"},{"taxonomy":"product_tag","embeddable":true,"href":"https:\/\/restauraciofisandeco.com\/es\/wp-json\/wp\/v2\/product_tag?post=16961"}],"curies":[{"name":"wp","href":"https:\/\/api.w.org\/{rel}","templated":true}]}}