{"id":16147,"date":"2023-10-10T22:34:16","date_gmt":"2023-10-10T20:34:16","guid":{"rendered":"https:\/\/restauraciofisandeco.com\/?page_id=16147"},"modified":"2023-11-28T08:22:01","modified_gmt":"2023-11-28T07:22:01","slug":"declaracion-de-accesibilidad","status":"publish","type":"page","link":"https:\/\/restauraciofisandeco.com\/es\/declaracion-de-accesibilidad\/","title":{"rendered":"Declaraci\u00f3n de Accesibilidad"},"content":{"rendered":"<p><b>Serveis d\u2019Internet Javajan SL<\/b><span style=\"font-weight: 400;\">,\u00a0 se ha comprometido a hacer accesibles sus sitios web, de conformidad con el <\/span><a href=\"https:\/\/www.boe.es\/buscar\/act.php?id=BOE-A-2018-12699\" target=\"_blank\" rel=\"noopener noreferrer nofollow\"><b>Real Decreto 1112\/2018<\/b><\/a><span style=\"font-weight: 400;\">, de 7 de septiembre, sobre accesibilidad de los sitios web y aplicaciones para dispositivos m\u00f3viles, por la que se traspone al ordenamiento jur\u00eddico espa\u00f1ol la <\/span><a href=\"http:\/\/eur-lex.europa.eu\/legal-content\/ES\/TXT\/?uri=uriserv:OJ.L_.2016.327.01.0001.01.SPA&amp;toc=OJ:L:2016:327:FULL\" target=\"_blank\" rel=\"noopener noreferrer nofollow\"><span style=\"font-weight: 400;\">Directiva (UE) 2016\/2102 del Parlamento Europeo y del Consejo<\/span><\/a><span style=\"font-weight: 400;\">.<\/span><\/p>\n<p><span style=\"font-weight: 400;\">La presente declaraci\u00f3n de accesibilidad se aplica al web <\/span><a href=\"https:\/\/restauraciofisandeco.com\"><span style=\"font-weight: 400;\">https:\/\/restauraciofisandeco.com<\/span><\/a><span style=\"font-weight: 400;\">\u00a0<\/span><\/p>\n<p>&nbsp;<\/p>\n<p><strong>Situaci\u00f3n de cumplimiento<\/strong><\/p>\n<p><span style=\"font-weight: 400;\">Este sitio web es parcialmente<\/span><b> conforme<\/b><span style=\"font-weight: 400;\"> con el <\/span><a href=\"https:\/\/www.boe.es\/diario_boe\/txt.php?id=BOE-A-2018-12699\" target=\"_blank\" rel=\"noopener noreferrer nofollow\"><b>RD 1112\/2018<\/b><\/a><span style=\"font-weight: 400;\"> debido a las excepciones y a la falta de conformidad de los aspectos que se indican a continuaci\u00f3n.<\/span><\/p>\n<p>&nbsp;<\/p>\n<p><strong>Contenido no accesible<\/strong><\/p>\n<p><span style=\"font-weight: 400;\">El contenido que se recoge a continuaci\u00f3n no es accesible por lo siguiente:<\/span><\/p>\n<ol>\n<li style=\"font-weight: 400;\" aria-level=\"1\"><b>Falta de conformidad con el RD 1112\/2018<\/b>\n<ul>\n<li style=\"font-weight: 400;\" aria-level=\"2\"><span style=\"font-weight: 400;\">Debido a la automatizaci\u00f3n de algunas de las publicaciones podr\u00edan existir p\u00e1ginas con un incorrecto anidamiento de etiquetas HTML.<\/span><\/li>\n<li style=\"font-weight: 400;\" aria-level=\"2\"><span style=\"font-weight: 400;\">Existen documentos en formato PDF que no cumplen con la normativa.<\/span><\/li>\n<li style=\"font-weight: 400;\" aria-level=\"2\"><span style=\"font-weight: 400;\">Podr\u00edan existir fallos puntuales de edici\u00f3n en alguna p\u00e1gina web.<\/span><\/li>\n<\/ul>\n<\/li>\n<li style=\"font-weight: 400;\" aria-level=\"1\"><b>Carga desproporcionada<\/b>\n<ul>\n<li style=\"font-weight: 400;\" aria-level=\"2\"><span style=\"font-weight: 400;\">No aplica.<\/span><\/li>\n<\/ul>\n<\/li>\n<li style=\"font-weight: 400;\" aria-level=\"1\"><b>Contenido que no entra dentro del \u00e1mbito de la legislaci\u00f3n aplicable<\/b>\n<ul>\n<li style=\"font-weight: 400;\" aria-level=\"2\"><span style=\"font-weight: 400;\">Archivos ofim\u00e1ticos en PDF u otros formatos, as\u00ed como aplicaciones publicadas antes del 20 de septiembre de 2018 que no cumplan en su totalidad todos los requisitos de accesibilidad.<\/span><\/li>\n<li style=\"font-weight: 400;\" aria-level=\"2\"><span style=\"font-weight: 400;\">Contenidos multimedia en directo.<\/span><\/li>\n<li style=\"font-weight: 400;\" aria-level=\"2\"><span style=\"font-weight: 400;\">Contenido multimedia pregrabado publicado antes de la entrada en vigor del Real Decreto.<\/span><\/li>\n<li style=\"font-weight: 400;\" aria-level=\"2\"><span style=\"font-weight: 400;\">Servicios de mapa en l\u00ednea.<\/span><\/li>\n<\/ul>\n<\/li>\n<\/ol>\n<p>&nbsp;<\/p>\n<p><strong>Preparaci\u00f3n de la presente declaraci\u00f3n de accesibilidad<\/strong><\/p>\n<p><span style=\"font-weight: 400;\">La presente declaraci\u00f3n fue preparada el 23 de febrero de 2023 y est\u00e1 basada en los Informes de Accesibilidad Web del <\/span><a href=\"https:\/\/administracionelectronica.gob.es\/pae_Home\/pae_Estrategias\/pae_Accesibilidad.html\" target=\"_blank\" rel=\"noopener noreferrer nofollow\"><b>Observatorio de Accesibilidad<\/b><\/a><span style=\"font-weight: 400;\">.<\/span><\/p>\n<p><span style=\"font-weight: 400;\">La fecha de la \u00faltima revisi\u00f3n ha sido el 10 de octubre de 2023.<\/span><\/p>\n<p>&nbsp;<\/p>\n<p><strong>Observaciones y datos de contacto<\/strong><\/p>\n<p><span style=\"font-weight: 400;\">Puede realizar <\/span><b>comunicaciones<\/b><span style=\"font-weight: 400;\"> sobre requisitos de accesibilidad (art\u00edculo 10.2 del RD 1112\/2018) como por ejemplo:<\/span><\/p>\n<ul>\n<li style=\"font-weight: 400;\" aria-level=\"1\"><span style=\"font-weight: 400;\">informar sobre cualquier posible incumplimiento por parte de este sitio web<\/span><\/li>\n<li style=\"font-weight: 400;\" aria-level=\"1\"><span style=\"font-weight: 400;\">transmitir otras <\/span><b>dificultades de acceso<\/b><span style=\"font-weight: 400;\"> al contenido<\/span><\/li>\n<li style=\"font-weight: 400;\" aria-level=\"1\"><span style=\"font-weight: 400;\">formular cualquier otra <\/span><b>consulta o sugerencia de mejora<\/b><span style=\"font-weight: 400;\"> relativa a la accesibilidad del sitio web<\/span><\/li>\n<\/ul>\n<p><span style=\"font-weight: 400;\">a trav\u00e9s del correo electr\u00f3nico <\/span><a href=\"mailto:info@javajan.com\"><span style=\"font-weight: 400;\">info@javajan.com<\/span><\/a><span style=\"font-weight: 400;\"> indicando en el asunto el nombre de la p\u00e1gina.<\/span><\/p>\n<p>&nbsp;<\/p>\n<p><strong>Contenido opcional<\/strong><\/p>\n<p><span style=\"font-weight: 400;\">Este sitio web:<\/span><\/p>\n<ul>\n<li style=\"font-weight: 400;\" aria-level=\"1\"><span style=\"font-weight: 400;\">Se ha dise\u00f1ado adapt\u00e1ndose a los est\u00e1ndares y normativas vigentes en relaci\u00f3n a la accesibilidad, cumpliendo con los puntos de verificaci\u00f3n de prioridad 2 (AA) definidos en la especificaci\u00f3n de Pautas de Accesibilidad al Contenido en la Web (WCAG 2.1).<\/span><\/li>\n<li style=\"font-weight: 400;\" aria-level=\"1\"><span style=\"font-weight: 400;\">Cumple con los requisitos de la Norma <\/span><a href=\"https:\/\/administracionelectronica.gob.es\/pae_Home\/dam\/jcr:2352eaaf-2ee8-4501-a67b-bb682c6de934\/Norma_UNE-EN_301549.pdf\" target=\"_blank\" rel=\"noopener noreferrer nofollow\"><span style=\"font-weight: 400;\">UNE-EN 301549 v1.1.2:2015<\/span><\/a><span style=\"font-weight: 400;\">, considerando las excepciones del Real Decreto 1112\/2018.<\/span><\/li>\n<li style=\"font-weight: 400;\" aria-level=\"1\"><span style=\"font-weight: 400;\">Est\u00e1 dise\u00f1ado para su correcta visualizaci\u00f3n en dispositivos de escritorio, tablet y m\u00f3viles para una resoluci\u00f3n m\u00ednima de <\/span><b>1280&#215;1024<\/b><span style=\"font-weight: 400;\">.<\/span><\/li>\n<li style=\"font-weight: 400;\" aria-level=\"1\"><span style=\"font-weight: 400;\">Se ha realizado utilizando HTML5 como lenguaje de marcado y hojas de estilo CSS 3 para su dise\u00f1o.<\/span><\/li>\n<\/ul>\n","protected":false},"excerpt":{"rendered":"<p>Serveis d\u2019Internet Javajan SL,\u00a0 se ha comprometido a hacer accesibles sus sitios web, de conformidad con el Real Decreto 1112\/2018, de 7 de septiembre, sobre accesibilidad de los sitios web y aplicaciones para dispositivos m\u00f3viles, por la que se traspone al ordenamiento jur\u00eddico espa\u00f1ol la Directiva (UE) 2016\/2102 del Parlamento Europeo y del Consejo. La [&hellip;]<\/p>\n","protected":false},"author":1,"featured_media":0,"parent":0,"menu_order":0,"comment_status":"open","ping_status":"closed","template":"","meta":{"footnotes":""},"class_list":["post-16147","page","type-page","status-publish","hentry"],"yoast_head":"<!-- This site is optimized with the Yoast SEO plugin v21.5 - https:\/\/yoast.com\/wordpress\/plugins\/seo\/ -->\n<title>Declaraci\u00f3n de Accesibilidad - Fisandeco<\/title>\n<meta name=\"description\" content=\"P\u00e1gina de declaraci\u00f3n de accesibilidad - Fisandeco\" \/>\n<meta name=\"robots\" content=\"noindex, nofollow\" \/>\n<meta property=\"og:locale\" content=\"es_ES\" \/>\n<meta property=\"og:type\" content=\"article\" \/>\n<meta property=\"og:title\" content=\"Declaraci\u00f3n de Accesibilidad - Fisandeco\" \/>\n<meta property=\"og:description\" content=\"P\u00e1gina de declaraci\u00f3n de accesibilidad - Fisandeco\" \/>\n<meta property=\"og:url\" content=\"https:\/\/restauraciofisandeco.com\/es\/declaracion-de-accesibilidad\/\" \/>\n<meta property=\"og:site_name\" content=\"Fisandeco\" \/>\n<meta property=\"article:publisher\" content=\"https:\/\/es-es.facebook.com\/fisandeco\/\" \/>\n<meta property=\"article:modified_time\" content=\"2023-11-28T07:22:01+00:00\" \/>\n<meta name=\"twitter:card\" content=\"summary_large_image\" \/>\n<meta name=\"twitter:label1\" content=\"Tiempo de lectura\" \/>\n\t<meta name=\"twitter:data1\" content=\"2 minutos\" \/>\n<script type=\"application\/ld+json\" class=\"yoast-schema-graph\">{\"@context\":\"https:\/\/schema.org\",\"@graph\":[{\"@type\":\"WebPage\",\"@id\":\"https:\/\/restauraciofisandeco.com\/es\/declaracion-de-accesibilidad\/\",\"url\":\"https:\/\/restauraciofisandeco.com\/es\/declaracion-de-accesibilidad\/\",\"name\":\"Declaraci\u00f3n de Accesibilidad - Fisandeco\",\"isPartOf\":{\"@id\":\"https:\/\/restauraciofisandeco.com\/ca\/#website\"},\"datePublished\":\"2023-10-10T20:34:16+00:00\",\"dateModified\":\"2023-11-28T07:22:01+00:00\",\"description\":\"P\u00e1gina de declaraci\u00f3n de accesibilidad - Fisandeco\",\"breadcrumb\":{\"@id\":\"https:\/\/restauraciofisandeco.com\/es\/declaracion-de-accesibilidad\/#breadcrumb\"},\"inLanguage\":\"es\",\"potentialAction\":[{\"@type\":\"ReadAction\",\"target\":[\"https:\/\/restauraciofisandeco.com\/es\/declaracion-de-accesibilidad\/\"]}]},{\"@type\":\"BreadcrumbList\",\"@id\":\"https:\/\/restauraciofisandeco.com\/es\/declaracion-de-accesibilidad\/#breadcrumb\",\"itemListElement\":[{\"@type\":\"ListItem\",\"position\":1,\"name\":\"Home\",\"item\":\"https:\/\/restauraciofisandeco.com\/es\/\"},{\"@type\":\"ListItem\",\"position\":2,\"name\":\"Declaraci\u00f3n de Accesibilidad\"}]},{\"@type\":\"WebSite\",\"@id\":\"https:\/\/restauraciofisandeco.com\/ca\/#website\",\"url\":\"https:\/\/restauraciofisandeco.com\/ca\/\",\"name\":\"Fisandeco\",\"description\":\"\",\"publisher\":{\"@id\":\"https:\/\/restauraciofisandeco.com\/ca\/#organization\"},\"potentialAction\":[{\"@type\":\"SearchAction\",\"target\":{\"@type\":\"EntryPoint\",\"urlTemplate\":\"https:\/\/restauraciofisandeco.com\/ca\/?s={search_term_string}\"},\"query-input\":\"required name=search_term_string\"}],\"inLanguage\":\"es\"},{\"@type\":\"Organization\",\"@id\":\"https:\/\/restauraciofisandeco.com\/ca\/#organization\",\"name\":\"Fisandeco\",\"url\":\"https:\/\/restauraciofisandeco.com\/ca\/\",\"logo\":{\"@type\":\"ImageObject\",\"inLanguage\":\"es\",\"@id\":\"https:\/\/restauraciofisandeco.com\/ca\/#\/schema\/logo\/image\/\",\"url\":\"https:\/\/restauraciofisandeco.com\/wp-content\/uploads\/2023\/09\/logo.jpg\",\"contentUrl\":\"https:\/\/restauraciofisandeco.com\/wp-content\/uploads\/2023\/09\/logo.jpg\",\"width\":316,\"height\":316,\"caption\":\"Fisandeco\"},\"image\":{\"@id\":\"https:\/\/restauraciofisandeco.com\/ca\/#\/schema\/logo\/image\/\"},\"sameAs\":[\"https:\/\/es-es.facebook.com\/fisandeco\/\",\"https:\/\/www.instagram.com\/fisandeco\/\"]}]}<\/script>\n<!-- \/ Yoast SEO plugin. -->","yoast_head_json":{"title":"Declaraci\u00f3n de Accesibilidad - Fisandeco","description":"P\u00e1gina de declaraci\u00f3n de accesibilidad - Fisandeco","robots":{"index":"noindex","follow":"nofollow"},"og_locale":"es_ES","og_type":"article","og_title":"Declaraci\u00f3n de Accesibilidad - Fisandeco","og_description":"P\u00e1gina de declaraci\u00f3n de accesibilidad - Fisandeco","og_url":"https:\/\/restauraciofisandeco.com\/es\/declaracion-de-accesibilidad\/","og_site_name":"Fisandeco","article_publisher":"https:\/\/es-es.facebook.com\/fisandeco\/","article_modified_time":"2023-11-28T07:22:01+00:00","twitter_card":"summary_large_image","twitter_misc":{"Tiempo de lectura":"2 minutos"},"schema":{"@context":"https:\/\/schema.org","@graph":[{"@type":"WebPage","@id":"https:\/\/restauraciofisandeco.com\/es\/declaracion-de-accesibilidad\/","url":"https:\/\/restauraciofisandeco.com\/es\/declaracion-de-accesibilidad\/","name":"Declaraci\u00f3n de Accesibilidad - Fisandeco","isPartOf":{"@id":"https:\/\/restauraciofisandeco.com\/ca\/#website"},"datePublished":"2023-10-10T20:34:16+00:00","dateModified":"2023-11-28T07:22:01+00:00","description":"P\u00e1gina de declaraci\u00f3n de accesibilidad - Fisandeco","breadcrumb":{"@id":"https:\/\/restauraciofisandeco.com\/es\/declaracion-de-accesibilidad\/#breadcrumb"},"inLanguage":"es","potentialAction":[{"@type":"ReadAction","target":["https:\/\/restauraciofisandeco.com\/es\/declaracion-de-accesibilidad\/"]}]},{"@type":"BreadcrumbList","@id":"https:\/\/restauraciofisandeco.com\/es\/declaracion-de-accesibilidad\/#breadcrumb","itemListElement":[{"@type":"ListItem","position":1,"name":"Home","item":"https:\/\/restauraciofisandeco.com\/es\/"},{"@type":"ListItem","position":2,"name":"Declaraci\u00f3n de Accesibilidad"}]},{"@type":"WebSite","@id":"https:\/\/restauraciofisandeco.com\/ca\/#website","url":"https:\/\/restauraciofisandeco.com\/ca\/","name":"Fisandeco","description":"","publisher":{"@id":"https:\/\/restauraciofisandeco.com\/ca\/#organization"},"potentialAction":[{"@type":"SearchAction","target":{"@type":"EntryPoint","urlTemplate":"https:\/\/restauraciofisandeco.com\/ca\/?s={search_term_string}"},"query-input":"required name=search_term_string"}],"inLanguage":"es"},{"@type":"Organization","@id":"https:\/\/restauraciofisandeco.com\/ca\/#organization","name":"Fisandeco","url":"https:\/\/restauraciofisandeco.com\/ca\/","logo":{"@type":"ImageObject","inLanguage":"es","@id":"https:\/\/restauraciofisandeco.com\/ca\/#\/schema\/logo\/image\/","url":"https:\/\/restauraciofisandeco.com\/wp-content\/uploads\/2023\/09\/logo.jpg","contentUrl":"https:\/\/restauraciofisandeco.com\/wp-content\/uploads\/2023\/09\/logo.jpg","width":316,"height":316,"caption":"Fisandeco"},"image":{"@id":"https:\/\/restauraciofisandeco.com\/ca\/#\/schema\/logo\/image\/"},"sameAs":["https:\/\/es-es.facebook.com\/fisandeco\/","https:\/\/www.instagram.com\/fisandeco\/"]}]}},"_links":{"self":[{"href":"https:\/\/restauraciofisandeco.com\/es\/wp-json\/wp\/v2\/pages\/16147","targetHints":{"allow":["GET"]}}],"collection":[{"href":"https:\/\/restauraciofisandeco.com\/es\/wp-json\/wp\/v2\/pages"}],"about":[{"href":"https:\/\/restauraciofisandeco.com\/es\/wp-json\/wp\/v2\/types\/page"}],"author":[{"embeddable":true,"href":"https:\/\/restauraciofisandeco.com\/es\/wp-json\/wp\/v2\/users\/1"}],"replies":[{"embeddable":true,"href":"https:\/\/restauraciofisandeco.com\/es\/wp-json\/wp\/v2\/comments?post=16147"}],"version-history":[{"count":1,"href":"https:\/\/restauraciofisandeco.com\/es\/wp-json\/wp\/v2\/pages\/16147\/revisions"}],"predecessor-version":[{"id":16148,"href":"https:\/\/restauraciofisandeco.com\/es\/wp-json\/wp\/v2\/pages\/16147\/revisions\/16148"}],"wp:attachment":[{"href":"https:\/\/restauraciofisandeco.com\/es\/wp-json\/wp\/v2\/media?parent=16147"}],"curies":[{"name":"wp","href":"https:\/\/api.w.org\/{rel}","templated":true}]}}