{"id":16094,"date":"2023-10-03T04:00:02","date_gmt":"2023-10-03T09:00:02","guid":{"rendered":"https:\/\/restauraciofisandeco.com\/?page_id=16094"},"modified":"2024-04-25T16:54:56","modified_gmt":"2024-04-25T14:54:56","slug":"talleres","status":"publish","type":"page","link":"https:\/\/restauraciofisandeco.com\/es\/talleres\/","title":{"rendered":"Talleres"},"content":{"rendered":"\t\t<div data-elementor-type=\"wp-page\" data-elementor-id=\"16094\" class=\"elementor elementor-16094\">\n\t\t\t\t\t\t\t\t\t<section class=\"elementor-section elementor-top-section elementor-element elementor-element-296bd47 elementor-section-boxed elementor-section-height-default elementor-section-height-default\" data-id=\"296bd47\" data-element_type=\"section\" data-settings=\"{&quot;jet_parallax_layout_list&quot;:[]}\">\n\t\t\t\t\t\t<div class=\"elementor-container elementor-column-gap-default\">\n\t\t\t\t\t<div class=\"elementor-column elementor-col-50 elementor-top-column elementor-element elementor-element-c1f0c6c\" data-id=\"c1f0c6c\" data-element_type=\"column\">\n\t\t\t<div class=\"elementor-widget-wrap elementor-element-populated\">\n\t\t\t\t\t\t\t\t<div class=\"elementor-element elementor-element-ee5d3bb elementor-widget elementor-widget-image\" data-id=\"ee5d3bb\" data-element_type=\"widget\" data-widget_type=\"image.default\">\n\t\t\t\t<div class=\"elementor-widget-container\">\n\t\t\t<style>\/*! elementor - v3.15.0 - 20-08-2023 *\/\n.elementor-widget-image{text-align:center}.elementor-widget-image a{display:inline-block}.elementor-widget-image a img[src$=\".svg\"]{width:48px}.elementor-widget-image img{vertical-align:middle;display:inline-block}<\/style>\t\t\t\t\t\t\t\t\t\t\t\t<img loading=\"lazy\" decoding=\"async\" width=\"768\" height=\"1024\" src=\"https:\/\/restauraciofisandeco.com\/wp-content\/uploads\/2023\/10\/IMG_20200629_112204-scaled-e1696323836701-768x1024.jpg\" class=\"attachment-large size-large wp-image-16096\" alt=\"\" srcset=\"https:\/\/restauraciofisandeco.com\/wp-content\/uploads\/2023\/10\/IMG_20200629_112204-scaled-e1696323836701-768x1024.jpg 768w, https:\/\/restauraciofisandeco.com\/wp-content\/uploads\/2023\/10\/IMG_20200629_112204-scaled-e1696323836701-225x300.jpg 225w, https:\/\/restauraciofisandeco.com\/wp-content\/uploads\/2023\/10\/IMG_20200629_112204-scaled-e1696323836701-1152x1536.jpg 1152w, https:\/\/restauraciofisandeco.com\/wp-content\/uploads\/2023\/10\/IMG_20200629_112204-scaled-e1696323836701-1536x2048.jpg 1536w, https:\/\/restauraciofisandeco.com\/wp-content\/uploads\/2023\/10\/IMG_20200629_112204-scaled-e1696323836701-651x868.jpg 651w, https:\/\/restauraciofisandeco.com\/wp-content\/uploads\/2023\/10\/IMG_20200629_112204-scaled-e1696323836701-600x800.jpg 600w, https:\/\/restauraciofisandeco.com\/wp-content\/uploads\/2023\/10\/IMG_20200629_112204-scaled-e1696323836701.jpg 1920w\" sizes=\"auto, (max-width: 768px) 100vw, 768px\" \/>\t\t\t\t\t\t\t\t\t\t\t\t\t\t\t<\/div>\n\t\t\t\t<\/div>\n\t\t\t\t\t<\/div>\n\t\t<\/div>\n\t\t\t\t<div class=\"elementor-column elementor-col-50 elementor-top-column elementor-element elementor-element-b34c5b9\" data-id=\"b34c5b9\" data-element_type=\"column\">\n\t\t\t<div class=\"elementor-widget-wrap elementor-element-populated\">\n\t\t\t\t\t\t\t\t<div class=\"elementor-element elementor-element-4913494 elementor-widget elementor-widget-text-editor\" data-id=\"4913494\" data-element_type=\"widget\" data-widget_type=\"text-editor.default\">\n\t\t\t\t<div class=\"elementor-widget-container\">\n\t\t\t<style>\/*! elementor - v3.15.0 - 20-08-2023 *\/\n.elementor-widget-text-editor.elementor-drop-cap-view-stacked .elementor-drop-cap{background-color:#69727d;color:#fff}.elementor-widget-text-editor.elementor-drop-cap-view-framed .elementor-drop-cap{color:#69727d;border:3px solid;background-color:transparent}.elementor-widget-text-editor:not(.elementor-drop-cap-view-default) .elementor-drop-cap{margin-top:8px}.elementor-widget-text-editor:not(.elementor-drop-cap-view-default) .elementor-drop-cap-letter{width:1em;height:1em}.elementor-widget-text-editor .elementor-drop-cap{float:left;text-align:center;line-height:1;font-size:50px}.elementor-widget-text-editor .elementor-drop-cap-letter{display:inline-block}<\/style>\t\t\t\t<p><span style=\"font-weight: 400;\">FISANDECO ofrece el servicio de talleres presencialesde restauraci\u00f3n de muebles, reciclaje, decoraci\u00f3n\u2026<\/span><\/p>\n<p><\/p>\n<p><b>El lugar:<\/b><\/p>\n<p><span style=\"font-weight: 400;\">FISANDECO TALLER\/TIENDA<\/span><\/p>\n<p><span style=\"font-weight: 400;\">AVENIDA PUIGMAL esquina PLAN DE LOS ESTUDIANTES<\/span><\/p>\n<p><span style=\"font-weight: 400;\">08560 Manlleu &#8211; Barcelona<\/span><\/p>\n<p><\/p>\n<p><b>El horario:<\/b><\/p>\n<p><span style=\"font-weight: 400;\">Ma\u00f1anas de lunes y martes de 10:00 a 12:00 h<\/span><\/p>\n<p><span style=\"font-weight: 400;\">Tardes de lunes a viernes de 16:00 a 20:00 h<\/span><\/p>\n<p><\/p>\n<p><span style=\"font-weight: 400;\">Son horarios flexibles, es decir, puedes venir el d\u00eda\/as que quieras y el rato que<\/span><\/p>\n<p><span style=\"font-weight: 400;\">quieras.<\/span><\/p>\n<p><\/p>\n<p><span style=\"font-weight: 400;\">El precio es de 12\u20ac\/hora e incluye el material b\u00e1sico.<\/span><\/p>\n<p><\/p>\n<p><span style=\"font-weight: 400;\">\u00a1CONT\u00c1CTANOS!<\/span><\/p>\t\t\t\t\t\t<\/div>\n\t\t\t\t<\/div>\n\t\t\t\t\t<\/div>\n\t\t<\/div>\n\t\t\t\t\t\t\t<\/div>\n\t\t<\/section>\n\t\t\t\t<section class=\"elementor-section elementor-top-section elementor-element elementor-element-77519a7 elementor-section-boxed elementor-section-height-default elementor-section-height-default\" data-id=\"77519a7\" data-element_type=\"section\" data-settings=\"{&quot;jet_parallax_layout_list&quot;:[]}\">\n\t\t\t\t\t\t<div class=\"elementor-container elementor-column-gap-default\">\n\t\t\t\t\t<div class=\"elementor-column elementor-col-100 elementor-top-column elementor-element elementor-element-bdafa26\" data-id=\"bdafa26\" data-element_type=\"column\">\n\t\t\t<div class=\"elementor-widget-wrap elementor-element-populated\">\n\t\t\t\t\t\t\t\t<div class=\"elementor-element elementor-element-dc7492c elementor-arrows-position-inside elementor-pagination-position-outside elementor-widget elementor-widget-image-carousel\" data-id=\"dc7492c\" data-element_type=\"widget\" data-settings=\"{&quot;image_spacing_custom&quot;:{&quot;unit&quot;:&quot;px&quot;,&quot;size&quot;:7,&quot;sizes&quot;:[]},&quot;navigation&quot;:&quot;both&quot;,&quot;autoplay&quot;:&quot;yes&quot;,&quot;pause_on_hover&quot;:&quot;yes&quot;,&quot;pause_on_interaction&quot;:&quot;yes&quot;,&quot;autoplay_speed&quot;:5000,&quot;infinite&quot;:&quot;yes&quot;,&quot;speed&quot;:500,&quot;image_spacing_custom_tablet&quot;:{&quot;unit&quot;:&quot;px&quot;,&quot;size&quot;:&quot;&quot;,&quot;sizes&quot;:[]},&quot;image_spacing_custom_mobile&quot;:{&quot;unit&quot;:&quot;px&quot;,&quot;size&quot;:&quot;&quot;,&quot;sizes&quot;:[]}}\" data-widget_type=\"image-carousel.default\">\n\t\t\t\t<div class=\"elementor-widget-container\">\n\t\t\t<style>\/*! elementor - v3.15.0 - 20-08-2023 *\/\n.elementor-widget-image-carousel .swiper,.elementor-widget-image-carousel .swiper-container{position:static}.elementor-widget-image-carousel .swiper-container .swiper-slide figure,.elementor-widget-image-carousel .swiper .swiper-slide figure{line-height:inherit}.elementor-widget-image-carousel .swiper-slide{text-align:center}.elementor-image-carousel-wrapper:not(.swiper-container-initialized):not(.swiper-initialized) .swiper-slide{max-width:calc(100% \/ var(--e-image-carousel-slides-to-show, 3))}<\/style>\t\t<div class=\"elementor-image-carousel-wrapper swiper\" dir=\"ltr\">\n\t\t\t<div class=\"elementor-image-carousel swiper-wrapper\" aria-live=\"off\">\n\t\t\t\t\t\t\t\t<div class=\"swiper-slide\" role=\"group\" aria-roledescription=\"slide\" aria-label=\"1 de 7\"><figure class=\"swiper-slide-inner\"><img decoding=\"async\" class=\"swiper-slide-image\" src=\"https:\/\/restauraciofisandeco.com\/wp-content\/uploads\/elementor\/thumbs\/IMG_20200508_114254-scaled-qfp1mgyizpo7zk2x2welgv7qmefozlekgu75qqvjf8.jpg\" alt=\"IMG_20200508_114254\" \/><\/figure><\/div><div class=\"swiper-slide\" role=\"group\" aria-roledescription=\"slide\" aria-label=\"2 de 7\"><figure class=\"swiper-slide-inner\"><img decoding=\"async\" class=\"swiper-slide-image\" src=\"https:\/\/restauraciofisandeco.com\/wp-content\/uploads\/elementor\/thumbs\/20190129_192451-scaled-qfp1mgyizpo7zk2x2welgv7qmefozlekgu75qqvjf8.jpg\" alt=\"20190129_192451\" \/><\/figure><\/div><div class=\"swiper-slide\" role=\"group\" aria-roledescription=\"slide\" aria-label=\"3 de 7\"><figure class=\"swiper-slide-inner\"><img decoding=\"async\" class=\"swiper-slide-image\" src=\"https:\/\/restauraciofisandeco.com\/wp-content\/uploads\/elementor\/thumbs\/20190516_154643-scaled-qfp1mgyizpo7zk2x2welgv7qmefozlekgu75qqvjf8.jpg\" alt=\"20190516_154643\" \/><\/figure><\/div><div class=\"swiper-slide\" role=\"group\" aria-roledescription=\"slide\" aria-label=\"4 de 7\"><figure class=\"swiper-slide-inner\"><img decoding=\"async\" class=\"swiper-slide-image\" src=\"https:\/\/restauraciofisandeco.com\/wp-content\/uploads\/elementor\/thumbs\/IMG_7230-scaled-qfp1mgyizpo7zk2x2welgv7qmefozlekgu75qqvjf8.jpg\" alt=\"IMG_7230\" \/><\/figure><\/div><div class=\"swiper-slide\" role=\"group\" aria-roledescription=\"slide\" aria-label=\"5 de 7\"><figure class=\"swiper-slide-inner\"><img decoding=\"async\" class=\"swiper-slide-image\" src=\"https:\/\/restauraciofisandeco.com\/wp-content\/uploads\/elementor\/thumbs\/20180820_105848-scaled-e1696323868616-qfp1mhwd6jpib61jxet81cz77sb27aiasyun80u590.jpg\" alt=\"20180820_105848\" \/><\/figure><\/div><div class=\"swiper-slide\" role=\"group\" aria-roledescription=\"slide\" aria-label=\"6 de 7\"><figure class=\"swiper-slide-inner\"><img decoding=\"async\" class=\"swiper-slide-image\" src=\"https:\/\/restauraciofisandeco.com\/wp-content\/uploads\/elementor\/thumbs\/IMG-20230913-WA0006-qfp1mgyizpo7zk2x2welgv7qmefozlekgu75qqvjf8.jpg\" alt=\"IMG-20230913-WA0006\" \/><\/figure><\/div><div class=\"swiper-slide\" role=\"group\" aria-roledescription=\"slide\" aria-label=\"7 de 7\"><figure class=\"swiper-slide-inner\"><img decoding=\"async\" class=\"swiper-slide-image\" src=\"https:\/\/restauraciofisandeco.com\/wp-content\/uploads\/elementor\/thumbs\/20200227_111213-scaled-qfp1mgyizpo7zk2x2welgv7qmefozlekgu75qqvjf8.jpg\" alt=\"20200227_111213\" \/><\/figure><\/div>\t\t\t<\/div>\n\t\t\t\t\t\t\t\t\t\t\t\t<div class=\"elementor-swiper-button elementor-swiper-button-prev\" role=\"button\" tabindex=\"0\">\n\t\t\t\t\t\t<i aria-hidden=\"true\" class=\"eicon-chevron-left\"><\/i>\t\t\t\t\t<\/div>\n\t\t\t\t\t<div class=\"elementor-swiper-button elementor-swiper-button-next\" role=\"button\" tabindex=\"0\">\n\t\t\t\t\t\t<i aria-hidden=\"true\" class=\"eicon-chevron-right\"><\/i>\t\t\t\t\t<\/div>\n\t\t\t\t\n\t\t\t\t\t\t\t\t\t<div class=\"swiper-pagination\"><\/div>\n\t\t\t\t\t\t\t\t\t<\/div>\n\t\t\t\t<\/div>\n\t\t\t\t<\/div>\n\t\t\t\t\t<\/div>\n\t\t<\/div>\n\t\t\t\t\t\t\t<\/div>\n\t\t<\/section>\n\t\t\t\t\t\t\t<\/div>\n\t\t","protected":false},"excerpt":{"rendered":"<p>FISANDECO ofrece el servicio de talleres presencialesde restauraci\u00f3n de muebles, reciclaje, decoraci\u00f3n\u2026 El lugar: FISANDECO TALLER\/TIENDA AVENIDA PUIGMAL esquina PLAN DE LOS ESTUDIANTES 08560 Manlleu &#8211; Barcelona El horario: Ma\u00f1anas de lunes y martes de 10:00 a 12:00 h Tardes de lunes a viernes de 16:00 a 20:00 h Son horarios flexibles, es decir, puedes [&hellip;]<\/p>\n","protected":false},"author":1,"featured_media":0,"parent":0,"menu_order":0,"comment_status":"closed","ping_status":"closed","template":"","meta":{"footnotes":""},"class_list":["post-16094","page","type-page","status-publish","hentry"],"yoast_head":"<!-- This site is optimized with the Yoast SEO plugin v21.5 - https:\/\/yoast.com\/wordpress\/plugins\/seo\/ -->\n<title>Servicio \u00danico en Restauraci\u00f3n de Muebles<\/title>\n<meta name=\"description\" content=\"\u00bfMuebles desgastados? Nuestros especialistas en restauraci\u00f3n los devolver\u00e1n a la vida con un servicio personalizado y \u00fanico.\" \/>\n<meta name=\"robots\" content=\"index, follow, max-snippet:-1, max-image-preview:large, max-video-preview:-1\" \/>\n<link rel=\"canonical\" href=\"https:\/\/restauraciofisandeco.com\/ca\/tallers\/\" \/>\n<meta property=\"og:locale\" content=\"es_ES\" \/>\n<meta property=\"og:type\" content=\"article\" \/>\n<meta property=\"og:title\" content=\"Servicio \u00danico en Restauraci\u00f3n de Muebles\" \/>\n<meta property=\"og:description\" content=\"\u00bfMuebles desgastados? Nuestros especialistas en restauraci\u00f3n los devolver\u00e1n a la vida con un servicio personalizado y \u00fanico.\" \/>\n<meta property=\"og:url\" content=\"https:\/\/restauraciofisandeco.com\/ca\/tallers\/\" \/>\n<meta property=\"og:site_name\" content=\"Fisandeco\" \/>\n<meta property=\"article:publisher\" content=\"https:\/\/es-es.facebook.com\/fisandeco\/\" \/>\n<meta property=\"article:modified_time\" content=\"2024-04-25T14:54:56+00:00\" \/>\n<meta property=\"og:image\" content=\"https:\/\/restauraciofisandeco.com\/wp-content\/uploads\/2023\/10\/IMG_20200629_112204-scaled-e1696323836701-768x1024.jpg\" \/>\n<meta name=\"twitter:card\" content=\"summary_large_image\" \/>\n<meta name=\"twitter:label1\" content=\"Tiempo de lectura\" \/>\n\t<meta name=\"twitter:data1\" content=\"4 minutos\" \/>\n<script type=\"application\/ld+json\" class=\"yoast-schema-graph\">{\"@context\":\"https:\/\/schema.org\",\"@graph\":[{\"@type\":\"WebPage\",\"@id\":\"https:\/\/restauraciofisandeco.com\/ca\/tallers\/\",\"url\":\"https:\/\/restauraciofisandeco.com\/ca\/tallers\/\",\"name\":\"Servicio \u00danico en Restauraci\u00f3n de Muebles\",\"isPartOf\":{\"@id\":\"https:\/\/restauraciofisandeco.com\/ca\/#website\"},\"datePublished\":\"2023-10-03T09:00:02+00:00\",\"dateModified\":\"2024-04-25T14:54:56+00:00\",\"description\":\"\u00bfMuebles desgastados? Nuestros especialistas en restauraci\u00f3n los devolver\u00e1n a la vida con un servicio personalizado y \u00fanico.\",\"breadcrumb\":{\"@id\":\"https:\/\/restauraciofisandeco.com\/ca\/tallers\/#breadcrumb\"},\"inLanguage\":\"es\",\"potentialAction\":[{\"@type\":\"ReadAction\",\"target\":[\"https:\/\/restauraciofisandeco.com\/ca\/tallers\/\"]}]},{\"@type\":\"BreadcrumbList\",\"@id\":\"https:\/\/restauraciofisandeco.com\/ca\/tallers\/#breadcrumb\",\"itemListElement\":[{\"@type\":\"ListItem\",\"position\":1,\"name\":\"Home\",\"item\":\"https:\/\/restauraciofisandeco.com\/es\/\"},{\"@type\":\"ListItem\",\"position\":2,\"name\":\"Talleres\"}]},{\"@type\":\"WebSite\",\"@id\":\"https:\/\/restauraciofisandeco.com\/ca\/#website\",\"url\":\"https:\/\/restauraciofisandeco.com\/ca\/\",\"name\":\"Fisandeco\",\"description\":\"\",\"publisher\":{\"@id\":\"https:\/\/restauraciofisandeco.com\/ca\/#organization\"},\"potentialAction\":[{\"@type\":\"SearchAction\",\"target\":{\"@type\":\"EntryPoint\",\"urlTemplate\":\"https:\/\/restauraciofisandeco.com\/ca\/?s={search_term_string}\"},\"query-input\":\"required name=search_term_string\"}],\"inLanguage\":\"es\"},{\"@type\":\"Organization\",\"@id\":\"https:\/\/restauraciofisandeco.com\/ca\/#organization\",\"name\":\"Fisandeco\",\"url\":\"https:\/\/restauraciofisandeco.com\/ca\/\",\"logo\":{\"@type\":\"ImageObject\",\"inLanguage\":\"es\",\"@id\":\"https:\/\/restauraciofisandeco.com\/ca\/#\/schema\/logo\/image\/\",\"url\":\"https:\/\/restauraciofisandeco.com\/wp-content\/uploads\/2023\/09\/logo.jpg\",\"contentUrl\":\"https:\/\/restauraciofisandeco.com\/wp-content\/uploads\/2023\/09\/logo.jpg\",\"width\":316,\"height\":316,\"caption\":\"Fisandeco\"},\"image\":{\"@id\":\"https:\/\/restauraciofisandeco.com\/ca\/#\/schema\/logo\/image\/\"},\"sameAs\":[\"https:\/\/es-es.facebook.com\/fisandeco\/\",\"https:\/\/www.instagram.com\/fisandeco\/\"]}]}<\/script>\n<!-- \/ Yoast SEO plugin. -->","yoast_head_json":{"title":"Servicio \u00danico en Restauraci\u00f3n de Muebles","description":"\u00bfMuebles desgastados? Nuestros especialistas en restauraci\u00f3n los devolver\u00e1n a la vida con un servicio personalizado y \u00fanico.","robots":{"index":"index","follow":"follow","max-snippet":"max-snippet:-1","max-image-preview":"max-image-preview:large","max-video-preview":"max-video-preview:-1"},"canonical":"https:\/\/restauraciofisandeco.com\/ca\/tallers\/","og_locale":"es_ES","og_type":"article","og_title":"Servicio \u00danico en Restauraci\u00f3n de Muebles","og_description":"\u00bfMuebles desgastados? Nuestros especialistas en restauraci\u00f3n los devolver\u00e1n a la vida con un servicio personalizado y \u00fanico.","og_url":"https:\/\/restauraciofisandeco.com\/ca\/tallers\/","og_site_name":"Fisandeco","article_publisher":"https:\/\/es-es.facebook.com\/fisandeco\/","article_modified_time":"2024-04-25T14:54:56+00:00","og_image":[{"url":"https:\/\/restauraciofisandeco.com\/wp-content\/uploads\/2023\/10\/IMG_20200629_112204-scaled-e1696323836701-768x1024.jpg"}],"twitter_card":"summary_large_image","twitter_misc":{"Tiempo de lectura":"4 minutos"},"schema":{"@context":"https:\/\/schema.org","@graph":[{"@type":"WebPage","@id":"https:\/\/restauraciofisandeco.com\/ca\/tallers\/","url":"https:\/\/restauraciofisandeco.com\/ca\/tallers\/","name":"Servicio \u00danico en Restauraci\u00f3n de Muebles","isPartOf":{"@id":"https:\/\/restauraciofisandeco.com\/ca\/#website"},"datePublished":"2023-10-03T09:00:02+00:00","dateModified":"2024-04-25T14:54:56+00:00","description":"\u00bfMuebles desgastados? Nuestros especialistas en restauraci\u00f3n los devolver\u00e1n a la vida con un servicio personalizado y \u00fanico.","breadcrumb":{"@id":"https:\/\/restauraciofisandeco.com\/ca\/tallers\/#breadcrumb"},"inLanguage":"es","potentialAction":[{"@type":"ReadAction","target":["https:\/\/restauraciofisandeco.com\/ca\/tallers\/"]}]},{"@type":"BreadcrumbList","@id":"https:\/\/restauraciofisandeco.com\/ca\/tallers\/#breadcrumb","itemListElement":[{"@type":"ListItem","position":1,"name":"Home","item":"https:\/\/restauraciofisandeco.com\/es\/"},{"@type":"ListItem","position":2,"name":"Talleres"}]},{"@type":"WebSite","@id":"https:\/\/restauraciofisandeco.com\/ca\/#website","url":"https:\/\/restauraciofisandeco.com\/ca\/","name":"Fisandeco","description":"","publisher":{"@id":"https:\/\/restauraciofisandeco.com\/ca\/#organization"},"potentialAction":[{"@type":"SearchAction","target":{"@type":"EntryPoint","urlTemplate":"https:\/\/restauraciofisandeco.com\/ca\/?s={search_term_string}"},"query-input":"required name=search_term_string"}],"inLanguage":"es"},{"@type":"Organization","@id":"https:\/\/restauraciofisandeco.com\/ca\/#organization","name":"Fisandeco","url":"https:\/\/restauraciofisandeco.com\/ca\/","logo":{"@type":"ImageObject","inLanguage":"es","@id":"https:\/\/restauraciofisandeco.com\/ca\/#\/schema\/logo\/image\/","url":"https:\/\/restauraciofisandeco.com\/wp-content\/uploads\/2023\/09\/logo.jpg","contentUrl":"https:\/\/restauraciofisandeco.com\/wp-content\/uploads\/2023\/09\/logo.jpg","width":316,"height":316,"caption":"Fisandeco"},"image":{"@id":"https:\/\/restauraciofisandeco.com\/ca\/#\/schema\/logo\/image\/"},"sameAs":["https:\/\/es-es.facebook.com\/fisandeco\/","https:\/\/www.instagram.com\/fisandeco\/"]}]}},"_links":{"self":[{"href":"https:\/\/restauraciofisandeco.com\/es\/wp-json\/wp\/v2\/pages\/16094","targetHints":{"allow":["GET"]}}],"collection":[{"href":"https:\/\/restauraciofisandeco.com\/es\/wp-json\/wp\/v2\/pages"}],"about":[{"href":"https:\/\/restauraciofisandeco.com\/es\/wp-json\/wp\/v2\/types\/page"}],"author":[{"embeddable":true,"href":"https:\/\/restauraciofisandeco.com\/es\/wp-json\/wp\/v2\/users\/1"}],"replies":[{"embeddable":true,"href":"https:\/\/restauraciofisandeco.com\/es\/wp-json\/wp\/v2\/comments?post=16094"}],"version-history":[{"count":14,"href":"https:\/\/restauraciofisandeco.com\/es\/wp-json\/wp\/v2\/pages\/16094\/revisions"}],"predecessor-version":[{"id":17588,"href":"https:\/\/restauraciofisandeco.com\/es\/wp-json\/wp\/v2\/pages\/16094\/revisions\/17588"}],"wp:attachment":[{"href":"https:\/\/restauraciofisandeco.com\/es\/wp-json\/wp\/v2\/media?parent=16094"}],"curies":[{"name":"wp","href":"https:\/\/api.w.org\/{rel}","templated":true}]}}