{"id":15872,"date":"2023-08-21T13:10:03","date_gmt":"2023-08-21T11:10:03","guid":{"rendered":"https:\/\/restauraciofisandeco.com\/?page_id=15872"},"modified":"2023-11-28T08:20:47","modified_gmt":"2023-11-28T07:20:47","slug":"condiciones-generales-de-compra","status":"publish","type":"page","link":"https:\/\/restauraciofisandeco.com\/es\/condiciones-generales-de-compra\/","title":{"rendered":"Condiciones generales de compra"},"content":{"rendered":"<ol>\n<li><strong> PARTES Y ACEPTACI\u00d3N DE LAS CONDICIONES GENERALES DE COMPRA:\u00a0<\/strong><\/li>\n<\/ol>\n<p><span style=\"font-weight: 400;\">(en adelante tambi\u00e9n las Condiciones Generales o CGC):<\/span><\/p>\n<p><span style=\"font-weight: 400;\">De una parte, el proveedor de las entradas, <\/span><b>Fisandeco<\/b><span style=\"font-weight: 400;\">\u00a0(en adelante tambi\u00e9n el prestador), con domicilio social en <\/span><b>Direcci\u00f3n postal<\/b><span style=\"font-weight: 400;\">, <\/span><b>CIF\/NIF<\/b><span style=\"font-weight: 400;\">, tel\u00e9fono de atenci\u00f3n al cliente <\/span><b>XXXXX<\/b><span style=\"font-weight: 400;\">, y e-mail: <\/span><a href=\"mailto:info@restauraciofisandeco.com\"><b>info@restauraciofisandeco.com<\/b><\/a><span style=\"font-weight: 400;\">, expone el documento contractual que regir\u00e1 (especificar compra o servicio) a trav\u00e9s del presente sitio web.\u00a0<\/span><\/p>\n<p><span style=\"font-weight: 400;\">Y de otra, el Usuario \u2013 Cliente (en adelante el Usuario), sobre cuyos datos proporcionados tiene responsabilidad plena de uso y custodia, siendo responsable de la veracidad de los datos personales facilitados al prestador.<\/span><\/p>\n<p><span style=\"font-weight: 400;\">AMBOS ACEPTAN el presente documento, y conlleva que el usuario:<\/span><\/p>\n<ol>\n<li style=\"font-weight: 400;\" aria-level=\"1\"><span style=\"font-weight: 400;\">Ha le\u00eddo, entiende y comprende lo aqu\u00ed expuesto.<\/span><\/li>\n<li style=\"font-weight: 400;\" aria-level=\"1\"><span style=\"font-weight: 400;\">Que es una persona mayor de edad y con capacidad suficiente para contratar.<\/span><\/li>\n<li style=\"font-weight: 400;\" aria-level=\"1\"><span style=\"font-weight: 400;\">Que asume todas las obligaciones aqu\u00ed dispuestas.<\/span><\/li>\n<li style=\"font-weight: 400;\" aria-level=\"1\"><span style=\"font-weight: 400;\">Que ha le\u00eddo y acepta las presentes condiciones generales de compra desde el momento que adquiera cualquier entrada ofertada.<\/span><\/li>\n<\/ol>\n<p><span style=\"font-weight: 400;\">Este documento puede ser impreso y almacenado por los Usuarios.\u00a0<\/span><\/p>\n<p><span style=\"font-weight: 400;\">El prestador pone a disposici\u00f3n de \u00e9stos la direcci\u00f3n de e-mail <a href=\"mailto:info@restauraciofisandeco.com\"><b>info@restauraciofisandeco.com<\/b><\/a><\/span><span style=\"font-weight: 400;\">\u00a0para que planteen cualquier duda acerca de estas condiciones.<\/span><\/p>\n<p><span style=\"font-weight: 400;\">Las presentes condiciones tendr\u00e1n un periodo de validez indefinido y ser\u00e1n aplicables a todas las compras realizadas a trav\u00e9s de <strong>https:\/\/www.restauraciofisandeco.com\/<\/strong><\/span><span style=\"font-weight: 400;\">.<\/span><\/p>\n<p><span style=\"font-weight: 400;\">El prestador se reserva el derecho de modificar unilateralmente dichas Condiciones Generales, sin que ello pueda afectar a lo que fuera adquirido previamente a la modificaci\u00f3n, con el fin de mejorar los servicios ofrecidos. En todo caso, antes de comprar las entradas han de consultarse estas condiciones generales.<\/span><\/p>\n<p>&nbsp;<\/p>\n<p><b>Fisandeco<\/b><span style=\"font-weight: 400;\">\u00a0no se hace responsable de las consecuencias que pudieran resultar de una utilizaci\u00f3n inadecuada de los productos o servicios a la venta en la web.<\/span><\/p>\n<p><span style=\"font-weight: 400;\">El usuario renuncia a reclamar cualquier responsabilidad a <\/span><b>Fisandeco <\/b><span style=\"font-weight: 400;\">por cualquier concepto en cualquier caso de insatisfacci\u00f3n de los servicios adquiridos en la presente web, as\u00ed como posibles fallos, lentitud de acceso o errores en el acceso a la web, incluy\u00e9ndose p\u00e9rdidas de datos u otro tipo de informaci\u00f3n que pudiera existir en el ordenador o red del usuario que acceda a la misma.<\/span><span style=\"font-weight: 400;\">\u00a0<\/span><\/p>\n<p>&nbsp;<\/p>\n<ol start=\"2\">\n<li><b> OBJETO DEL CONTRATO:<\/b><\/li>\n<\/ol>\n<p><span style=\"font-weight: 400;\"><em>2.1 \u00c1mbito de aplicaci\u00f3n:<\/em> El presente contrato tiene por objeto regular la relaci\u00f3n contractual de compra-venta nacida entre el prestador y el usuario en el momento en que \u00e9ste acepta estas condiciones de compra durante el proceso de contrataci\u00f3n online verificando la casilla correspondiente. Estas CGC se aplicar\u00e1n a partir del d\u00eda en que se realice la compra.<\/span><\/p>\n<p><span style=\"font-weight: 400;\">La relaci\u00f3n contractual de compraventa conlleva la entrega, a cambio de un precio determinado y p\u00fablicamente expuesto a trav\u00e9s del sitio web, de un servicio concreto.<\/span><\/p>\n<p><span style=\"font-weight: 400;\"><em>2.2 Territorio de aplicaci\u00f3n:<\/em> La compra de productos est\u00e1 activa para todo el mundo.\u00a0<\/span><\/p>\n<p><span style=\"font-weight: 400;\"><em>2.3 Capacidad para contratar:<\/em> Para poder realizar un pedido deber\u00e1 ser mayor de edad y tener capacidad para contratar.<\/span><\/p>\n<p><em><span style=\"font-weight: 400;\">\u00a0<\/span><\/em><span style=\"font-weight: 400;\"><em>2.4 Aceptaci\u00f3n del cliente:<\/em> La validaci\u00f3n de la compra a trav\u00e9s de la web se realiza por correo electr\u00f3nico e implica, asimismo, la aceptaci\u00f3n autom\u00e1tica de las CGC. Estas condiciones est\u00e1n disponibles en la web o, si lo desea y solicita, podemos ponerla a su disposici\u00f3n por correo electr\u00f3nico.<\/span><\/p>\n<p><em><span style=\"font-weight: 400;\">\u00a0<\/span><span style=\"font-weight: 400;\">2.5. Modificaci\u00f3n de las Condiciones Generales de Contrataci\u00f3n: <\/span><\/em><b>Fisandeco<\/b><span style=\"font-weight: 400;\">\u00a0se reserva el derecho a hacer cambios y\/o modificaciones en las presentes CGC. Aconsejamos a nuestros clientes que las revisen regularmente. En caso de que estos cambios o modificaciones se introdujeran una vez realizado un pedido, se aplicar\u00e1n las condiciones vigentes en la fecha en la que se efectu\u00f3 dicha compra.<\/span><\/p>\n<p>&nbsp;<\/p>\n<ol start=\"3\">\n<li><b> INFORMACI\u00d3N SUMINISTRADA EN LA WEB:<\/b><\/li>\n<\/ol>\n<p><span style=\"font-weight: 400;\">3.1 Publicaci\u00f3n de precios: Los precios son los mostrados en nuestra web.\u00a0<\/span><\/p>\n<p><span style=\"font-weight: 400;\">3.2 Informaci\u00f3n de la venta: La informaci\u00f3n que figura en nuestra publicidad, folletos, dem\u00e1s material escrito, en nuestra p\u00e1gina web o la facilitada a Ud. constituye una invitaci\u00f3n a hacer una compra. Los contenidos est\u00e1n en constante renovaci\u00f3n y actualizaci\u00f3n para ofrecer a nuestros clientes la informaci\u00f3n m\u00e1s completa y detallada posible. Todas las informaciones contractuales presentes en la web se muestran <\/span><b>en lengua espa\u00f1ola (castellano)<\/b><span style=\"font-weight: 400;\">.<\/span><\/p>\n<p><span style=\"font-weight: 400;\">3.3 Disponibilidad de productos: <\/span><span style=\"font-weight: 400;\">\u00bf<\/span><b>Se muestran y se pone agotado? \u00bfNo se muestran? \u00bfSe especifica el stock?<\/b><span style=\"font-weight: 400;\">\u00a0<\/span><\/p>\n<p><span style=\"font-weight: 400;\">3.4 Pedidos las 24h, todos los d\u00edas del a\u00f1o: El horario de gesti\u00f3n de la compra es de veinticuatro (24) horas los trescientos sesenta y cinco (365) d\u00edas del a\u00f1o. El horario de atenci\u00f3n al cliente est\u00e1 detallado en el apartado de contacto de la web.\u00a0<\/span><\/p>\n<p><span style=\"font-weight: 400;\">3.5 Fraude: Si <\/span><b>Fisandeco<\/b><span style=\"font-weight: 400;\">\u00a0sospecha o detecta alguna anomal\u00eda o fraude, se reserva el derecho de anular la transacci\u00f3n por motivos de seguridad.<\/span><\/p>\n<p>&nbsp;<\/p>\n<ol start=\"4\">\n<li><b> PROCEDIMIENTO DE COMPRA:<\/b><\/li>\n<\/ol>\n<p><span style=\"font-weight: 400;\">Se informa que de conformidad con lo exigido por el art. 27 de la Ley 34\/2002 de Servicios de la Sociedad de la Informaci\u00f3n y del Comercio Electr\u00f3nico, el procedimiento de contrataci\u00f3n seguir\u00e1 los siguientes pasos:<\/span><\/p>\n<p>Explicar de forma detallada el proceso de compra o reserva, con cuestiones como:<\/p>\n<ul>\n<li aria-level=\"1\">El usuario debe registrarse o no? En caso de registrarse, qu\u00e9 datos debe proporcionar?<\/li>\n<\/ul>\n<ul>\n<li aria-level=\"1\">Qu\u00e9 comunicaciones recibir\u00e1 el usuario despu\u00e9s de la compra?<\/li>\n<\/ul>\n<ul>\n<li aria-level=\"1\">Seguir\u00e1 el usuario recibiendo comunicaciones una vez hecha la entrega?<\/li>\n<\/ul>\n<ul>\n<li aria-level=\"1\">Metodolog\u00eda de pago<\/li>\n<\/ul>\n<ul>\n<li aria-level=\"1\">En qu\u00e9 momento se produce el pago?<\/li>\n<\/ul>\n<ul>\n<li aria-level=\"1\">Enumerar cada uno de los pasos de la compra<\/li>\n<\/ul>\n<ul>\n<li aria-level=\"1\">Qu\u00e9 cl\u00e1usulas tiene que aceptar el usuario? Normalmente, Cl\u00e1usulas Generales de Compra y la Pol\u00edtica de Privacidad<\/li>\n<\/ul>\n<p><span style=\"font-weight: 400;\">Ante cualquier duda puede contactar con nuestro servicio de Atenci\u00f3n al cliente a trav\u00e9s de cualquiera de los m\u00e9todos que se facilitan en la web.\u00a0\u00a0<\/span><\/p>\n<p><b>Fisandeco<\/b><span style=\"font-weight: 400;\"> proporcionar\u00e1 Atenci\u00f3n al Cliente de forma GRATUITA a trav\u00e9s de nuestro email de contacto <a href=\"mailto:info@restauraciofisandeco.com\"><b>info@restauraciofisandeco.com<\/b><\/a><\/span><span style=\"font-weight: 400;\">, si elige otro medio de comunicaci\u00f3n alternativo, el usuario es quien deber\u00e1 hacerse cargo del coste particular del mismo.\u00a0<\/span><\/p>\n<p><b>Fisandeco<\/b><span style=\"font-weight: 400;\">\u00a0pone a su disposici\u00f3n tel\u00e9fonos en Espa\u00f1a sujetos al coste de su operador de telefon\u00eda.<\/span><\/p>\n<p>&nbsp;<\/p>\n<ol start=\"5\">\n<li><b> ENTREGA<\/b><\/li>\n<\/ol>\n<p>Describir como se entregar\u00e1 la compra y plazos:<\/p>\n<ul>\n<li aria-level=\"1\">Plazos de env\u00edo<\/li>\n<\/ul>\n<ul>\n<li aria-level=\"1\">Gastos de env\u00edo (especificados, imaginamos, en el momento de la compra)<\/li>\n<\/ul>\n<ul>\n<li aria-level=\"1\">Comunicaciones e informaci\u00f3n que se le dar\u00e1 al usuario desde la compra hasta la entrega.<\/li>\n<\/ul>\n<ul>\n<li aria-level=\"1\">Responsabilidad en caso de p\u00e9rdida o robo. \u00bfSe hace responsable la emrpesa o no?<\/li>\n<\/ul>\n<ul>\n<li aria-level=\"1\">Condiciones de recogida (a domicilio, horario especificado o no, recogida en un punto, etc.).<\/li>\n<\/ul>\n<p><span style=\"font-weight: 400;\">\u00a0<\/span><\/p>\n<ol start=\"6\">\n<li><b> PRECIOS Y PLAZOS DE LA VALIDEZ DE LAS OFERTAS:\u00a0<\/b><\/li>\n<\/ol>\n<p><span style=\"font-weight: 400;\">Todos los precios expuestos en las entradas incluyen el IVA vigente en el momento de la compra. Todos los precios que constan en la web son v\u00e1lidos y se expresar\u00e1n en la moneda Euro (\u20ac).\u00a0<\/span><\/p>\n<p><span style=\"font-weight: 400;\">En los casos de promociones de duraci\u00f3n limitada, el descuento de la promoci\u00f3n se aplicar\u00e1 siempre y cuando el pedido haya sido registrado durante el per\u00edodo de promoci\u00f3n.\u00a0<\/span><\/p>\n<p><span style=\"font-weight: 400;\">\u00a0<\/span><span style=\"font-weight: 400;\">Los datos registrados por los diferentes m\u00e9todos de pago constituyen una prueba de la fecha en que se realizaron las transacciones financieras y servir\u00e1n para determinar si dicha compra est\u00e1 o no sujeta a promoci\u00f3n.<\/span><\/p>\n<p>&nbsp;<\/p>\n<ol start=\"7\">\n<li><b> FORMAS DE PAGO:<\/b><\/li>\n<\/ol>\n<ul>\n<li aria-level=\"1\">Describir metodolog\u00edas de pago y qu\u00e9 datos facilita el usuario en cada metodolog\u00eda (nombre, correo, tel\u00e9fono, n\u00famero de la tarjeta, usuario de Paypal\u2026)<\/li>\n<\/ul>\n<ul>\n<li aria-level=\"1\">Sistema de seguridad utilizado. Normalmente SSL (Secure Sockets Layer)<\/li>\n<\/ul>\n<p>&nbsp;<\/p>\n<ol start=\"8\">\n<li><b> POL\u00cdTICA DE CANCELACI\u00d3N, DEVOLUCI\u00d3N O CAMBIOS:<\/b><\/li>\n<\/ol>\n<p>Describir pol\u00edtica de empresa en este \u00e1mbito:<\/p>\n<ul>\n<li aria-level=\"1\">\u00bfSe puede cancelar un pedido o reserva?<\/li>\n<\/ul>\n<ul>\n<li aria-level=\"1\">\u00bfCu\u00e1nto tiempo tiene el usuario? \u00bfSe dicta una fecha concreta para la cancelaci\u00f3n por parte de la empresa?<\/li>\n<\/ul>\n<ul>\n<li aria-level=\"1\">\u00bfSe permite devoluci\u00f3n y \/ o cambio? \u00bfCu\u00e1l es la metodolog\u00eda para devolver o cambiar un producto? Explicar cada paso al detalle.<\/li>\n<\/ul>\n<p>&nbsp;<\/p>\n<ol start=\"9\">\n<li><b> REEMBOLSOS:<\/b><\/li>\n<\/ol>\n<p><span style=\"font-weight: 400;\">Cuando se produzca la devoluci\u00f3n, se va a devolver la cantidad pagada. El plazo para efectuar el reembolso ser\u00e1 como m\u00e1ximo <\/span><b>dentro de los 14 naturales<\/b><span style=\"font-weight: 400;\"> desde que se acept\u00f3 la devoluci\u00f3n y a trav\u00e9s del mismo medio en que se efectu\u00f3 la compra.<\/span><\/p>\n<p>&nbsp;<\/p>\n<ol start=\"10\">\n<li><b> NULIDAD E INEFICACIA DE LAS CL\u00c1USULAS:<\/b><\/li>\n<\/ol>\n<p><span style=\"font-weight: 400;\">Si cualquier cl\u00e1usula incluida en estas Condiciones Generales fuese declarada, total o parcialmente, nula o ineficaz, tal nulidad o ineficacia afectar\u00e1 tan solo a dicha disposici\u00f3n o a la parte de la misma que resulte nula o ineficaz, subsistiendo las Condiciones Generales en todo lo dem\u00e1s, teni\u00e9ndose tal disposici\u00f3n, o la parte de la misma que resultase afectada, por no puesta.<\/span><\/p>\n<p>&nbsp;<\/p>\n<ol start=\"11\">\n<li><b> RESOLUCI\u00d3N DE LITIGIOS EN L\u00cdNEA (ONLINE DISPUTE RESOLUTION):<\/b><\/li>\n<\/ol>\n<p><span style=\"font-weight: 400;\">Conforme al Art. 14.1 del Reglamento (UE) 524\/2013, la Comisi\u00f3n Europea facilita una plataforma de acceso gratuito para la resoluci\u00f3n de conflictos online entre el USUARIO y el PRESTADOR, sin necesidad de recurrir a los tribunales de justicia, mediante la intervenci\u00f3n de un tercero, llamado Organismo de resoluci\u00f3n de litigios, que act\u00faa de intermediario entre ambos. Este organismo es neutral y dialogar\u00e1 con ambas partes para lograr un acuerdo, pudiendo finalmente sugerir y\/o imponer una soluci\u00f3n al conflicto. Enlace a la plataforma ODR: <a href=\"http:\/\/ec.europa.eu\/consumers\/odr\/\" target=\"_blank\" rel=\"noopener noreferrer nofollow\">http:\/\/ec.europa.eu\/consumers\/odr\/<\/a>.<\/span><span style=\"font-weight: 400;\">\u00a0<\/span><\/p>\n<p>&nbsp;<\/p>\n<ol start=\"12\">\n<li><b> LEY APLICABLE Y JURISDICCI\u00d3N:<\/b><\/li>\n<\/ol>\n<p><span style=\"font-weight: 400;\">Estas condiciones se regir\u00e1n o interpretar\u00e1n conforme a la legislaci\u00f3n espa\u00f1ola en aquello que no est\u00e9 expresamente establecido. El prestador y el usuario, acuerdan someter cualquier controversia que pudiera suscitarse de la prestaci\u00f3n de los servicios objeto de \u00e9stas Condiciones, a los Juzgados y Tribunales del domicilio del usuario (si es considerado como consumidor a efectos del TRLGDCU).\u00a0<\/span><\/p>\n<p><span style=\"font-weight: 400;\">\u00a0<\/span><\/p>\n<ol start=\"13\">\n<li><b> NORMATIVA APLICABLE:<\/b><\/li>\n<\/ol>\n<p><span style=\"font-weight: 400;\">Las presentes Condiciones Generales est\u00e1n sujetas a lo dispuesto a:\u00a0<\/span><\/p>\n<p><span style=\"font-weight: 400;\">Normativa europea que regula el comercio electr\u00f3nico:<\/span><\/p>\n<p><span style=\"font-weight: 400;\">Directiva 97\/7\/CE relativa a la protecci\u00f3n de los consumidores en materia de contratos a distancia (Directiva de ventas a distancia);<\/span><\/p>\n<p><span style=\"font-weight: 400;\">Directiva 2000\/31\/CE relativa a determinados aspectos jur\u00eddicos de los servicios de la sociedad de la informaci\u00f3n, en particular el comercio electr\u00f3nico en el mercado interior (Directiva sobre el comercio electr\u00f3nico).<\/span><\/p>\n<p><span style=\"font-weight: 400;\">REGLAMENTO (UE) 2016\/679 DEL PARLAMENTO EUROPEO Y DEL CONSEJO de 27 de abril de 2016 relativo a la protecci\u00f3n de las personas f\u00edsicas en lo que respecta al tratamiento de datos personales y a la libre circulaci\u00f3n de estos datos y por el que se deroga la Directiva 95\/46\/CE (Reglamento General de Protecci\u00f3n de Datos)<\/span><\/p>\n<p><span style=\"font-weight: 400;\">Normativa espa\u00f1ola:<\/span><\/p>\n<p><span style=\"font-weight: 400;\">Ley 3\/2014, de 27 de marzo, por la que se modifica el texto refundido de la Ley General para la Defensa de los Consumidores y Usuarios.<\/span><\/p>\n<p><span style=\"font-weight: 400;\">Ley 7\/1998, de 13 de abril, sobre Condiciones Generales de Contrataci\u00f3n, y modificaciones posteriores,<\/span><\/p>\n<p><span style=\"font-weight: 400;\">Ley Org\u00e1nica 3\/2018, de 5 de diciembre, de Protecci\u00f3n de Datos de Car\u00e1cter Personal y Garant\u00eda de Derechos Digitales,\u00a0<\/span><\/p>\n<p><span style=\"font-weight: 400;\">Ley 34\/2002 de 11 de julio, de Servicios de la Sociedad de la Informaci\u00f3n y de Comercio Electr\u00f3nico y modificaciones posteriores.<\/span><\/p>\n<p><span style=\"font-weight: 400;\">Ley 39\/2015, de 1 de octubre, del Procedimiento Administrativo Com\u00fan de las Administraciones P\u00fablicas.<\/span><\/p>\n<p><span style=\"font-weight: 400;\">Real Decreto Legislativo 2\/2004, de 5 de marzo, por el que se aprueba el texto refundido de la Ley Reguladora de las Haciendas Locales.<\/span><\/p>\n<p><span style=\"font-weight: 400;\">Ley 19\/2013, de 9 de diciembre, de transparencia, acceso a la informaci\u00f3n p\u00fablica y buen gobierno.<\/span><\/p>\n<p><span style=\"font-weight: 400;\">\u00a0<\/span><\/p>\n<ol start=\"14\">\n<li><b> COMENTARIOS Y SUGERENCIAS:<\/b><\/li>\n<\/ol>\n<p><span style=\"font-weight: 400;\">Sus comentarios y sugerencias ser\u00e1n bien recibidos. Le rogamos que nos env\u00ede tales comentarios y sugerencias a trav\u00e9s de nuestro formulario de contacto, llamando al tel\u00e9fono de Atenci\u00f3n al Cliente <\/span><b>XXXXXXXX <\/b><span style=\"font-weight: 400;\">o a trav\u00e9s de nuestro email, listado arriba.<\/span><\/p>\n<p><span style=\"font-weight: 400;\">Adem\u00e1s, tenemos hojas oficiales de reclamaci\u00f3n a disposici\u00f3n de los consumidores y usuarios. Puede solicitarlas llamando al tel\u00e9fono de Atenci\u00f3n al Cliente <\/span><b>XXXXXXXX <\/b><span style=\"font-weight: 400;\">o a trav\u00e9s de nuestro email, listado arriba.<\/span><\/p>\n","protected":false},"excerpt":{"rendered":"<p>PARTES Y ACEPTACI\u00d3N DE LAS CONDICIONES GENERALES DE COMPRA:\u00a0 (en adelante tambi\u00e9n las Condiciones Generales o CGC): De una parte, el proveedor de las entradas, Fisandeco\u00a0(en adelante tambi\u00e9n el prestador), con domicilio social en Direcci\u00f3n postal, CIF\/NIF, tel\u00e9fono de atenci\u00f3n al cliente XXXXX, y e-mail: info@restauraciofisandeco.com, expone el documento contractual que regir\u00e1 (especificar compra o [&hellip;]<\/p>\n","protected":false},"author":1,"featured_media":0,"parent":0,"menu_order":0,"comment_status":"open","ping_status":"closed","template":"","meta":{"footnotes":""},"class_list":["post-15872","page","type-page","status-publish","hentry"],"yoast_head":"<!-- This site is optimized with the Yoast SEO plugin v21.5 - https:\/\/yoast.com\/wordpress\/plugins\/seo\/ -->\n<title>Condiciones generales de compra - Fisandeco<\/title>\n<meta name=\"description\" content=\"P\u00e1gina de condiciones generales de compra - Fisandeco\" \/>\n<meta name=\"robots\" content=\"noindex, nofollow\" \/>\n<meta property=\"og:locale\" content=\"es_ES\" \/>\n<meta property=\"og:type\" content=\"article\" \/>\n<meta property=\"og:title\" content=\"Condiciones generales de compra - Fisandeco\" \/>\n<meta property=\"og:description\" content=\"P\u00e1gina de condiciones generales de compra - Fisandeco\" \/>\n<meta property=\"og:url\" content=\"https:\/\/restauraciofisandeco.com\/es\/condiciones-generales-de-compra\/\" \/>\n<meta property=\"og:site_name\" content=\"Fisandeco\" \/>\n<meta property=\"article:publisher\" content=\"https:\/\/es-es.facebook.com\/fisandeco\/\" \/>\n<meta property=\"article:modified_time\" content=\"2023-11-28T07:20:47+00:00\" \/>\n<meta name=\"twitter:card\" content=\"summary_large_image\" \/>\n<meta name=\"twitter:label1\" content=\"Tiempo de lectura\" \/>\n\t<meta name=\"twitter:data1\" content=\"8 minutos\" \/>\n<script type=\"application\/ld+json\" class=\"yoast-schema-graph\">{\"@context\":\"https:\/\/schema.org\",\"@graph\":[{\"@type\":\"WebPage\",\"@id\":\"https:\/\/restauraciofisandeco.com\/es\/condiciones-generales-de-compra\/\",\"url\":\"https:\/\/restauraciofisandeco.com\/es\/condiciones-generales-de-compra\/\",\"name\":\"Condiciones generales de compra - Fisandeco\",\"isPartOf\":{\"@id\":\"https:\/\/restauraciofisandeco.com\/ca\/#website\"},\"datePublished\":\"2023-08-21T11:10:03+00:00\",\"dateModified\":\"2023-11-28T07:20:47+00:00\",\"description\":\"P\u00e1gina de condiciones generales de compra - Fisandeco\",\"breadcrumb\":{\"@id\":\"https:\/\/restauraciofisandeco.com\/es\/condiciones-generales-de-compra\/#breadcrumb\"},\"inLanguage\":\"es\",\"potentialAction\":[{\"@type\":\"ReadAction\",\"target\":[\"https:\/\/restauraciofisandeco.com\/es\/condiciones-generales-de-compra\/\"]}]},{\"@type\":\"BreadcrumbList\",\"@id\":\"https:\/\/restauraciofisandeco.com\/es\/condiciones-generales-de-compra\/#breadcrumb\",\"itemListElement\":[{\"@type\":\"ListItem\",\"position\":1,\"name\":\"Home\",\"item\":\"https:\/\/restauraciofisandeco.com\/es\/\"},{\"@type\":\"ListItem\",\"position\":2,\"name\":\"Condiciones generales de compra\"}]},{\"@type\":\"WebSite\",\"@id\":\"https:\/\/restauraciofisandeco.com\/ca\/#website\",\"url\":\"https:\/\/restauraciofisandeco.com\/ca\/\",\"name\":\"Fisandeco\",\"description\":\"\",\"publisher\":{\"@id\":\"https:\/\/restauraciofisandeco.com\/ca\/#organization\"},\"potentialAction\":[{\"@type\":\"SearchAction\",\"target\":{\"@type\":\"EntryPoint\",\"urlTemplate\":\"https:\/\/restauraciofisandeco.com\/ca\/?s={search_term_string}\"},\"query-input\":\"required name=search_term_string\"}],\"inLanguage\":\"es\"},{\"@type\":\"Organization\",\"@id\":\"https:\/\/restauraciofisandeco.com\/ca\/#organization\",\"name\":\"Fisandeco\",\"url\":\"https:\/\/restauraciofisandeco.com\/ca\/\",\"logo\":{\"@type\":\"ImageObject\",\"inLanguage\":\"es\",\"@id\":\"https:\/\/restauraciofisandeco.com\/ca\/#\/schema\/logo\/image\/\",\"url\":\"https:\/\/restauraciofisandeco.com\/wp-content\/uploads\/2023\/09\/logo.jpg\",\"contentUrl\":\"https:\/\/restauraciofisandeco.com\/wp-content\/uploads\/2023\/09\/logo.jpg\",\"width\":316,\"height\":316,\"caption\":\"Fisandeco\"},\"image\":{\"@id\":\"https:\/\/restauraciofisandeco.com\/ca\/#\/schema\/logo\/image\/\"},\"sameAs\":[\"https:\/\/es-es.facebook.com\/fisandeco\/\",\"https:\/\/www.instagram.com\/fisandeco\/\"]}]}<\/script>\n<!-- \/ Yoast SEO plugin. -->","yoast_head_json":{"title":"Condiciones generales de compra - Fisandeco","description":"P\u00e1gina de condiciones generales de compra - Fisandeco","robots":{"index":"noindex","follow":"nofollow"},"og_locale":"es_ES","og_type":"article","og_title":"Condiciones generales de compra - Fisandeco","og_description":"P\u00e1gina de condiciones generales de compra - Fisandeco","og_url":"https:\/\/restauraciofisandeco.com\/es\/condiciones-generales-de-compra\/","og_site_name":"Fisandeco","article_publisher":"https:\/\/es-es.facebook.com\/fisandeco\/","article_modified_time":"2023-11-28T07:20:47+00:00","twitter_card":"summary_large_image","twitter_misc":{"Tiempo de lectura":"8 minutos"},"schema":{"@context":"https:\/\/schema.org","@graph":[{"@type":"WebPage","@id":"https:\/\/restauraciofisandeco.com\/es\/condiciones-generales-de-compra\/","url":"https:\/\/restauraciofisandeco.com\/es\/condiciones-generales-de-compra\/","name":"Condiciones generales de compra - Fisandeco","isPartOf":{"@id":"https:\/\/restauraciofisandeco.com\/ca\/#website"},"datePublished":"2023-08-21T11:10:03+00:00","dateModified":"2023-11-28T07:20:47+00:00","description":"P\u00e1gina de condiciones generales de compra - Fisandeco","breadcrumb":{"@id":"https:\/\/restauraciofisandeco.com\/es\/condiciones-generales-de-compra\/#breadcrumb"},"inLanguage":"es","potentialAction":[{"@type":"ReadAction","target":["https:\/\/restauraciofisandeco.com\/es\/condiciones-generales-de-compra\/"]}]},{"@type":"BreadcrumbList","@id":"https:\/\/restauraciofisandeco.com\/es\/condiciones-generales-de-compra\/#breadcrumb","itemListElement":[{"@type":"ListItem","position":1,"name":"Home","item":"https:\/\/restauraciofisandeco.com\/es\/"},{"@type":"ListItem","position":2,"name":"Condiciones generales de compra"}]},{"@type":"WebSite","@id":"https:\/\/restauraciofisandeco.com\/ca\/#website","url":"https:\/\/restauraciofisandeco.com\/ca\/","name":"Fisandeco","description":"","publisher":{"@id":"https:\/\/restauraciofisandeco.com\/ca\/#organization"},"potentialAction":[{"@type":"SearchAction","target":{"@type":"EntryPoint","urlTemplate":"https:\/\/restauraciofisandeco.com\/ca\/?s={search_term_string}"},"query-input":"required name=search_term_string"}],"inLanguage":"es"},{"@type":"Organization","@id":"https:\/\/restauraciofisandeco.com\/ca\/#organization","name":"Fisandeco","url":"https:\/\/restauraciofisandeco.com\/ca\/","logo":{"@type":"ImageObject","inLanguage":"es","@id":"https:\/\/restauraciofisandeco.com\/ca\/#\/schema\/logo\/image\/","url":"https:\/\/restauraciofisandeco.com\/wp-content\/uploads\/2023\/09\/logo.jpg","contentUrl":"https:\/\/restauraciofisandeco.com\/wp-content\/uploads\/2023\/09\/logo.jpg","width":316,"height":316,"caption":"Fisandeco"},"image":{"@id":"https:\/\/restauraciofisandeco.com\/ca\/#\/schema\/logo\/image\/"},"sameAs":["https:\/\/es-es.facebook.com\/fisandeco\/","https:\/\/www.instagram.com\/fisandeco\/"]}]}},"_links":{"self":[{"href":"https:\/\/restauraciofisandeco.com\/es\/wp-json\/wp\/v2\/pages\/15872","targetHints":{"allow":["GET"]}}],"collection":[{"href":"https:\/\/restauraciofisandeco.com\/es\/wp-json\/wp\/v2\/pages"}],"about":[{"href":"https:\/\/restauraciofisandeco.com\/es\/wp-json\/wp\/v2\/types\/page"}],"author":[{"embeddable":true,"href":"https:\/\/restauraciofisandeco.com\/es\/wp-json\/wp\/v2\/users\/1"}],"replies":[{"embeddable":true,"href":"https:\/\/restauraciofisandeco.com\/es\/wp-json\/wp\/v2\/comments?post=15872"}],"version-history":[{"count":1,"href":"https:\/\/restauraciofisandeco.com\/es\/wp-json\/wp\/v2\/pages\/15872\/revisions"}],"predecessor-version":[{"id":15873,"href":"https:\/\/restauraciofisandeco.com\/es\/wp-json\/wp\/v2\/pages\/15872\/revisions\/15873"}],"wp:attachment":[{"href":"https:\/\/restauraciofisandeco.com\/es\/wp-json\/wp\/v2\/media?parent=15872"}],"curies":[{"name":"wp","href":"https:\/\/api.w.org\/{rel}","templated":true}]}}