{"id":15870,"date":"2023-08-21T12:40:29","date_gmt":"2023-08-21T10:40:29","guid":{"rendered":"https:\/\/restauraciofisandeco.com\/politica-de-privacitat\/"},"modified":"2023-11-28T08:23:54","modified_gmt":"2023-11-28T07:23:54","slug":"politica-de-privacidad","status":"publish","type":"page","link":"https:\/\/restauraciofisandeco.com\/es\/politica-de-privacidad\/","title":{"rendered":"Pol\u00edtica de privacidad"},"content":{"rendered":"<p><b>INTRODUCCI\u00d3N<\/b><\/p>\n<p><span style=\"font-weight: 400;\">\u00a0<\/span><span style=\"font-weight: 400;\">Su privacidad es importante para nosotros, as\u00ed que, mediante este documento, le explicamos qu\u00e9 datos recogemos de los usuarios, como los utilizamos y para qu\u00e9, entre otras indicaciones.\u00a0<\/span><\/p>\n<p><span style=\"font-weight: 400;\">\u00a0<\/span><span style=\"font-weight: 400;\">Para su informaci\u00f3n, nunca pediremos m\u00e1s informaci\u00f3n de la que realmente necesitaremos para los servicios requeridos; nunca la compartiremos con terceros, excepto por obligaci\u00f3n legal o con su autorizaci\u00f3n previa; y nunca utilizaremos sus datos para otra finalidad no indicada previamente.<\/span><\/p>\n<p><span style=\"font-weight: 400;\">\u00a0<\/span><span style=\"font-weight: 400;\">Como usuarios, deber\u00e1 leer atentamente esta Pol\u00edtica de privacidad de manera regular, y siempre que introduzca sus datos personales, ya que este documento puede sufrir modificaciones, ya que el prestador puede modificar cualquier tipo de informaci\u00f3n que pudiera aparecer en la web para cumplir con la normativa o actualizar la pol\u00edtica, y sin que exista la obligaci\u00f3n de preavisar o poner en conocimiento de los usuarios dichas obligaciones, siendo suficientes la publicaci\u00f3n en el sitio web del prestador.<\/span><\/p>\n<p><span style=\"font-weight: 400;\">\u00a0<\/span><\/p>\n<p><b>RESPONSABLE DEL TRATAMIENTO:<\/b><\/p>\n<p><span style=\"font-weight: 400;\">\u00a0<\/span><span style=\"font-weight: 400;\">Identidad: <\/span><b>XXXXXXXX<\/b><span style=\"font-weight: 400;\"> (tambi\u00e9n el prestador)<\/span><\/p>\n<p><span style=\"font-weight: 400;\">NIF: <\/span><b>XXXXXXXX<\/b><\/p>\n<p><span style=\"font-weight: 400;\">Direcci\u00f3n postal: <\/span><b>XXXXXXXX<\/b><\/p>\n<p><span style=\"font-weight: 400;\">Correo electr\u00f3nico: <\/span><b>XXXXXXXX<\/b><\/p>\n<p><span style=\"font-weight: 400;\">Delegado de Protecci\u00f3n de Datos: <\/span><b>XXXXXXXX<\/b><\/p>\n<p><span style=\"font-weight: 400;\">Contacto DPD: <\/span><b>XXXXXXXX<\/b><\/p>\n<p><span style=\"font-weight: 400;\">\u00a0<\/span><\/p>\n<p><b>Nombre de la empresa<\/b><span style=\"font-weight: 400;\">, como responsable del sitio web, de conformidad con lo dispuesto en el Reglamento (UE) 2016\/679 de 27 de abril de 2016 (RGPD) relativo a la protecci\u00f3n de las personas f\u00edsicas en lo que respecta al tratamiento de datos personales ya la libre circulaci\u00f3n de estos datos y dem\u00e1s normativa vigente en materia de protecci\u00f3n de datos personales, y por la Ley 34\/2002, de 11 de julio, de Servicios de la Sociedad de la Informaci\u00f3n y del Comercio Electr\u00f3nico (LSSICE), le informa que tiene implementadas las medidas de seguridad necesarias, de \u00edndole t\u00e9cnica y organizativas, para garantizar y proteger la confidencialidad, integridad y disponibilidad de los datos introducidos.<\/span><span style=\"font-weight: 400;\">\u00a0<\/span><\/p>\n<p><span style=\"font-weight: 400;\">\u00a0<\/span><\/p>\n<p><b>M\u00c9TODO DE OBTENCI\u00d3N DE LOS DATOS, QU\u00c9 DATOS RECABAMOS y SU FINALIDAD:<\/b><\/p>\n<p><span style=\"font-weight: 400;\">\u00a0<\/span><span style=\"font-weight: 400;\">Los datos que recogemos, la forma en que los obtenemos y la finalidad del tratamiento es la siguiente:<\/span><span style=\"font-weight: 400;\">\u00a0<\/span><\/p>\n<ol>\n<li><em><span style=\"font-weight: 400;\"> Registro del usuario:<\/span><\/em><\/li>\n<\/ol>\n<p><b>Datos requeridos: <\/b><b><i>nombre, apellidos, mail, tel\u00e9fono\u2026<\/i><\/b><\/p>\n<p><b>Finalidad: <\/b><b><i>\u00bfPor qu\u00e9 se pide registro? Comunicaciones comerciales, newsletter, etc.<\/i><\/b><\/p>\n<p><span style=\"font-weight: 400;\">Legitimaci\u00f3n: consentimiento del usuario<\/span><span style=\"font-weight: 400;\">\u00a0<\/span><\/p>\n<ol start=\"2\">\n<li><em><span style=\"font-weight: 400;\"> Si compra <\/span><\/em><b>(productos que venda la empresa)<\/b><span style=\"font-weight: 400;\">:<\/span><\/li>\n<\/ol>\n<p><b>Datos requeridos: <\/b><b><i>nombre y apellidos, email, tel\u00e9fono e informaci\u00f3n sobre una tarjeta de cr\u00e9dito o de d\u00e9bito.<\/i><\/b><\/p>\n<p><b>Finalidad: <\/b><b><i>reservar plaza, comprar producto, alquilar servicio\u2026<\/i><\/b><\/p>\n<p><span style=\"font-weight: 400;\">Legitimaci\u00f3n: consentimiento del usuario<\/span><\/p>\n<p><span style=\"font-weight: 400;\">\u00a0<\/span><span style=\"font-weight: 400;\">Puede revocar en cualquier momento su consentimiento remitiendo un escrito con el asunto &#8220;Baja&#8221; en el mail rese\u00f1ado.<\/span><\/p>\n<p><span style=\"font-weight: 400;\">\u00a0<\/span><span style=\"font-weight: 400;\">De acuerdo con la LSSICE, <\/span><b>Nombre de la empresa<\/b><span style=\"font-weight: 400;\"> no realiza pr\u00e1cticas de SPAM, por lo tanto, no env\u00eda correos comerciales por e-mail que no hayan sido previamente solicitados o autorizados por el Usuario. En consecuencia, en todas las comunicaciones que recibir\u00e1 del prestador, el usuario tiene la posibilidad de cancelar su consentimiento expreso para recibir nuestras comunicaciones.<\/span><\/p>\n<p><span style=\"font-weight: 400;\">No trataremos sus datos personales para ning\u00fan otro fin de las descritas, excepto por obligaci\u00f3n legal o requerimiento judicial.<\/span><\/p>\n<p><span style=\"font-weight: 400;\">No ser\u00e1 objeto de decisiones basadas en tratamientos automatizados que produzcan efectos sobre sus datos.<\/span><\/p>\n<p><span style=\"font-weight: 400;\">\u00a0<\/span><\/p>\n<p><b>PLAZO DE CONSERVACI\u00d3N DE LOS DATOS:<\/b><\/p>\n<p><span style=\"font-weight: 400;\">\u00a0<\/span><span style=\"font-weight: 400;\">Sus datos se conservar\u00e1n mientras dure la relaci\u00f3n comercial con nosotros o ejerce su derecho de cancelaci\u00f3n u oposici\u00f3n, o limitaci\u00f3n al tratamiento. Sin embargo, conservaremos sus datos en los plazos legalmente previstos en las disposiciones aplicables.<\/span><\/p>\n<p><span style=\"font-weight: 400;\">\u00a0<\/span><\/p>\n<p><b>DESTINATARIOS DE CESIONES O TRANSFERENCIAS:<\/b><\/p>\n<p><span style=\"font-weight: 400;\">\u00a0<\/span><b>Nombre de la empresa<\/b><span style=\"font-weight: 400;\"> no lleva a cabo ninguna cesi\u00f3n o comunicaci\u00f3n de datos ni dentro ni fuera de la UE. El prestador \u00fanicamente facilitar\u00e1 informaci\u00f3n a las fuerzas y cuerpos de seguridad bajo orden judicial o por obligaci\u00f3n de una norma legal, sin perjuicio de poder bloquear o cancelar su cuenta si puede haber indicios de la comisi\u00f3n de alg\u00fan delito por parte del usuario. La informaci\u00f3n facilitada ser\u00e1 solo la que disponga en ese momento el prestador.<\/span><\/p>\n<p><span style=\"font-weight: 400;\">\u00a0<\/span><span style=\"font-weight: 400;\">La informaci\u00f3n que nos proporcione a trav\u00e9s de este sitio web ser\u00e1 alojada <\/span><b>(hosting y propiedad\/gesti\u00f3n del hosting)<\/b><span style=\"font-weight: 400;\"> siendo encargada del tratamiento y que presta dicho servicio de gesti\u00f3n del software a <\/span><b>Nombre de la empresa<\/b><span style=\"font-weight: 400;\"> .\u00a0 El tratamiento de los datos de la entidad se encuentra regulado mediante un contrato de encargado del tratamiento entre el prestador y esta empresa.\u00a0<\/span><\/p>\n<p><span style=\"font-weight: 400;\">\u00a0\u00a0<\/span><\/p>\n<p><b>DERECHOS DE LAS PERSONAS INTERESADAS:<\/b><\/p>\n<p><span style=\"font-weight: 400;\">\u00a0<\/span><span style=\"font-weight: 400;\">Como usuario-interesado, puede solicitar el ejercicio de los siguientes derechos ante <\/span><b>Nombre de la empresa<\/b><span style=\"font-weight: 400;\"> presentando un escrito a la direcci\u00f3n postal del encabezamiento o enviando un correo electr\u00f3nico a correo@empresa.com, indicando como Asunto: &#8220;PROTECCI\u00d3N DE DATOS: DERECHOS DE LOS AFECTADOS\u201d.<\/span><\/p>\n<p><span style=\"font-weight: 400;\">\u00a0<\/span><span style=\"font-weight: 400;\">Derechos:<\/span><\/p>\n<ul>\n<li style=\"font-weight: 400;\" aria-level=\"1\"><span style=\"font-weight: 400;\">Derecho de acceso: permite al interesado conocer y obtener informaci\u00f3n sobre sus datos de car\u00e1cter personal sometidos a tratamiento.<\/span><\/li>\n<li style=\"font-weight: 400;\" aria-level=\"1\"><span style=\"font-weight: 400;\">Derecho de rectificaci\u00f3n o supresi\u00f3n: permite corregir errores y modificar los datos que resulten ser inexactos o incompletos<\/span><\/li>\n<li style=\"font-weight: 400;\" aria-level=\"1\"><span style=\"font-weight: 400;\">Derecho de cancelaci\u00f3n: permite que se supriman los datos que sean inadecuados o excesivos<\/span><\/li>\n<li style=\"font-weight: 400;\" aria-level=\"1\"><span style=\"font-weight: 400;\">Derecho de oposici\u00f3n: derecho del interesado a que no se lleve a cabo el tratamiento de sus datos de car\u00e1cter personal o se cese en el mismo.\u00a0<\/span><\/li>\n<li style=\"font-weight: 400;\" aria-level=\"1\"><span style=\"font-weight: 400;\">Limitaci\u00f3n del tratamiento: conlleva el marcado de los datos personales conservados, con el fin de limitar su futuro tratamiento, para el ejercicio o la defensa de reclamaciones.<\/span><\/li>\n<li style=\"font-weight: 400;\" aria-level=\"1\"><span style=\"font-weight: 400;\">Portabilidad de los datos: facilitaci\u00f3n de los datos objeto de tratamiento al interesado, para que \u00e9ste pueda transmitir a otro responsable, sin impedimentos.<\/span><\/li>\n<li style=\"font-weight: 400;\" aria-level=\"1\"><span style=\"font-weight: 400;\">Derecho a no ser objeto de decisiones individuales automatizadas (incluida la elaboraci\u00f3n de perfiles): derecho a no ser objeto de una decisi\u00f3n basada en el tratamiento automatizado que produzca efectos o afecte significativamente<\/span><\/li>\n<\/ul>\n<p><span style=\"font-weight: 400;\">Como usuario, tiene derecho a retirar el consentimiento dado en cualquier momento. La retirada del consentimiento no afectar\u00e1 a la licitud del tratamiento efectuado antes de la retirada del consentimiento.<\/span><span style=\"font-weight: 400;\">\u00a0<\/span><\/p>\n<p><span style=\"font-weight: 400;\">Tambi\u00e9n tiene derecho a presentar una reclamaci\u00f3n ante la autoridad de control si considera que pueden haberse visto vulnerados sus derechos con relaci\u00f3n a la protecci\u00f3n de sus datos (aepd.es).<\/span><span style=\"font-weight: 400;\">\u00a0<\/span><\/p>\n<p>&nbsp;<\/p>\n<p><b>INFORMACI\u00d3N ADICIONAL<\/b><\/p>\n<p><em><span style=\"font-weight: 400;\">\u00a0<\/span><span style=\"font-weight: 400;\">MEDIDAS DE SEGURIDAD:<\/span><\/em><\/p>\n<p><span style=\"font-weight: 400;\">Los datos que nos facilite se tratar\u00e1n de forma confidencial. El prestador ha adoptado todas las medidas t\u00e9cnicas y organizativas y todos los niveles de protecci\u00f3n necesarios para garantizar la seguridad en el tratamiento de los datos y evitar su alteraci\u00f3n, p\u00e9rdida, robo, tratamiento o acceso no autorizado, de acuerdo al estado de la tecnolog\u00eda y naturaleza de los datos almacenados. Asimismo, se garantiza tambi\u00e9n que el tratamiento y registro en ficheros, programas, sistemas o equipos, locales y centros cumplen con los requisitos y condiciones de integridad y seguridad establecidas en la normativa vigente.<\/span><\/p>\n<p><em><span style=\"font-weight: 400;\">\u00a0<\/span><span style=\"font-weight: 400;\">IDIOMA<\/span><\/em><\/p>\n<p><span style=\"font-weight: 400;\">El idioma aplicable a esta pol\u00edtica de privacidad es el castellano. Por tanto, en caso de que hubiera alguna contradicci\u00f3n en alguna de las versiones facilitadas en otros idiomas, prevalecer\u00e1 la versi\u00f3n en castellano.<\/span><\/p>\n<p><em><span style=\"font-weight: 400;\">\u00a0<\/span><span style=\"font-weight: 400;\">CAMBIOS EN LA PRESENTE POL\u00cdTICA DE PRIVACIDAD<\/span><\/em><\/p>\n<p><b>Nombre de la empresa<\/b><span style=\"font-weight: 400;\"> se reserva el derecho a modificar la presente pol\u00edtica para adaptarla a novedades legislativas o jurisprudenciales.<\/span><\/p>\n<p><em><span style=\"font-weight: 400;\">\u00a0<\/span><span style=\"font-weight: 400;\">REVOCABILIDAD<\/span><\/em><\/p>\n<p><span style=\"font-weight: 400;\">El consentimiento prestado, tanto por el tratamiento como para la cesi\u00f3n de los datos de los interesados, es revocable en cualquier momento, comunic\u00e1ndolo a <\/span><b>Nombre de la empresa<\/b><span style=\"font-weight: 400;\"> en los t\u00e9rminos establecidos en esta Pol\u00edtica para el ejercicio de los derechos. Esta revocaci\u00f3n en ning\u00fan caso tendr\u00e1 car\u00e1cter retroactivo.<\/span><\/p>\n<p><em><span style=\"font-weight: 400;\">\u00a0<\/span><span style=\"font-weight: 400;\">LEGISLACI\u00d3N<\/span><\/em><\/p>\n<p><span style=\"font-weight: 400;\">Con car\u00e1cter general, las relaciones entre <\/span><b>Nombre de la empresa<\/b><span style=\"font-weight: 400;\"> con los Usuarios de sus servicios telem\u00e1ticos, presentes en esta web, est\u00e1n sometidos a la legislaci\u00f3n y jurisdicci\u00f3n espa\u00f1ola a la que se someten expresamente las partes, siendo competentes para la resoluci\u00f3n de todos los conflictos derivados o relacionados con su uso los Juzgados y Tribunales de Barcelona.<\/span><\/p>\n","protected":false},"excerpt":{"rendered":"<p>INTRODUCCI\u00d3N \u00a0Su privacidad es importante para nosotros, as\u00ed que, mediante este documento, le explicamos qu\u00e9 datos recogemos de los usuarios, como los utilizamos y para qu\u00e9, entre otras indicaciones.\u00a0 \u00a0Para su informaci\u00f3n, nunca pediremos m\u00e1s informaci\u00f3n de la que realmente necesitaremos para los servicios requeridos; nunca la compartiremos con terceros, excepto por obligaci\u00f3n legal o [&hellip;]<\/p>\n","protected":false},"author":1,"featured_media":0,"parent":0,"menu_order":0,"comment_status":"open","ping_status":"closed","template":"","meta":{"footnotes":""},"class_list":["post-15870","page","type-page","status-publish","hentry"],"yoast_head":"<!-- This site is optimized with the Yoast SEO plugin v21.5 - https:\/\/yoast.com\/wordpress\/plugins\/seo\/ -->\n<title>Pol\u00edtica de privacidad - Fisandeco<\/title>\n<meta name=\"description\" content=\"P\u00e1gina de pol\u00edtica de privacidad - Fisandeco\" \/>\n<meta name=\"robots\" content=\"noindex, nofollow\" \/>\n<meta property=\"og:locale\" content=\"es_ES\" \/>\n<meta property=\"og:type\" content=\"article\" \/>\n<meta property=\"og:title\" content=\"Pol\u00edtica de privacidad - Fisandeco\" \/>\n<meta property=\"og:description\" content=\"P\u00e1gina de pol\u00edtica de privacidad - Fisandeco\" \/>\n<meta property=\"og:url\" content=\"https:\/\/restauraciofisandeco.com\/es\/politica-de-privacidad\/\" \/>\n<meta property=\"og:site_name\" content=\"Fisandeco\" \/>\n<meta property=\"article:publisher\" content=\"https:\/\/es-es.facebook.com\/fisandeco\/\" \/>\n<meta property=\"article:modified_time\" content=\"2023-11-28T07:23:54+00:00\" \/>\n<meta name=\"twitter:card\" content=\"summary_large_image\" \/>\n<meta name=\"twitter:label1\" content=\"Tiempo de lectura\" \/>\n\t<meta name=\"twitter:data1\" content=\"6 minutos\" \/>\n<script type=\"application\/ld+json\" class=\"yoast-schema-graph\">{\"@context\":\"https:\/\/schema.org\",\"@graph\":[{\"@type\":\"WebPage\",\"@id\":\"https:\/\/restauraciofisandeco.com\/es\/politica-de-privacidad\/\",\"url\":\"https:\/\/restauraciofisandeco.com\/es\/politica-de-privacidad\/\",\"name\":\"Pol\u00edtica de privacidad - Fisandeco\",\"isPartOf\":{\"@id\":\"https:\/\/restauraciofisandeco.com\/ca\/#website\"},\"datePublished\":\"2023-08-21T10:40:29+00:00\",\"dateModified\":\"2023-11-28T07:23:54+00:00\",\"description\":\"P\u00e1gina de pol\u00edtica de privacidad - Fisandeco\",\"breadcrumb\":{\"@id\":\"https:\/\/restauraciofisandeco.com\/es\/politica-de-privacidad\/#breadcrumb\"},\"inLanguage\":\"es\",\"potentialAction\":[{\"@type\":\"ReadAction\",\"target\":[\"https:\/\/restauraciofisandeco.com\/es\/politica-de-privacidad\/\"]}]},{\"@type\":\"BreadcrumbList\",\"@id\":\"https:\/\/restauraciofisandeco.com\/es\/politica-de-privacidad\/#breadcrumb\",\"itemListElement\":[{\"@type\":\"ListItem\",\"position\":1,\"name\":\"Home\",\"item\":\"https:\/\/restauraciofisandeco.com\/es\/\"},{\"@type\":\"ListItem\",\"position\":2,\"name\":\"Pol\u00edtica de privacidad\"}]},{\"@type\":\"WebSite\",\"@id\":\"https:\/\/restauraciofisandeco.com\/ca\/#website\",\"url\":\"https:\/\/restauraciofisandeco.com\/ca\/\",\"name\":\"Fisandeco\",\"description\":\"\",\"publisher\":{\"@id\":\"https:\/\/restauraciofisandeco.com\/ca\/#organization\"},\"potentialAction\":[{\"@type\":\"SearchAction\",\"target\":{\"@type\":\"EntryPoint\",\"urlTemplate\":\"https:\/\/restauraciofisandeco.com\/ca\/?s={search_term_string}\"},\"query-input\":\"required name=search_term_string\"}],\"inLanguage\":\"es\"},{\"@type\":\"Organization\",\"@id\":\"https:\/\/restauraciofisandeco.com\/ca\/#organization\",\"name\":\"Fisandeco\",\"url\":\"https:\/\/restauraciofisandeco.com\/ca\/\",\"logo\":{\"@type\":\"ImageObject\",\"inLanguage\":\"es\",\"@id\":\"https:\/\/restauraciofisandeco.com\/ca\/#\/schema\/logo\/image\/\",\"url\":\"https:\/\/restauraciofisandeco.com\/wp-content\/uploads\/2023\/09\/logo.jpg\",\"contentUrl\":\"https:\/\/restauraciofisandeco.com\/wp-content\/uploads\/2023\/09\/logo.jpg\",\"width\":316,\"height\":316,\"caption\":\"Fisandeco\"},\"image\":{\"@id\":\"https:\/\/restauraciofisandeco.com\/ca\/#\/schema\/logo\/image\/\"},\"sameAs\":[\"https:\/\/es-es.facebook.com\/fisandeco\/\",\"https:\/\/www.instagram.com\/fisandeco\/\"]}]}<\/script>\n<!-- \/ Yoast SEO plugin. -->","yoast_head_json":{"title":"Pol\u00edtica de privacidad - Fisandeco","description":"P\u00e1gina de pol\u00edtica de privacidad - Fisandeco","robots":{"index":"noindex","follow":"nofollow"},"og_locale":"es_ES","og_type":"article","og_title":"Pol\u00edtica de privacidad - Fisandeco","og_description":"P\u00e1gina de pol\u00edtica de privacidad - Fisandeco","og_url":"https:\/\/restauraciofisandeco.com\/es\/politica-de-privacidad\/","og_site_name":"Fisandeco","article_publisher":"https:\/\/es-es.facebook.com\/fisandeco\/","article_modified_time":"2023-11-28T07:23:54+00:00","twitter_card":"summary_large_image","twitter_misc":{"Tiempo de lectura":"6 minutos"},"schema":{"@context":"https:\/\/schema.org","@graph":[{"@type":"WebPage","@id":"https:\/\/restauraciofisandeco.com\/es\/politica-de-privacidad\/","url":"https:\/\/restauraciofisandeco.com\/es\/politica-de-privacidad\/","name":"Pol\u00edtica de privacidad - Fisandeco","isPartOf":{"@id":"https:\/\/restauraciofisandeco.com\/ca\/#website"},"datePublished":"2023-08-21T10:40:29+00:00","dateModified":"2023-11-28T07:23:54+00:00","description":"P\u00e1gina de pol\u00edtica de privacidad - Fisandeco","breadcrumb":{"@id":"https:\/\/restauraciofisandeco.com\/es\/politica-de-privacidad\/#breadcrumb"},"inLanguage":"es","potentialAction":[{"@type":"ReadAction","target":["https:\/\/restauraciofisandeco.com\/es\/politica-de-privacidad\/"]}]},{"@type":"BreadcrumbList","@id":"https:\/\/restauraciofisandeco.com\/es\/politica-de-privacidad\/#breadcrumb","itemListElement":[{"@type":"ListItem","position":1,"name":"Home","item":"https:\/\/restauraciofisandeco.com\/es\/"},{"@type":"ListItem","position":2,"name":"Pol\u00edtica de privacidad"}]},{"@type":"WebSite","@id":"https:\/\/restauraciofisandeco.com\/ca\/#website","url":"https:\/\/restauraciofisandeco.com\/ca\/","name":"Fisandeco","description":"","publisher":{"@id":"https:\/\/restauraciofisandeco.com\/ca\/#organization"},"potentialAction":[{"@type":"SearchAction","target":{"@type":"EntryPoint","urlTemplate":"https:\/\/restauraciofisandeco.com\/ca\/?s={search_term_string}"},"query-input":"required name=search_term_string"}],"inLanguage":"es"},{"@type":"Organization","@id":"https:\/\/restauraciofisandeco.com\/ca\/#organization","name":"Fisandeco","url":"https:\/\/restauraciofisandeco.com\/ca\/","logo":{"@type":"ImageObject","inLanguage":"es","@id":"https:\/\/restauraciofisandeco.com\/ca\/#\/schema\/logo\/image\/","url":"https:\/\/restauraciofisandeco.com\/wp-content\/uploads\/2023\/09\/logo.jpg","contentUrl":"https:\/\/restauraciofisandeco.com\/wp-content\/uploads\/2023\/09\/logo.jpg","width":316,"height":316,"caption":"Fisandeco"},"image":{"@id":"https:\/\/restauraciofisandeco.com\/ca\/#\/schema\/logo\/image\/"},"sameAs":["https:\/\/es-es.facebook.com\/fisandeco\/","https:\/\/www.instagram.com\/fisandeco\/"]}]}},"_links":{"self":[{"href":"https:\/\/restauraciofisandeco.com\/es\/wp-json\/wp\/v2\/pages\/15870","targetHints":{"allow":["GET"]}}],"collection":[{"href":"https:\/\/restauraciofisandeco.com\/es\/wp-json\/wp\/v2\/pages"}],"about":[{"href":"https:\/\/restauraciofisandeco.com\/es\/wp-json\/wp\/v2\/types\/page"}],"author":[{"embeddable":true,"href":"https:\/\/restauraciofisandeco.com\/es\/wp-json\/wp\/v2\/users\/1"}],"replies":[{"embeddable":true,"href":"https:\/\/restauraciofisandeco.com\/es\/wp-json\/wp\/v2\/comments?post=15870"}],"version-history":[{"count":1,"href":"https:\/\/restauraciofisandeco.com\/es\/wp-json\/wp\/v2\/pages\/15870\/revisions"}],"predecessor-version":[{"id":15871,"href":"https:\/\/restauraciofisandeco.com\/es\/wp-json\/wp\/v2\/pages\/15870\/revisions\/15871"}],"wp:attachment":[{"href":"https:\/\/restauraciofisandeco.com\/es\/wp-json\/wp\/v2\/media?parent=15870"}],"curies":[{"name":"wp","href":"https:\/\/api.w.org\/{rel}","templated":true}]}}