{"id":19042,"date":"2026-04-21T11:59:50","date_gmt":"2026-04-21T09:59:50","guid":{"rendered":"https:\/\/restauraciofisandeco.com\/?post_type=product&#038;p=19042"},"modified":"2026-05-05T13:27:12","modified_gmt":"2026-05-05T11:27:12","slug":"calaixera-2","status":"publish","type":"product","link":"https:\/\/restauraciofisandeco.com\/ca\/producte\/calaixera-2\/","title":{"rendered":"Calaixera"},"content":{"rendered":"<h2>Descripci\u00f3<\/h2>\n<p data-pm-slice=\"1 1 []\"><strong>Calaixera restaurada amb acabat artesanal<\/strong><br \/>\nPe\u00e7a \u00fanica recuperada amb cura, mantenint la seva ess\u00e8ncia original i incorporant un acabat decoratiu amb motius geom\u00e8trics en tons suaus verds i neutres. La p\u00e0tina envellida li dona autenticitat i un encant especial, ideal per a ambients amb personalitat.Perfecta per a:<br \/>\n\u2013 Donar un toc distintiu al menjador o sala d\u2019estar<br \/>\n\u2013 Crear un rac\u00f3 especial en un dormitori<br \/>\n\u2013 Aportar calidesa en espais d\u2019estil r\u00fastic, vintage o ecl\u00e8ctic.<\/p>\n<p data-pm-slice=\"1 1 []\">Una pe\u00e7a amb \u00e0nima, pensada per a qui valora la bellesa de les coses fetes amb temps i estima.<\/p>\n<p>Si busques un moble que parli per si sol, aquest t\u2019est\u00e0 esperant.<\/p>\n<p>&nbsp;<\/p>\n<p>&nbsp;<\/p>\n<p>&nbsp;<\/p>\n<p>&nbsp;<\/p>\n","protected":false},"excerpt":{"rendered":"<p>Descripci\u00f3 Calaixera restaurada amb acabat artesanal Pe\u00e7a \u00fanica recuperada amb cura, mantenint la seva ess\u00e8ncia original i incorporant un acabat decoratiu amb motius geom\u00e8trics en tons suaus verds i neutres. La p\u00e0tina envellida li dona autenticitat i un encant especial, ideal per a ambients amb personalitat.Perfecta per a: \u2013 Donar un toc distintiu al menjador [&hellip;]<\/p>\n","protected":false},"featured_media":19054,"template":"","meta":[],"product_cat":[623,79],"product_tag":[],"class_list":["post-19042","product","type-product","status-publish","has-post-thumbnail","hentry","product_cat-altres-mobles","product_cat-mobles-dinterior-i-exterior"],"yoast_head":"<!-- This site is optimized with the Yoast SEO plugin v21.5 - https:\/\/yoast.com\/wordpress\/plugins\/seo\/ -->\n<title>Calaixera - Fisandeco<\/title>\n<meta name=\"robots\" content=\"index, follow, max-snippet:-1, max-image-preview:large, max-video-preview:-1\" \/>\n<link rel=\"canonical\" href=\"https:\/\/restauraciofisandeco.com\/ca\/producte\/calaixera-2\/\" \/>\n<meta property=\"og:locale\" content=\"ca_ES\" \/>\n<meta property=\"og:type\" content=\"article\" \/>\n<meta property=\"og:title\" content=\"Calaixera - Fisandeco\" \/>\n<meta property=\"og:description\" content=\"Descripci\u00f3 Calaixera restaurada amb acabat artesanal Pe\u00e7a \u00fanica recuperada amb cura, mantenint la seva ess\u00e8ncia original i incorporant un acabat decoratiu amb motius geom\u00e8trics en tons suaus verds i neutres. La p\u00e0tina envellida li dona autenticitat i un encant especial, ideal per a ambients amb personalitat.Perfecta per a: \u2013 Donar un toc distintiu al menjador [&hellip;]\" \/>\n<meta property=\"og:url\" content=\"https:\/\/restauraciofisandeco.com\/ca\/producte\/calaixera-2\/\" \/>\n<meta property=\"og:site_name\" content=\"Fisandeco\" \/>\n<meta property=\"article:publisher\" content=\"https:\/\/es-es.facebook.com\/fisandeco\/\" \/>\n<meta property=\"article:modified_time\" content=\"2026-05-05T11:27:12+00:00\" \/>\n<meta property=\"og:image\" content=\"https:\/\/restauraciofisandeco.com\/wp-content\/uploads\/2026\/04\/ChatGPT-Image-4-may-2026-13_24_52.png\" \/>\n\t<meta property=\"og:image:width\" content=\"1024\" \/>\n\t<meta property=\"og:image:height\" content=\"1024\" \/>\n\t<meta property=\"og:image:type\" content=\"image\/png\" \/>\n<meta name=\"twitter:card\" content=\"summary_large_image\" \/>\n<meta name=\"twitter:label1\" content=\"Temps estimat de lectura\" \/>\n\t<meta name=\"twitter:data1\" content=\"1 minut\" \/>\n<script type=\"application\/ld+json\" class=\"yoast-schema-graph\">{\"@context\":\"https:\/\/schema.org\",\"@graph\":[{\"@type\":\"WebPage\",\"@id\":\"https:\/\/restauraciofisandeco.com\/ca\/producte\/calaixera-2\/\",\"url\":\"https:\/\/restauraciofisandeco.com\/ca\/producte\/calaixera-2\/\",\"name\":\"Calaixera - Fisandeco\",\"isPartOf\":{\"@id\":\"https:\/\/restauraciofisandeco.com\/ca\/#website\"},\"datePublished\":\"2026-04-21T09:59:50+00:00\",\"dateModified\":\"2026-05-05T11:27:12+00:00\",\"breadcrumb\":{\"@id\":\"https:\/\/restauraciofisandeco.com\/ca\/producte\/calaixera-2\/#breadcrumb\"},\"inLanguage\":\"ca\",\"potentialAction\":[{\"@type\":\"ReadAction\",\"target\":[\"https:\/\/restauraciofisandeco.com\/ca\/producte\/calaixera-2\/\"]}]},{\"@type\":\"BreadcrumbList\",\"@id\":\"https:\/\/restauraciofisandeco.com\/ca\/producte\/calaixera-2\/#breadcrumb\",\"itemListElement\":[{\"@type\":\"ListItem\",\"position\":1,\"name\":\"Home\",\"item\":\"https:\/\/restauraciofisandeco.com\/ca\/\"},{\"@type\":\"ListItem\",\"position\":2,\"name\":\"Botiga\",\"item\":\"https:\/\/restauraciofisandeco.com\/ca\/shop\/\"},{\"@type\":\"ListItem\",\"position\":3,\"name\":\"Calaixera\"}]},{\"@type\":\"WebSite\",\"@id\":\"https:\/\/restauraciofisandeco.com\/ca\/#website\",\"url\":\"https:\/\/restauraciofisandeco.com\/ca\/\",\"name\":\"Fisandeco\",\"description\":\"\",\"publisher\":{\"@id\":\"https:\/\/restauraciofisandeco.com\/ca\/#organization\"},\"potentialAction\":[{\"@type\":\"SearchAction\",\"target\":{\"@type\":\"EntryPoint\",\"urlTemplate\":\"https:\/\/restauraciofisandeco.com\/ca\/?s={search_term_string}\"},\"query-input\":\"required name=search_term_string\"}],\"inLanguage\":\"ca\"},{\"@type\":\"Organization\",\"@id\":\"https:\/\/restauraciofisandeco.com\/ca\/#organization\",\"name\":\"Fisandeco\",\"url\":\"https:\/\/restauraciofisandeco.com\/ca\/\",\"logo\":{\"@type\":\"ImageObject\",\"inLanguage\":\"ca\",\"@id\":\"https:\/\/restauraciofisandeco.com\/ca\/#\/schema\/logo\/image\/\",\"url\":\"https:\/\/restauraciofisandeco.com\/wp-content\/uploads\/2023\/09\/logo.jpg\",\"contentUrl\":\"https:\/\/restauraciofisandeco.com\/wp-content\/uploads\/2023\/09\/logo.jpg\",\"width\":316,\"height\":316,\"caption\":\"Fisandeco\"},\"image\":{\"@id\":\"https:\/\/restauraciofisandeco.com\/ca\/#\/schema\/logo\/image\/\"},\"sameAs\":[\"https:\/\/es-es.facebook.com\/fisandeco\/\",\"https:\/\/www.instagram.com\/fisandeco\/\"]}]}<\/script>\n<!-- \/ Yoast SEO plugin. -->","yoast_head_json":{"title":"Calaixera - Fisandeco","robots":{"index":"index","follow":"follow","max-snippet":"max-snippet:-1","max-image-preview":"max-image-preview:large","max-video-preview":"max-video-preview:-1"},"canonical":"https:\/\/restauraciofisandeco.com\/ca\/producte\/calaixera-2\/","og_locale":"ca_ES","og_type":"article","og_title":"Calaixera - Fisandeco","og_description":"Descripci\u00f3 Calaixera restaurada amb acabat artesanal Pe\u00e7a \u00fanica recuperada amb cura, mantenint la seva ess\u00e8ncia original i incorporant un acabat decoratiu amb motius geom\u00e8trics en tons suaus verds i neutres. La p\u00e0tina envellida li dona autenticitat i un encant especial, ideal per a ambients amb personalitat.Perfecta per a: \u2013 Donar un toc distintiu al menjador [&hellip;]","og_url":"https:\/\/restauraciofisandeco.com\/ca\/producte\/calaixera-2\/","og_site_name":"Fisandeco","article_publisher":"https:\/\/es-es.facebook.com\/fisandeco\/","article_modified_time":"2026-05-05T11:27:12+00:00","og_image":[{"url":"https:\/\/restauraciofisandeco.com\/wp-content\/uploads\/2026\/04\/ChatGPT-Image-4-may-2026-13_24_52.png","width":1024,"height":1024,"type":"image\/png"}],"twitter_card":"summary_large_image","twitter_misc":{"Temps estimat de lectura":"1 minut"},"schema":{"@context":"https:\/\/schema.org","@graph":[{"@type":"WebPage","@id":"https:\/\/restauraciofisandeco.com\/ca\/producte\/calaixera-2\/","url":"https:\/\/restauraciofisandeco.com\/ca\/producte\/calaixera-2\/","name":"Calaixera - Fisandeco","isPartOf":{"@id":"https:\/\/restauraciofisandeco.com\/ca\/#website"},"datePublished":"2026-04-21T09:59:50+00:00","dateModified":"2026-05-05T11:27:12+00:00","breadcrumb":{"@id":"https:\/\/restauraciofisandeco.com\/ca\/producte\/calaixera-2\/#breadcrumb"},"inLanguage":"ca","potentialAction":[{"@type":"ReadAction","target":["https:\/\/restauraciofisandeco.com\/ca\/producte\/calaixera-2\/"]}]},{"@type":"BreadcrumbList","@id":"https:\/\/restauraciofisandeco.com\/ca\/producte\/calaixera-2\/#breadcrumb","itemListElement":[{"@type":"ListItem","position":1,"name":"Home","item":"https:\/\/restauraciofisandeco.com\/ca\/"},{"@type":"ListItem","position":2,"name":"Botiga","item":"https:\/\/restauraciofisandeco.com\/ca\/shop\/"},{"@type":"ListItem","position":3,"name":"Calaixera"}]},{"@type":"WebSite","@id":"https:\/\/restauraciofisandeco.com\/ca\/#website","url":"https:\/\/restauraciofisandeco.com\/ca\/","name":"Fisandeco","description":"","publisher":{"@id":"https:\/\/restauraciofisandeco.com\/ca\/#organization"},"potentialAction":[{"@type":"SearchAction","target":{"@type":"EntryPoint","urlTemplate":"https:\/\/restauraciofisandeco.com\/ca\/?s={search_term_string}"},"query-input":"required name=search_term_string"}],"inLanguage":"ca"},{"@type":"Organization","@id":"https:\/\/restauraciofisandeco.com\/ca\/#organization","name":"Fisandeco","url":"https:\/\/restauraciofisandeco.com\/ca\/","logo":{"@type":"ImageObject","inLanguage":"ca","@id":"https:\/\/restauraciofisandeco.com\/ca\/#\/schema\/logo\/image\/","url":"https:\/\/restauraciofisandeco.com\/wp-content\/uploads\/2023\/09\/logo.jpg","contentUrl":"https:\/\/restauraciofisandeco.com\/wp-content\/uploads\/2023\/09\/logo.jpg","width":316,"height":316,"caption":"Fisandeco"},"image":{"@id":"https:\/\/restauraciofisandeco.com\/ca\/#\/schema\/logo\/image\/"},"sameAs":["https:\/\/es-es.facebook.com\/fisandeco\/","https:\/\/www.instagram.com\/fisandeco\/"]}]}},"_links":{"self":[{"href":"https:\/\/restauraciofisandeco.com\/ca\/wp-json\/wp\/v2\/product\/19042","targetHints":{"allow":["GET"]}}],"collection":[{"href":"https:\/\/restauraciofisandeco.com\/ca\/wp-json\/wp\/v2\/product"}],"about":[{"href":"https:\/\/restauraciofisandeco.com\/ca\/wp-json\/wp\/v2\/types\/product"}],"version-history":[{"count":3,"href":"https:\/\/restauraciofisandeco.com\/ca\/wp-json\/wp\/v2\/product\/19042\/revisions"}],"predecessor-version":[{"id":19057,"href":"https:\/\/restauraciofisandeco.com\/ca\/wp-json\/wp\/v2\/product\/19042\/revisions\/19057"}],"wp:featuredmedia":[{"embeddable":true,"href":"https:\/\/restauraciofisandeco.com\/ca\/wp-json\/wp\/v2\/media\/19054"}],"wp:attachment":[{"href":"https:\/\/restauraciofisandeco.com\/ca\/wp-json\/wp\/v2\/media?parent=19042"}],"wp:term":[{"taxonomy":"product_cat","embeddable":true,"href":"https:\/\/restauraciofisandeco.com\/ca\/wp-json\/wp\/v2\/product_cat?post=19042"},{"taxonomy":"product_tag","embeddable":true,"href":"https:\/\/restauraciofisandeco.com\/ca\/wp-json\/wp\/v2\/product_tag?post=19042"}],"curies":[{"name":"wp","href":"https:\/\/api.w.org\/{rel}","templated":true}]}}