{"id":18893,"date":"2026-02-05T17:53:11","date_gmt":"2026-02-05T16:53:11","guid":{"rendered":"https:\/\/restauraciofisandeco.com\/?post_type=product&#038;p=18893"},"modified":"2026-02-10T16:36:02","modified_gmt":"2026-02-10T15:36:02","slug":"calaixera","status":"publish","type":"product","link":"https:\/\/restauraciofisandeco.com\/ca\/producte\/calaixera\/","title":{"rendered":"Calaixera"},"content":{"rendered":"<h2>Descripci\u00f3<\/h2>\n<p data-pm-slice=\"1 1 []\">Aquesta calaixera antiga restaurada \u00e9s una pe\u00e7a amb hist\u00f2ria que ha tornat a la vida amb molta cura i respecte pels materials originals. Cada calaix explica el pas del temps, per\u00f2 amb un acabat renovat que la fa perfecta per encaixar tant en interiors r\u00fastics com en espais m\u00e9s contemporanis.<\/p>\n<p>La restauraci\u00f3 s\u2019ha fet de manera artesanal, netejant, reparant i protegint la fusta perqu\u00e8 conservi la seva \u00e0nima, per\u00f2 guanyi funcionalitat i durabilitat. El resultat \u00e9s una pe\u00e7a s\u00f2lida, pr\u00e0ctica i amb car\u00e0cter, ideal per donar personalitat a qualsevol rac\u00f3 de casa.<\/p>\n<p>Perfecta com a moble d\u2019emmagatzematge al dormitori, rebedor o menjador, aquesta calaixera no \u00e9s nom\u00e9s un moble: \u00e9s una aposta pel consum conscient, la reutilitzaci\u00f3 i el valor de les coses fetes per durar. Pe\u00e7a \u00fanica.<\/p>\n<p>&nbsp;<\/p>\n<p>&nbsp;<\/p>\n<p>&nbsp;<\/p>\n","protected":false},"excerpt":{"rendered":"<p>Descripci\u00f3 Aquesta calaixera antiga restaurada \u00e9s una pe\u00e7a amb hist\u00f2ria que ha tornat a la vida amb molta cura i respecte pels materials originals. Cada calaix explica el pas del temps, per\u00f2 amb un acabat renovat que la fa perfecta per encaixar tant en interiors r\u00fastics com en espais m\u00e9s contemporanis. La restauraci\u00f3 s\u2019ha fet [&hellip;]<\/p>\n","protected":false},"featured_media":18903,"template":"","meta":[],"product_cat":[623,79],"product_tag":[],"class_list":["post-18893","product","type-product","status-publish","has-post-thumbnail","hentry","product_cat-altres-mobles","product_cat-mobles-dinterior-i-exterior"],"yoast_head":"<!-- This site is optimized with the Yoast SEO plugin v21.5 - https:\/\/yoast.com\/wordpress\/plugins\/seo\/ -->\n<title>Calaixera - Fisandeco<\/title>\n<meta name=\"robots\" content=\"index, follow, max-snippet:-1, max-image-preview:large, max-video-preview:-1\" \/>\n<link rel=\"canonical\" href=\"https:\/\/restauraciofisandeco.com\/ca\/producte\/calaixera\/\" \/>\n<meta property=\"og:locale\" content=\"ca_ES\" \/>\n<meta property=\"og:type\" content=\"article\" \/>\n<meta property=\"og:title\" content=\"Calaixera - Fisandeco\" \/>\n<meta property=\"og:description\" content=\"Descripci\u00f3 Aquesta calaixera antiga restaurada \u00e9s una pe\u00e7a amb hist\u00f2ria que ha tornat a la vida amb molta cura i respecte pels materials originals. Cada calaix explica el pas del temps, per\u00f2 amb un acabat renovat que la fa perfecta per encaixar tant en interiors r\u00fastics com en espais m\u00e9s contemporanis. La restauraci\u00f3 s\u2019ha fet [&hellip;]\" \/>\n<meta property=\"og:url\" content=\"https:\/\/restauraciofisandeco.com\/ca\/producte\/calaixera\/\" \/>\n<meta property=\"og:site_name\" content=\"Fisandeco\" \/>\n<meta property=\"article:publisher\" content=\"https:\/\/es-es.facebook.com\/fisandeco\/\" \/>\n<meta property=\"article:modified_time\" content=\"2026-02-10T15:36:02+00:00\" \/>\n<meta property=\"og:image\" content=\"https:\/\/restauraciofisandeco.com\/wp-content\/uploads\/2026\/02\/1-1.png\" \/>\n\t<meta property=\"og:image:width\" content=\"1080\" \/>\n\t<meta property=\"og:image:height\" content=\"1080\" \/>\n\t<meta property=\"og:image:type\" content=\"image\/png\" \/>\n<meta name=\"twitter:card\" content=\"summary_large_image\" \/>\n<meta name=\"twitter:label1\" content=\"Temps estimat de lectura\" \/>\n\t<meta name=\"twitter:data1\" content=\"1 minut\" \/>\n<script type=\"application\/ld+json\" class=\"yoast-schema-graph\">{\"@context\":\"https:\/\/schema.org\",\"@graph\":[{\"@type\":\"WebPage\",\"@id\":\"https:\/\/restauraciofisandeco.com\/ca\/producte\/calaixera\/\",\"url\":\"https:\/\/restauraciofisandeco.com\/ca\/producte\/calaixera\/\",\"name\":\"Calaixera - Fisandeco\",\"isPartOf\":{\"@id\":\"https:\/\/restauraciofisandeco.com\/ca\/#website\"},\"datePublished\":\"2026-02-05T16:53:11+00:00\",\"dateModified\":\"2026-02-10T15:36:02+00:00\",\"breadcrumb\":{\"@id\":\"https:\/\/restauraciofisandeco.com\/ca\/producte\/calaixera\/#breadcrumb\"},\"inLanguage\":\"ca\",\"potentialAction\":[{\"@type\":\"ReadAction\",\"target\":[\"https:\/\/restauraciofisandeco.com\/ca\/producte\/calaixera\/\"]}]},{\"@type\":\"BreadcrumbList\",\"@id\":\"https:\/\/restauraciofisandeco.com\/ca\/producte\/calaixera\/#breadcrumb\",\"itemListElement\":[{\"@type\":\"ListItem\",\"position\":1,\"name\":\"Home\",\"item\":\"https:\/\/restauraciofisandeco.com\/ca\/\"},{\"@type\":\"ListItem\",\"position\":2,\"name\":\"Botiga\",\"item\":\"https:\/\/restauraciofisandeco.com\/ca\/shop\/\"},{\"@type\":\"ListItem\",\"position\":3,\"name\":\"Calaixera\"}]},{\"@type\":\"WebSite\",\"@id\":\"https:\/\/restauraciofisandeco.com\/ca\/#website\",\"url\":\"https:\/\/restauraciofisandeco.com\/ca\/\",\"name\":\"Fisandeco\",\"description\":\"\",\"publisher\":{\"@id\":\"https:\/\/restauraciofisandeco.com\/ca\/#organization\"},\"potentialAction\":[{\"@type\":\"SearchAction\",\"target\":{\"@type\":\"EntryPoint\",\"urlTemplate\":\"https:\/\/restauraciofisandeco.com\/ca\/?s={search_term_string}\"},\"query-input\":\"required name=search_term_string\"}],\"inLanguage\":\"ca\"},{\"@type\":\"Organization\",\"@id\":\"https:\/\/restauraciofisandeco.com\/ca\/#organization\",\"name\":\"Fisandeco\",\"url\":\"https:\/\/restauraciofisandeco.com\/ca\/\",\"logo\":{\"@type\":\"ImageObject\",\"inLanguage\":\"ca\",\"@id\":\"https:\/\/restauraciofisandeco.com\/ca\/#\/schema\/logo\/image\/\",\"url\":\"https:\/\/restauraciofisandeco.com\/wp-content\/uploads\/2023\/09\/logo.jpg\",\"contentUrl\":\"https:\/\/restauraciofisandeco.com\/wp-content\/uploads\/2023\/09\/logo.jpg\",\"width\":316,\"height\":316,\"caption\":\"Fisandeco\"},\"image\":{\"@id\":\"https:\/\/restauraciofisandeco.com\/ca\/#\/schema\/logo\/image\/\"},\"sameAs\":[\"https:\/\/es-es.facebook.com\/fisandeco\/\",\"https:\/\/www.instagram.com\/fisandeco\/\"]}]}<\/script>\n<!-- \/ Yoast SEO plugin. -->","yoast_head_json":{"title":"Calaixera - Fisandeco","robots":{"index":"index","follow":"follow","max-snippet":"max-snippet:-1","max-image-preview":"max-image-preview:large","max-video-preview":"max-video-preview:-1"},"canonical":"https:\/\/restauraciofisandeco.com\/ca\/producte\/calaixera\/","og_locale":"ca_ES","og_type":"article","og_title":"Calaixera - Fisandeco","og_description":"Descripci\u00f3 Aquesta calaixera antiga restaurada \u00e9s una pe\u00e7a amb hist\u00f2ria que ha tornat a la vida amb molta cura i respecte pels materials originals. Cada calaix explica el pas del temps, per\u00f2 amb un acabat renovat que la fa perfecta per encaixar tant en interiors r\u00fastics com en espais m\u00e9s contemporanis. La restauraci\u00f3 s\u2019ha fet [&hellip;]","og_url":"https:\/\/restauraciofisandeco.com\/ca\/producte\/calaixera\/","og_site_name":"Fisandeco","article_publisher":"https:\/\/es-es.facebook.com\/fisandeco\/","article_modified_time":"2026-02-10T15:36:02+00:00","og_image":[{"width":1080,"height":1080,"url":"https:\/\/restauraciofisandeco.com\/wp-content\/uploads\/2026\/02\/1-1.png","type":"image\/png"}],"twitter_card":"summary_large_image","twitter_misc":{"Temps estimat de lectura":"1 minut"},"schema":{"@context":"https:\/\/schema.org","@graph":[{"@type":"WebPage","@id":"https:\/\/restauraciofisandeco.com\/ca\/producte\/calaixera\/","url":"https:\/\/restauraciofisandeco.com\/ca\/producte\/calaixera\/","name":"Calaixera - Fisandeco","isPartOf":{"@id":"https:\/\/restauraciofisandeco.com\/ca\/#website"},"datePublished":"2026-02-05T16:53:11+00:00","dateModified":"2026-02-10T15:36:02+00:00","breadcrumb":{"@id":"https:\/\/restauraciofisandeco.com\/ca\/producte\/calaixera\/#breadcrumb"},"inLanguage":"ca","potentialAction":[{"@type":"ReadAction","target":["https:\/\/restauraciofisandeco.com\/ca\/producte\/calaixera\/"]}]},{"@type":"BreadcrumbList","@id":"https:\/\/restauraciofisandeco.com\/ca\/producte\/calaixera\/#breadcrumb","itemListElement":[{"@type":"ListItem","position":1,"name":"Home","item":"https:\/\/restauraciofisandeco.com\/ca\/"},{"@type":"ListItem","position":2,"name":"Botiga","item":"https:\/\/restauraciofisandeco.com\/ca\/shop\/"},{"@type":"ListItem","position":3,"name":"Calaixera"}]},{"@type":"WebSite","@id":"https:\/\/restauraciofisandeco.com\/ca\/#website","url":"https:\/\/restauraciofisandeco.com\/ca\/","name":"Fisandeco","description":"","publisher":{"@id":"https:\/\/restauraciofisandeco.com\/ca\/#organization"},"potentialAction":[{"@type":"SearchAction","target":{"@type":"EntryPoint","urlTemplate":"https:\/\/restauraciofisandeco.com\/ca\/?s={search_term_string}"},"query-input":"required name=search_term_string"}],"inLanguage":"ca"},{"@type":"Organization","@id":"https:\/\/restauraciofisandeco.com\/ca\/#organization","name":"Fisandeco","url":"https:\/\/restauraciofisandeco.com\/ca\/","logo":{"@type":"ImageObject","inLanguage":"ca","@id":"https:\/\/restauraciofisandeco.com\/ca\/#\/schema\/logo\/image\/","url":"https:\/\/restauraciofisandeco.com\/wp-content\/uploads\/2023\/09\/logo.jpg","contentUrl":"https:\/\/restauraciofisandeco.com\/wp-content\/uploads\/2023\/09\/logo.jpg","width":316,"height":316,"caption":"Fisandeco"},"image":{"@id":"https:\/\/restauraciofisandeco.com\/ca\/#\/schema\/logo\/image\/"},"sameAs":["https:\/\/es-es.facebook.com\/fisandeco\/","https:\/\/www.instagram.com\/fisandeco\/"]}]}},"_links":{"self":[{"href":"https:\/\/restauraciofisandeco.com\/ca\/wp-json\/wp\/v2\/product\/18893","targetHints":{"allow":["GET"]}}],"collection":[{"href":"https:\/\/restauraciofisandeco.com\/ca\/wp-json\/wp\/v2\/product"}],"about":[{"href":"https:\/\/restauraciofisandeco.com\/ca\/wp-json\/wp\/v2\/types\/product"}],"version-history":[{"count":4,"href":"https:\/\/restauraciofisandeco.com\/ca\/wp-json\/wp\/v2\/product\/18893\/revisions"}],"predecessor-version":[{"id":18919,"href":"https:\/\/restauraciofisandeco.com\/ca\/wp-json\/wp\/v2\/product\/18893\/revisions\/18919"}],"wp:featuredmedia":[{"embeddable":true,"href":"https:\/\/restauraciofisandeco.com\/ca\/wp-json\/wp\/v2\/media\/18903"}],"wp:attachment":[{"href":"https:\/\/restauraciofisandeco.com\/ca\/wp-json\/wp\/v2\/media?parent=18893"}],"wp:term":[{"taxonomy":"product_cat","embeddable":true,"href":"https:\/\/restauraciofisandeco.com\/ca\/wp-json\/wp\/v2\/product_cat?post=18893"},{"taxonomy":"product_tag","embeddable":true,"href":"https:\/\/restauraciofisandeco.com\/ca\/wp-json\/wp\/v2\/product_tag?post=18893"}],"curies":[{"name":"wp","href":"https:\/\/api.w.org\/{rel}","templated":true}]}}