{"id":18621,"date":"2024-10-21T16:30:34","date_gmt":"2024-10-21T14:30:34","guid":{"rendered":"https:\/\/restauraciofisandeco.com\/?post_type=product&#038;p=18621"},"modified":"2025-04-17T16:41:01","modified_gmt":"2025-04-17T14:41:01","slug":"lampada-de-sostre-despart","status":"publish","type":"product","link":"https:\/\/restauraciofisandeco.com\/ca\/producte\/lampada-de-sostre-despart\/","title":{"rendered":"L\u00e0mpada de sostre d&#8217;espart"},"content":{"rendered":"<h2>Descripci\u00f3<\/h2>\n<p>Aquesta l\u00e0mpada de sostre d&#8217;espart \u00e9s molt m\u00e9s que una font de llum: \u00e9s una pe\u00e7a decorativa que aporta calidesa i naturalitat a qualsevol espai. El seu disseny artesanal, elaborat amb fibres d&#8217;espart trenades a m\u00e0, evoca les tradicions artesanals mediterr\u00e0nies i connecta directament amb la natura, creant una atmosfera relaxant i harm\u00f2nica. La seva textura org\u00e0nica i el color neutre de les fibres naturals fan que s&#8217;adapti a una gran varietat d&#8217;estils decoratius, des de cases de camp fins a interiors moderns que busquen introduir elements de decoraci\u00f3\u00a0<span class=\"hiddenGreenError\" style=\"padding-bottom: 2px; background-image: url('..\/..\/..\/..\/..\/images\/squiggle_green.png'); background-repeat: repeat-x; background-position: left bottom; cursor: default; color: #000000; font-family: 'Open Sans', Helvetica, Arial, sans-serif; font-size: 16px; font-style: normal; font-variant-ligatures: normal; font-variant-caps: normal; font-weight: 300; letter-spacing: normal; orphans: 2; text-align: start; text-indent: 0px; text-transform: none; widows: 2; word-spacing: 0px; -webkit-text-stroke-width: 0px; white-space: normal; text-decoration-thickness: initial; text-decoration-style: initial; text-decoration-color: initial;\">eco-friendly<\/span>.<\/p>\n","protected":false},"excerpt":{"rendered":"<p>Descripci\u00f3 Aquesta l\u00e0mpada de sostre d&#8217;espart \u00e9s molt m\u00e9s que una font de llum: \u00e9s una pe\u00e7a decorativa que aporta calidesa i naturalitat a qualsevol espai. El seu disseny artesanal, elaborat amb fibres d&#8217;espart trenades a m\u00e0, evoca les tradicions artesanals mediterr\u00e0nies i connecta directament amb la natura, creant una atmosfera relaxant i harm\u00f2nica. La [&hellip;]<\/p>\n","protected":false},"featured_media":18774,"template":"","meta":[],"product_cat":[80,608],"product_tag":[],"class_list":["post-18621","product","type-product","status-publish","has-post-thumbnail","hentry","product_cat-decoracio-complements-i-regals","product_cat-lampades"],"yoast_head":"<!-- This site is optimized with the Yoast SEO plugin v21.5 - https:\/\/yoast.com\/wordpress\/plugins\/seo\/ -->\n<title>L\u00e0mpada de sostre d&#039;espart - Fisandeco<\/title>\n<meta name=\"robots\" content=\"index, follow, max-snippet:-1, max-image-preview:large, max-video-preview:-1\" \/>\n<link rel=\"canonical\" href=\"https:\/\/restauraciofisandeco.com\/ca\/producte\/lampada-de-sostre-despart\/\" \/>\n<meta property=\"og:locale\" content=\"ca_ES\" \/>\n<meta property=\"og:type\" content=\"article\" \/>\n<meta property=\"og:title\" content=\"L\u00e0mpada de sostre d&#039;espart - Fisandeco\" \/>\n<meta property=\"og:description\" content=\"Descripci\u00f3 Aquesta l\u00e0mpada de sostre d&#8217;espart \u00e9s molt m\u00e9s que una font de llum: \u00e9s una pe\u00e7a decorativa que aporta calidesa i naturalitat a qualsevol espai. El seu disseny artesanal, elaborat amb fibres d&#8217;espart trenades a m\u00e0, evoca les tradicions artesanals mediterr\u00e0nies i connecta directament amb la natura, creant una atmosfera relaxant i harm\u00f2nica. La [&hellip;]\" \/>\n<meta property=\"og:url\" content=\"https:\/\/restauraciofisandeco.com\/ca\/producte\/lampada-de-sostre-despart\/\" \/>\n<meta property=\"og:site_name\" content=\"Fisandeco\" \/>\n<meta property=\"article:publisher\" content=\"https:\/\/es-es.facebook.com\/fisandeco\/\" \/>\n<meta property=\"article:modified_time\" content=\"2025-04-17T14:41:01+00:00\" \/>\n<meta property=\"og:image\" content=\"https:\/\/restauraciofisandeco.com\/wp-content\/uploads\/2024\/10\/1-5.png\" \/>\n\t<meta property=\"og:image:width\" content=\"1080\" \/>\n\t<meta property=\"og:image:height\" content=\"1080\" \/>\n\t<meta property=\"og:image:type\" content=\"image\/png\" \/>\n<meta name=\"twitter:card\" content=\"summary_large_image\" \/>\n<meta name=\"twitter:label1\" content=\"Temps estimat de lectura\" \/>\n\t<meta name=\"twitter:data1\" content=\"1 minut\" \/>\n<script type=\"application\/ld+json\" class=\"yoast-schema-graph\">{\"@context\":\"https:\/\/schema.org\",\"@graph\":[{\"@type\":\"WebPage\",\"@id\":\"https:\/\/restauraciofisandeco.com\/ca\/producte\/lampada-de-sostre-despart\/\",\"url\":\"https:\/\/restauraciofisandeco.com\/ca\/producte\/lampada-de-sostre-despart\/\",\"name\":\"L\u00e0mpada de sostre d'espart - Fisandeco\",\"isPartOf\":{\"@id\":\"https:\/\/restauraciofisandeco.com\/ca\/#website\"},\"datePublished\":\"2024-10-21T14:30:34+00:00\",\"dateModified\":\"2025-04-17T14:41:01+00:00\",\"breadcrumb\":{\"@id\":\"https:\/\/restauraciofisandeco.com\/ca\/producte\/lampada-de-sostre-despart\/#breadcrumb\"},\"inLanguage\":\"ca\",\"potentialAction\":[{\"@type\":\"ReadAction\",\"target\":[\"https:\/\/restauraciofisandeco.com\/ca\/producte\/lampada-de-sostre-despart\/\"]}]},{\"@type\":\"BreadcrumbList\",\"@id\":\"https:\/\/restauraciofisandeco.com\/ca\/producte\/lampada-de-sostre-despart\/#breadcrumb\",\"itemListElement\":[{\"@type\":\"ListItem\",\"position\":1,\"name\":\"Home\",\"item\":\"https:\/\/restauraciofisandeco.com\/ca\/\"},{\"@type\":\"ListItem\",\"position\":2,\"name\":\"Botiga\",\"item\":\"https:\/\/restauraciofisandeco.com\/ca\/shop\/\"},{\"@type\":\"ListItem\",\"position\":3,\"name\":\"L\u00e0mpada de sostre d&#8217;espart\"}]},{\"@type\":\"WebSite\",\"@id\":\"https:\/\/restauraciofisandeco.com\/ca\/#website\",\"url\":\"https:\/\/restauraciofisandeco.com\/ca\/\",\"name\":\"Fisandeco\",\"description\":\"\",\"publisher\":{\"@id\":\"https:\/\/restauraciofisandeco.com\/ca\/#organization\"},\"potentialAction\":[{\"@type\":\"SearchAction\",\"target\":{\"@type\":\"EntryPoint\",\"urlTemplate\":\"https:\/\/restauraciofisandeco.com\/ca\/?s={search_term_string}\"},\"query-input\":\"required name=search_term_string\"}],\"inLanguage\":\"ca\"},{\"@type\":\"Organization\",\"@id\":\"https:\/\/restauraciofisandeco.com\/ca\/#organization\",\"name\":\"Fisandeco\",\"url\":\"https:\/\/restauraciofisandeco.com\/ca\/\",\"logo\":{\"@type\":\"ImageObject\",\"inLanguage\":\"ca\",\"@id\":\"https:\/\/restauraciofisandeco.com\/ca\/#\/schema\/logo\/image\/\",\"url\":\"https:\/\/restauraciofisandeco.com\/wp-content\/uploads\/2023\/09\/logo.jpg\",\"contentUrl\":\"https:\/\/restauraciofisandeco.com\/wp-content\/uploads\/2023\/09\/logo.jpg\",\"width\":316,\"height\":316,\"caption\":\"Fisandeco\"},\"image\":{\"@id\":\"https:\/\/restauraciofisandeco.com\/ca\/#\/schema\/logo\/image\/\"},\"sameAs\":[\"https:\/\/es-es.facebook.com\/fisandeco\/\",\"https:\/\/www.instagram.com\/fisandeco\/\"]}]}<\/script>\n<!-- \/ Yoast SEO plugin. -->","yoast_head_json":{"title":"L\u00e0mpada de sostre d'espart - Fisandeco","robots":{"index":"index","follow":"follow","max-snippet":"max-snippet:-1","max-image-preview":"max-image-preview:large","max-video-preview":"max-video-preview:-1"},"canonical":"https:\/\/restauraciofisandeco.com\/ca\/producte\/lampada-de-sostre-despart\/","og_locale":"ca_ES","og_type":"article","og_title":"L\u00e0mpada de sostre d'espart - Fisandeco","og_description":"Descripci\u00f3 Aquesta l\u00e0mpada de sostre d&#8217;espart \u00e9s molt m\u00e9s que una font de llum: \u00e9s una pe\u00e7a decorativa que aporta calidesa i naturalitat a qualsevol espai. El seu disseny artesanal, elaborat amb fibres d&#8217;espart trenades a m\u00e0, evoca les tradicions artesanals mediterr\u00e0nies i connecta directament amb la natura, creant una atmosfera relaxant i harm\u00f2nica. La [&hellip;]","og_url":"https:\/\/restauraciofisandeco.com\/ca\/producte\/lampada-de-sostre-despart\/","og_site_name":"Fisandeco","article_publisher":"https:\/\/es-es.facebook.com\/fisandeco\/","article_modified_time":"2025-04-17T14:41:01+00:00","og_image":[{"width":1080,"height":1080,"url":"https:\/\/restauraciofisandeco.com\/wp-content\/uploads\/2024\/10\/1-5.png","type":"image\/png"}],"twitter_card":"summary_large_image","twitter_misc":{"Temps estimat de lectura":"1 minut"},"schema":{"@context":"https:\/\/schema.org","@graph":[{"@type":"WebPage","@id":"https:\/\/restauraciofisandeco.com\/ca\/producte\/lampada-de-sostre-despart\/","url":"https:\/\/restauraciofisandeco.com\/ca\/producte\/lampada-de-sostre-despart\/","name":"L\u00e0mpada de sostre d'espart - Fisandeco","isPartOf":{"@id":"https:\/\/restauraciofisandeco.com\/ca\/#website"},"datePublished":"2024-10-21T14:30:34+00:00","dateModified":"2025-04-17T14:41:01+00:00","breadcrumb":{"@id":"https:\/\/restauraciofisandeco.com\/ca\/producte\/lampada-de-sostre-despart\/#breadcrumb"},"inLanguage":"ca","potentialAction":[{"@type":"ReadAction","target":["https:\/\/restauraciofisandeco.com\/ca\/producte\/lampada-de-sostre-despart\/"]}]},{"@type":"BreadcrumbList","@id":"https:\/\/restauraciofisandeco.com\/ca\/producte\/lampada-de-sostre-despart\/#breadcrumb","itemListElement":[{"@type":"ListItem","position":1,"name":"Home","item":"https:\/\/restauraciofisandeco.com\/ca\/"},{"@type":"ListItem","position":2,"name":"Botiga","item":"https:\/\/restauraciofisandeco.com\/ca\/shop\/"},{"@type":"ListItem","position":3,"name":"L\u00e0mpada de sostre d&#8217;espart"}]},{"@type":"WebSite","@id":"https:\/\/restauraciofisandeco.com\/ca\/#website","url":"https:\/\/restauraciofisandeco.com\/ca\/","name":"Fisandeco","description":"","publisher":{"@id":"https:\/\/restauraciofisandeco.com\/ca\/#organization"},"potentialAction":[{"@type":"SearchAction","target":{"@type":"EntryPoint","urlTemplate":"https:\/\/restauraciofisandeco.com\/ca\/?s={search_term_string}"},"query-input":"required name=search_term_string"}],"inLanguage":"ca"},{"@type":"Organization","@id":"https:\/\/restauraciofisandeco.com\/ca\/#organization","name":"Fisandeco","url":"https:\/\/restauraciofisandeco.com\/ca\/","logo":{"@type":"ImageObject","inLanguage":"ca","@id":"https:\/\/restauraciofisandeco.com\/ca\/#\/schema\/logo\/image\/","url":"https:\/\/restauraciofisandeco.com\/wp-content\/uploads\/2023\/09\/logo.jpg","contentUrl":"https:\/\/restauraciofisandeco.com\/wp-content\/uploads\/2023\/09\/logo.jpg","width":316,"height":316,"caption":"Fisandeco"},"image":{"@id":"https:\/\/restauraciofisandeco.com\/ca\/#\/schema\/logo\/image\/"},"sameAs":["https:\/\/es-es.facebook.com\/fisandeco\/","https:\/\/www.instagram.com\/fisandeco\/"]}]}},"_links":{"self":[{"href":"https:\/\/restauraciofisandeco.com\/ca\/wp-json\/wp\/v2\/product\/18621","targetHints":{"allow":["GET"]}}],"collection":[{"href":"https:\/\/restauraciofisandeco.com\/ca\/wp-json\/wp\/v2\/product"}],"about":[{"href":"https:\/\/restauraciofisandeco.com\/ca\/wp-json\/wp\/v2\/types\/product"}],"version-history":[{"count":4,"href":"https:\/\/restauraciofisandeco.com\/ca\/wp-json\/wp\/v2\/product\/18621\/revisions"}],"predecessor-version":[{"id":18780,"href":"https:\/\/restauraciofisandeco.com\/ca\/wp-json\/wp\/v2\/product\/18621\/revisions\/18780"}],"wp:featuredmedia":[{"embeddable":true,"href":"https:\/\/restauraciofisandeco.com\/ca\/wp-json\/wp\/v2\/media\/18774"}],"wp:attachment":[{"href":"https:\/\/restauraciofisandeco.com\/ca\/wp-json\/wp\/v2\/media?parent=18621"}],"wp:term":[{"taxonomy":"product_cat","embeddable":true,"href":"https:\/\/restauraciofisandeco.com\/ca\/wp-json\/wp\/v2\/product_cat?post=18621"},{"taxonomy":"product_tag","embeddable":true,"href":"https:\/\/restauraciofisandeco.com\/ca\/wp-json\/wp\/v2\/product_tag?post=18621"}],"curies":[{"name":"wp","href":"https:\/\/api.w.org\/{rel}","templated":true}]}}