{"id":18597,"date":"2024-10-17T17:07:11","date_gmt":"2024-10-17T15:07:11","guid":{"rendered":"https:\/\/restauraciofisandeco.com\/?post_type=product&#038;p=18597"},"modified":"2025-04-17T18:08:26","modified_gmt":"2025-04-17T16:08:26","slug":"tauleta-de-nit-de-potes-altes","status":"publish","type":"product","link":"https:\/\/restauraciofisandeco.com\/ca\/producte\/tauleta-de-nit-de-potes-altes\/","title":{"rendered":"Tauleta de nit de potes altes"},"content":{"rendered":"<h2>Descripci\u00f3<\/h2>\n<p>Tauleta de nit amb potes altes i dos calaixos: Encant r\u00fastic amb personalitat \u00fanica.<br \/>\nAquesta preciosa tauleta de nit combina una est\u00e8tica r\u00fastica amb detalls decoratius que la converteixen en una pe\u00e7a \u00fanica. Les seves potes altes estilitzades li donen una pres\u00e8ncia elegant, mentre que els dos calaixos ofereixen espai d&#8217;emmagatzematge pr\u00e0ctic.<br \/>\nL&#8217;acabat general de la tauleta destaca per una pintura lleugerament desgastada, de color caf\u00e8 amb llet que crea un efecte de &#8220;<span class=\"hiddenSpellError\">shabby<\/span>\u00a0<span class=\"hiddenSpellError\">chic<\/span>&#8220;, evocant el pas del temps i oferint un aire vintage molt acollidor.<br \/>\nEl toc que fa realment especial aquesta tauleta s\u00f3n els calaixos decorats amb la t\u00e8cnica del\u00a0<span class=\"hiddenSpellError\">decoupage<\/span>, utilitzant paper artesanal amb fulletes incrustades. Aquest detall afegeix un aire natural i fresc, integrant elements de la natura en el moble i creant una connexi\u00f3 org\u00e0nica entre el disseny i els materials.<\/p>\n","protected":false},"excerpt":{"rendered":"<p>Descripci\u00f3 Tauleta de nit amb potes altes i dos calaixos: Encant r\u00fastic amb personalitat \u00fanica. Aquesta preciosa tauleta de nit combina una est\u00e8tica r\u00fastica amb detalls decoratius que la converteixen en una pe\u00e7a \u00fanica. Les seves potes altes estilitzades li donen una pres\u00e8ncia elegant, mentre que els dos calaixos ofereixen espai d&#8217;emmagatzematge pr\u00e0ctic. L&#8217;acabat general [&hellip;]<\/p>\n","protected":false},"featured_media":18791,"template":"","meta":[],"product_cat":[620,79],"product_tag":[],"class_list":["post-18597","product","type-product","status-publish","has-post-thumbnail","hentry","product_cat-tauletes-de-nit","product_cat-mobles-dinterior-i-exterior"],"yoast_head":"<!-- This site is optimized with the Yoast SEO plugin v21.5 - https:\/\/yoast.com\/wordpress\/plugins\/seo\/ -->\n<title>Tauleta de nit de potes altes - Fisandeco<\/title>\n<meta name=\"robots\" content=\"index, follow, max-snippet:-1, max-image-preview:large, max-video-preview:-1\" \/>\n<link rel=\"canonical\" href=\"https:\/\/restauraciofisandeco.com\/ca\/producte\/tauleta-de-nit-de-potes-altes\/\" \/>\n<meta property=\"og:locale\" content=\"ca_ES\" \/>\n<meta property=\"og:type\" content=\"article\" \/>\n<meta property=\"og:title\" content=\"Tauleta de nit de potes altes - Fisandeco\" \/>\n<meta property=\"og:description\" content=\"Descripci\u00f3 Tauleta de nit amb potes altes i dos calaixos: Encant r\u00fastic amb personalitat \u00fanica. Aquesta preciosa tauleta de nit combina una est\u00e8tica r\u00fastica amb detalls decoratius que la converteixen en una pe\u00e7a \u00fanica. Les seves potes altes estilitzades li donen una pres\u00e8ncia elegant, mentre que els dos calaixos ofereixen espai d&#8217;emmagatzematge pr\u00e0ctic. L&#8217;acabat general [&hellip;]\" \/>\n<meta property=\"og:url\" content=\"https:\/\/restauraciofisandeco.com\/ca\/producte\/tauleta-de-nit-de-potes-altes\/\" \/>\n<meta property=\"og:site_name\" content=\"Fisandeco\" \/>\n<meta property=\"article:publisher\" content=\"https:\/\/es-es.facebook.com\/fisandeco\/\" \/>\n<meta property=\"article:modified_time\" content=\"2025-04-17T16:08:26+00:00\" \/>\n<meta property=\"og:image\" content=\"https:\/\/restauraciofisandeco.com\/wp-content\/uploads\/2024\/10\/1-6.png\" \/>\n\t<meta property=\"og:image:width\" content=\"1080\" \/>\n\t<meta property=\"og:image:height\" content=\"1080\" \/>\n\t<meta property=\"og:image:type\" content=\"image\/png\" \/>\n<meta name=\"twitter:card\" content=\"summary_large_image\" \/>\n<meta name=\"twitter:label1\" content=\"Temps estimat de lectura\" \/>\n\t<meta name=\"twitter:data1\" content=\"1 minut\" \/>\n<script type=\"application\/ld+json\" class=\"yoast-schema-graph\">{\"@context\":\"https:\/\/schema.org\",\"@graph\":[{\"@type\":\"WebPage\",\"@id\":\"https:\/\/restauraciofisandeco.com\/ca\/producte\/tauleta-de-nit-de-potes-altes\/\",\"url\":\"https:\/\/restauraciofisandeco.com\/ca\/producte\/tauleta-de-nit-de-potes-altes\/\",\"name\":\"Tauleta de nit de potes altes - Fisandeco\",\"isPartOf\":{\"@id\":\"https:\/\/restauraciofisandeco.com\/ca\/#website\"},\"datePublished\":\"2024-10-17T15:07:11+00:00\",\"dateModified\":\"2025-04-17T16:08:26+00:00\",\"breadcrumb\":{\"@id\":\"https:\/\/restauraciofisandeco.com\/ca\/producte\/tauleta-de-nit-de-potes-altes\/#breadcrumb\"},\"inLanguage\":\"ca\",\"potentialAction\":[{\"@type\":\"ReadAction\",\"target\":[\"https:\/\/restauraciofisandeco.com\/ca\/producte\/tauleta-de-nit-de-potes-altes\/\"]}]},{\"@type\":\"BreadcrumbList\",\"@id\":\"https:\/\/restauraciofisandeco.com\/ca\/producte\/tauleta-de-nit-de-potes-altes\/#breadcrumb\",\"itemListElement\":[{\"@type\":\"ListItem\",\"position\":1,\"name\":\"Home\",\"item\":\"https:\/\/restauraciofisandeco.com\/ca\/\"},{\"@type\":\"ListItem\",\"position\":2,\"name\":\"Botiga\",\"item\":\"https:\/\/restauraciofisandeco.com\/ca\/shop\/\"},{\"@type\":\"ListItem\",\"position\":3,\"name\":\"Tauleta de nit de potes altes\"}]},{\"@type\":\"WebSite\",\"@id\":\"https:\/\/restauraciofisandeco.com\/ca\/#website\",\"url\":\"https:\/\/restauraciofisandeco.com\/ca\/\",\"name\":\"Fisandeco\",\"description\":\"\",\"publisher\":{\"@id\":\"https:\/\/restauraciofisandeco.com\/ca\/#organization\"},\"potentialAction\":[{\"@type\":\"SearchAction\",\"target\":{\"@type\":\"EntryPoint\",\"urlTemplate\":\"https:\/\/restauraciofisandeco.com\/ca\/?s={search_term_string}\"},\"query-input\":\"required name=search_term_string\"}],\"inLanguage\":\"ca\"},{\"@type\":\"Organization\",\"@id\":\"https:\/\/restauraciofisandeco.com\/ca\/#organization\",\"name\":\"Fisandeco\",\"url\":\"https:\/\/restauraciofisandeco.com\/ca\/\",\"logo\":{\"@type\":\"ImageObject\",\"inLanguage\":\"ca\",\"@id\":\"https:\/\/restauraciofisandeco.com\/ca\/#\/schema\/logo\/image\/\",\"url\":\"https:\/\/restauraciofisandeco.com\/wp-content\/uploads\/2023\/09\/logo.jpg\",\"contentUrl\":\"https:\/\/restauraciofisandeco.com\/wp-content\/uploads\/2023\/09\/logo.jpg\",\"width\":316,\"height\":316,\"caption\":\"Fisandeco\"},\"image\":{\"@id\":\"https:\/\/restauraciofisandeco.com\/ca\/#\/schema\/logo\/image\/\"},\"sameAs\":[\"https:\/\/es-es.facebook.com\/fisandeco\/\",\"https:\/\/www.instagram.com\/fisandeco\/\"]}]}<\/script>\n<!-- \/ Yoast SEO plugin. -->","yoast_head_json":{"title":"Tauleta de nit de potes altes - Fisandeco","robots":{"index":"index","follow":"follow","max-snippet":"max-snippet:-1","max-image-preview":"max-image-preview:large","max-video-preview":"max-video-preview:-1"},"canonical":"https:\/\/restauraciofisandeco.com\/ca\/producte\/tauleta-de-nit-de-potes-altes\/","og_locale":"ca_ES","og_type":"article","og_title":"Tauleta de nit de potes altes - Fisandeco","og_description":"Descripci\u00f3 Tauleta de nit amb potes altes i dos calaixos: Encant r\u00fastic amb personalitat \u00fanica. Aquesta preciosa tauleta de nit combina una est\u00e8tica r\u00fastica amb detalls decoratius que la converteixen en una pe\u00e7a \u00fanica. Les seves potes altes estilitzades li donen una pres\u00e8ncia elegant, mentre que els dos calaixos ofereixen espai d&#8217;emmagatzematge pr\u00e0ctic. L&#8217;acabat general [&hellip;]","og_url":"https:\/\/restauraciofisandeco.com\/ca\/producte\/tauleta-de-nit-de-potes-altes\/","og_site_name":"Fisandeco","article_publisher":"https:\/\/es-es.facebook.com\/fisandeco\/","article_modified_time":"2025-04-17T16:08:26+00:00","og_image":[{"width":1080,"height":1080,"url":"https:\/\/restauraciofisandeco.com\/wp-content\/uploads\/2024\/10\/1-6.png","type":"image\/png"}],"twitter_card":"summary_large_image","twitter_misc":{"Temps estimat de lectura":"1 minut"},"schema":{"@context":"https:\/\/schema.org","@graph":[{"@type":"WebPage","@id":"https:\/\/restauraciofisandeco.com\/ca\/producte\/tauleta-de-nit-de-potes-altes\/","url":"https:\/\/restauraciofisandeco.com\/ca\/producte\/tauleta-de-nit-de-potes-altes\/","name":"Tauleta de nit de potes altes - Fisandeco","isPartOf":{"@id":"https:\/\/restauraciofisandeco.com\/ca\/#website"},"datePublished":"2024-10-17T15:07:11+00:00","dateModified":"2025-04-17T16:08:26+00:00","breadcrumb":{"@id":"https:\/\/restauraciofisandeco.com\/ca\/producte\/tauleta-de-nit-de-potes-altes\/#breadcrumb"},"inLanguage":"ca","potentialAction":[{"@type":"ReadAction","target":["https:\/\/restauraciofisandeco.com\/ca\/producte\/tauleta-de-nit-de-potes-altes\/"]}]},{"@type":"BreadcrumbList","@id":"https:\/\/restauraciofisandeco.com\/ca\/producte\/tauleta-de-nit-de-potes-altes\/#breadcrumb","itemListElement":[{"@type":"ListItem","position":1,"name":"Home","item":"https:\/\/restauraciofisandeco.com\/ca\/"},{"@type":"ListItem","position":2,"name":"Botiga","item":"https:\/\/restauraciofisandeco.com\/ca\/shop\/"},{"@type":"ListItem","position":3,"name":"Tauleta de nit de potes altes"}]},{"@type":"WebSite","@id":"https:\/\/restauraciofisandeco.com\/ca\/#website","url":"https:\/\/restauraciofisandeco.com\/ca\/","name":"Fisandeco","description":"","publisher":{"@id":"https:\/\/restauraciofisandeco.com\/ca\/#organization"},"potentialAction":[{"@type":"SearchAction","target":{"@type":"EntryPoint","urlTemplate":"https:\/\/restauraciofisandeco.com\/ca\/?s={search_term_string}"},"query-input":"required name=search_term_string"}],"inLanguage":"ca"},{"@type":"Organization","@id":"https:\/\/restauraciofisandeco.com\/ca\/#organization","name":"Fisandeco","url":"https:\/\/restauraciofisandeco.com\/ca\/","logo":{"@type":"ImageObject","inLanguage":"ca","@id":"https:\/\/restauraciofisandeco.com\/ca\/#\/schema\/logo\/image\/","url":"https:\/\/restauraciofisandeco.com\/wp-content\/uploads\/2023\/09\/logo.jpg","contentUrl":"https:\/\/restauraciofisandeco.com\/wp-content\/uploads\/2023\/09\/logo.jpg","width":316,"height":316,"caption":"Fisandeco"},"image":{"@id":"https:\/\/restauraciofisandeco.com\/ca\/#\/schema\/logo\/image\/"},"sameAs":["https:\/\/es-es.facebook.com\/fisandeco\/","https:\/\/www.instagram.com\/fisandeco\/"]}]}},"_links":{"self":[{"href":"https:\/\/restauraciofisandeco.com\/ca\/wp-json\/wp\/v2\/product\/18597","targetHints":{"allow":["GET"]}}],"collection":[{"href":"https:\/\/restauraciofisandeco.com\/ca\/wp-json\/wp\/v2\/product"}],"about":[{"href":"https:\/\/restauraciofisandeco.com\/ca\/wp-json\/wp\/v2\/types\/product"}],"version-history":[{"count":4,"href":"https:\/\/restauraciofisandeco.com\/ca\/wp-json\/wp\/v2\/product\/18597\/revisions"}],"predecessor-version":[{"id":18799,"href":"https:\/\/restauraciofisandeco.com\/ca\/wp-json\/wp\/v2\/product\/18597\/revisions\/18799"}],"wp:featuredmedia":[{"embeddable":true,"href":"https:\/\/restauraciofisandeco.com\/ca\/wp-json\/wp\/v2\/media\/18791"}],"wp:attachment":[{"href":"https:\/\/restauraciofisandeco.com\/ca\/wp-json\/wp\/v2\/media?parent=18597"}],"wp:term":[{"taxonomy":"product_cat","embeddable":true,"href":"https:\/\/restauraciofisandeco.com\/ca\/wp-json\/wp\/v2\/product_cat?post=18597"},{"taxonomy":"product_tag","embeddable":true,"href":"https:\/\/restauraciofisandeco.com\/ca\/wp-json\/wp\/v2\/product_tag?post=18597"}],"curies":[{"name":"wp","href":"https:\/\/api.w.org\/{rel}","templated":true}]}}