{"id":18427,"date":"2024-06-18T12:24:23","date_gmt":"2024-06-18T10:24:23","guid":{"rendered":"https:\/\/restauraciofisandeco.com\/?post_type=product&#038;p=18427"},"modified":"2024-07-03T17:34:56","modified_gmt":"2024-07-03T15:34:56","slug":"sacs-termics","status":"publish","type":"product","link":"https:\/\/restauraciofisandeco.com\/ca\/producte\/sacs-termics\/","title":{"rendered":"Sacs t\u00e8rmics"},"content":{"rendered":"<h2>Descripci\u00f3<\/h2>\n<p>Sacs t\u00e8rmics desenfundables disponibles en tres mides diferents segons la zona afectada: Gran (G), Mitjana (M) i Petita (P).<\/p>\n<p>Els sacs estan farcits de blat i flors d\u2019esp\u00edgol dessecades d\u2019agradable olor. L&#8217;esp\u00edgol \u00e9s una planta medicinal relaxant utilitzada com a remei per calmar l\u2019ansietat, tractar l\u2019insomni i alleujar el mal de cap o la migranya.<\/p>\n<p>o\u00a0\u00a0<strong>Caracter\u00edstiques<\/strong><\/p>\n<p>S\u00f3n bosses confeccionades amb teixits de cot\u00f3 100% farcides de llavors i herbes arom\u00e0tiques. Les llavors (blat, c\u00e0nem, ve\u00e7a\u2026), gr\u00e0cies a la seva estructura cel\u00b7lular, tenen la capacitat d\u2019absorbir la calor i el fred amb rapidesa i alliberar-lo lentament i uniformement. Les herbes arom\u00e0tiques (esp\u00edgol, eucaliptus, menta, roman\u00ed\u2026) s\u2019utilitzen deshidratades perqu\u00e8 aix\u00ed mantenen l\u2019olor molt m\u00e9s temps.<\/p>\n<p>o\u00a0\u00a0<strong>Aplicacions<\/strong><\/p>\n<ol>\n<li>Termoter\u00e0pia<\/li>\n<\/ol>\n<p>Escalfar en el microones entre 1-2 minuts o en el forn a m\u00e0xim\u00a0180 \u00b0C uns 10 minuts i aplicar en la zona afectada en cas de dolor\u00a0d\u2019esquena (cervical, lumbar, dorsal), dolor menstrual, tensi\u00f3\u00a0muscular, torticolis, artritis i artrosis, ci\u00e0tica, tendinitis, c\u00f2lics\u00a0\u00a0infantils, o simplement per combatre el fred.<\/p>\n<ol>\n<li>Crioter\u00e0pia<\/li>\n<\/ol>\n<p>Introduir el saquet dins una bossa de pl\u00e0stic herm\u00e8tica, deixar a la\u00a0nevera o congelador i quan estigui fred aplicar en la zona desitjada\u00a0en cas d\u2019estr\u00e8s i cansament, mal de cap i migranyes, contusions\u00a0i cops, relaxaci\u00f3 ocular (ulls inflats), picades d\u2019insectes, cremades,\u00a0varius i dolor dental.<\/p>\n<p>&nbsp;<\/p>\n<p>&nbsp;<\/p>\n","protected":false},"excerpt":{"rendered":"<p>Descripci\u00f3 Sacs t\u00e8rmics desenfundables disponibles en tres mides diferents segons la zona afectada: Gran (G), Mitjana (M) i Petita (P). Els sacs estan farcits de blat i flors d\u2019esp\u00edgol dessecades d\u2019agradable olor. L&#8217;esp\u00edgol \u00e9s una planta medicinal relaxant utilitzada com a remei per calmar l\u2019ansietat, tractar l\u2019insomni i alleujar el mal de cap o la [&hellip;]<\/p>\n","protected":false},"featured_media":18433,"template":"","meta":[],"product_cat":[80,614],"product_tag":[],"class_list":["post-18427","product","type-product","status-publish","has-post-thumbnail","hentry","product_cat-decoracio-complements-i-regals","product_cat-altres-complements"],"yoast_head":"<!-- This site is optimized with the Yoast SEO plugin v21.5 - https:\/\/yoast.com\/wordpress\/plugins\/seo\/ -->\n<title>Sacs t\u00e8rmics - Fisandeco<\/title>\n<meta name=\"robots\" content=\"index, follow, max-snippet:-1, max-image-preview:large, max-video-preview:-1\" \/>\n<link rel=\"canonical\" href=\"https:\/\/restauraciofisandeco.com\/ca\/producte\/sacs-termics\/\" \/>\n<meta property=\"og:locale\" content=\"ca_ES\" \/>\n<meta property=\"og:type\" content=\"article\" \/>\n<meta property=\"og:title\" content=\"Sacs t\u00e8rmics - Fisandeco\" \/>\n<meta property=\"og:description\" content=\"Descripci\u00f3 Sacs t\u00e8rmics desenfundables disponibles en tres mides diferents segons la zona afectada: Gran (G), Mitjana (M) i Petita (P). Els sacs estan farcits de blat i flors d\u2019esp\u00edgol dessecades d\u2019agradable olor. L&#8217;esp\u00edgol \u00e9s una planta medicinal relaxant utilitzada com a remei per calmar l\u2019ansietat, tractar l\u2019insomni i alleujar el mal de cap o la [&hellip;]\" \/>\n<meta property=\"og:url\" content=\"https:\/\/restauraciofisandeco.com\/ca\/producte\/sacs-termics\/\" \/>\n<meta property=\"og:site_name\" content=\"Fisandeco\" \/>\n<meta property=\"article:publisher\" content=\"https:\/\/es-es.facebook.com\/fisandeco\/\" \/>\n<meta property=\"article:modified_time\" content=\"2024-07-03T15:34:56+00:00\" \/>\n<meta property=\"og:image\" content=\"https:\/\/restauraciofisandeco.com\/wp-content\/uploads\/2024\/06\/1-18.png\" \/>\n\t<meta property=\"og:image:width\" content=\"1080\" \/>\n\t<meta property=\"og:image:height\" content=\"1080\" \/>\n\t<meta property=\"og:image:type\" content=\"image\/png\" \/>\n<meta name=\"twitter:card\" content=\"summary_large_image\" \/>\n<meta name=\"twitter:label1\" content=\"Temps estimat de lectura\" \/>\n\t<meta name=\"twitter:data1\" content=\"2 minuts\" \/>\n<script type=\"application\/ld+json\" class=\"yoast-schema-graph\">{\"@context\":\"https:\/\/schema.org\",\"@graph\":[{\"@type\":\"WebPage\",\"@id\":\"https:\/\/restauraciofisandeco.com\/ca\/producte\/sacs-termics\/\",\"url\":\"https:\/\/restauraciofisandeco.com\/ca\/producte\/sacs-termics\/\",\"name\":\"Sacs t\u00e8rmics - Fisandeco\",\"isPartOf\":{\"@id\":\"https:\/\/restauraciofisandeco.com\/ca\/#website\"},\"datePublished\":\"2024-06-18T10:24:23+00:00\",\"dateModified\":\"2024-07-03T15:34:56+00:00\",\"breadcrumb\":{\"@id\":\"https:\/\/restauraciofisandeco.com\/ca\/producte\/sacs-termics\/#breadcrumb\"},\"inLanguage\":\"ca\",\"potentialAction\":[{\"@type\":\"ReadAction\",\"target\":[\"https:\/\/restauraciofisandeco.com\/ca\/producte\/sacs-termics\/\"]}]},{\"@type\":\"BreadcrumbList\",\"@id\":\"https:\/\/restauraciofisandeco.com\/ca\/producte\/sacs-termics\/#breadcrumb\",\"itemListElement\":[{\"@type\":\"ListItem\",\"position\":1,\"name\":\"Home\",\"item\":\"https:\/\/restauraciofisandeco.com\/ca\/\"},{\"@type\":\"ListItem\",\"position\":2,\"name\":\"Botiga\",\"item\":\"https:\/\/restauraciofisandeco.com\/ca\/shop\/\"},{\"@type\":\"ListItem\",\"position\":3,\"name\":\"Sacs t\u00e8rmics\"}]},{\"@type\":\"WebSite\",\"@id\":\"https:\/\/restauraciofisandeco.com\/ca\/#website\",\"url\":\"https:\/\/restauraciofisandeco.com\/ca\/\",\"name\":\"Fisandeco\",\"description\":\"\",\"publisher\":{\"@id\":\"https:\/\/restauraciofisandeco.com\/ca\/#organization\"},\"potentialAction\":[{\"@type\":\"SearchAction\",\"target\":{\"@type\":\"EntryPoint\",\"urlTemplate\":\"https:\/\/restauraciofisandeco.com\/ca\/?s={search_term_string}\"},\"query-input\":\"required name=search_term_string\"}],\"inLanguage\":\"ca\"},{\"@type\":\"Organization\",\"@id\":\"https:\/\/restauraciofisandeco.com\/ca\/#organization\",\"name\":\"Fisandeco\",\"url\":\"https:\/\/restauraciofisandeco.com\/ca\/\",\"logo\":{\"@type\":\"ImageObject\",\"inLanguage\":\"ca\",\"@id\":\"https:\/\/restauraciofisandeco.com\/ca\/#\/schema\/logo\/image\/\",\"url\":\"https:\/\/restauraciofisandeco.com\/wp-content\/uploads\/2023\/09\/logo.jpg\",\"contentUrl\":\"https:\/\/restauraciofisandeco.com\/wp-content\/uploads\/2023\/09\/logo.jpg\",\"width\":316,\"height\":316,\"caption\":\"Fisandeco\"},\"image\":{\"@id\":\"https:\/\/restauraciofisandeco.com\/ca\/#\/schema\/logo\/image\/\"},\"sameAs\":[\"https:\/\/es-es.facebook.com\/fisandeco\/\",\"https:\/\/www.instagram.com\/fisandeco\/\"]}]}<\/script>\n<!-- \/ Yoast SEO plugin. -->","yoast_head_json":{"title":"Sacs t\u00e8rmics - Fisandeco","robots":{"index":"index","follow":"follow","max-snippet":"max-snippet:-1","max-image-preview":"max-image-preview:large","max-video-preview":"max-video-preview:-1"},"canonical":"https:\/\/restauraciofisandeco.com\/ca\/producte\/sacs-termics\/","og_locale":"ca_ES","og_type":"article","og_title":"Sacs t\u00e8rmics - Fisandeco","og_description":"Descripci\u00f3 Sacs t\u00e8rmics desenfundables disponibles en tres mides diferents segons la zona afectada: Gran (G), Mitjana (M) i Petita (P). Els sacs estan farcits de blat i flors d\u2019esp\u00edgol dessecades d\u2019agradable olor. L&#8217;esp\u00edgol \u00e9s una planta medicinal relaxant utilitzada com a remei per calmar l\u2019ansietat, tractar l\u2019insomni i alleujar el mal de cap o la [&hellip;]","og_url":"https:\/\/restauraciofisandeco.com\/ca\/producte\/sacs-termics\/","og_site_name":"Fisandeco","article_publisher":"https:\/\/es-es.facebook.com\/fisandeco\/","article_modified_time":"2024-07-03T15:34:56+00:00","og_image":[{"width":1080,"height":1080,"url":"https:\/\/restauraciofisandeco.com\/wp-content\/uploads\/2024\/06\/1-18.png","type":"image\/png"}],"twitter_card":"summary_large_image","twitter_misc":{"Temps estimat de lectura":"2 minuts"},"schema":{"@context":"https:\/\/schema.org","@graph":[{"@type":"WebPage","@id":"https:\/\/restauraciofisandeco.com\/ca\/producte\/sacs-termics\/","url":"https:\/\/restauraciofisandeco.com\/ca\/producte\/sacs-termics\/","name":"Sacs t\u00e8rmics - Fisandeco","isPartOf":{"@id":"https:\/\/restauraciofisandeco.com\/ca\/#website"},"datePublished":"2024-06-18T10:24:23+00:00","dateModified":"2024-07-03T15:34:56+00:00","breadcrumb":{"@id":"https:\/\/restauraciofisandeco.com\/ca\/producte\/sacs-termics\/#breadcrumb"},"inLanguage":"ca","potentialAction":[{"@type":"ReadAction","target":["https:\/\/restauraciofisandeco.com\/ca\/producte\/sacs-termics\/"]}]},{"@type":"BreadcrumbList","@id":"https:\/\/restauraciofisandeco.com\/ca\/producte\/sacs-termics\/#breadcrumb","itemListElement":[{"@type":"ListItem","position":1,"name":"Home","item":"https:\/\/restauraciofisandeco.com\/ca\/"},{"@type":"ListItem","position":2,"name":"Botiga","item":"https:\/\/restauraciofisandeco.com\/ca\/shop\/"},{"@type":"ListItem","position":3,"name":"Sacs t\u00e8rmics"}]},{"@type":"WebSite","@id":"https:\/\/restauraciofisandeco.com\/ca\/#website","url":"https:\/\/restauraciofisandeco.com\/ca\/","name":"Fisandeco","description":"","publisher":{"@id":"https:\/\/restauraciofisandeco.com\/ca\/#organization"},"potentialAction":[{"@type":"SearchAction","target":{"@type":"EntryPoint","urlTemplate":"https:\/\/restauraciofisandeco.com\/ca\/?s={search_term_string}"},"query-input":"required name=search_term_string"}],"inLanguage":"ca"},{"@type":"Organization","@id":"https:\/\/restauraciofisandeco.com\/ca\/#organization","name":"Fisandeco","url":"https:\/\/restauraciofisandeco.com\/ca\/","logo":{"@type":"ImageObject","inLanguage":"ca","@id":"https:\/\/restauraciofisandeco.com\/ca\/#\/schema\/logo\/image\/","url":"https:\/\/restauraciofisandeco.com\/wp-content\/uploads\/2023\/09\/logo.jpg","contentUrl":"https:\/\/restauraciofisandeco.com\/wp-content\/uploads\/2023\/09\/logo.jpg","width":316,"height":316,"caption":"Fisandeco"},"image":{"@id":"https:\/\/restauraciofisandeco.com\/ca\/#\/schema\/logo\/image\/"},"sameAs":["https:\/\/es-es.facebook.com\/fisandeco\/","https:\/\/www.instagram.com\/fisandeco\/"]}]}},"_links":{"self":[{"href":"https:\/\/restauraciofisandeco.com\/ca\/wp-json\/wp\/v2\/product\/18427","targetHints":{"allow":["GET"]}}],"collection":[{"href":"https:\/\/restauraciofisandeco.com\/ca\/wp-json\/wp\/v2\/product"}],"about":[{"href":"https:\/\/restauraciofisandeco.com\/ca\/wp-json\/wp\/v2\/types\/product"}],"version-history":[{"count":6,"href":"https:\/\/restauraciofisandeco.com\/ca\/wp-json\/wp\/v2\/product\/18427\/revisions"}],"predecessor-version":[{"id":18472,"href":"https:\/\/restauraciofisandeco.com\/ca\/wp-json\/wp\/v2\/product\/18427\/revisions\/18472"}],"wp:featuredmedia":[{"embeddable":true,"href":"https:\/\/restauraciofisandeco.com\/ca\/wp-json\/wp\/v2\/media\/18433"}],"wp:attachment":[{"href":"https:\/\/restauraciofisandeco.com\/ca\/wp-json\/wp\/v2\/media?parent=18427"}],"wp:term":[{"taxonomy":"product_cat","embeddable":true,"href":"https:\/\/restauraciofisandeco.com\/ca\/wp-json\/wp\/v2\/product_cat?post=18427"},{"taxonomy":"product_tag","embeddable":true,"href":"https:\/\/restauraciofisandeco.com\/ca\/wp-json\/wp\/v2\/product_tag?post=18427"}],"curies":[{"name":"wp","href":"https:\/\/api.w.org\/{rel}","templated":true}]}}