{"id":18314,"date":"2024-06-12T15:01:27","date_gmt":"2024-06-12T13:01:27","guid":{"rendered":"https:\/\/restauraciofisandeco.com\/?post_type=product&#038;p=18314"},"modified":"2024-06-12T17:04:46","modified_gmt":"2024-06-12T15:04:46","slug":"lampada-de-sostre-amb-serrells-blancs","status":"publish","type":"product","link":"https:\/\/restauraciofisandeco.com\/ca\/producte\/lampada-de-sostre-amb-serrells-blancs\/","title":{"rendered":"L\u00e0mpada de sostre amb serrells blancs"},"content":{"rendered":"<h2>Descripci\u00f3<\/h2>\n<p>L\u00e0mpada de sostre, confeccionada amb un parell de c\u00e8rcols i boletes de fusta de color natural i decorada amb serrells blancs.<\/p>\n","protected":false},"excerpt":{"rendered":"<p>Descripci\u00f3 L\u00e0mpada de sostre, confeccionada amb un parell de c\u00e8rcols i boletes de fusta de color natural i decorada amb serrells blancs.<\/p>\n","protected":false},"featured_media":18316,"template":"","meta":[],"product_cat":[80,608],"product_tag":[],"class_list":["post-18314","product","type-product","status-publish","has-post-thumbnail","hentry","product_cat-decoracio-complements-i-regals","product_cat-lampades"],"yoast_head":"<!-- This site is optimized with the Yoast SEO plugin v21.5 - https:\/\/yoast.com\/wordpress\/plugins\/seo\/ -->\n<title>L\u00e0mpada de sostre amb serrells blancs - Fisandeco<\/title>\n<meta name=\"robots\" content=\"index, follow, max-snippet:-1, max-image-preview:large, max-video-preview:-1\" \/>\n<link rel=\"canonical\" href=\"https:\/\/restauraciofisandeco.com\/ca\/producte\/lampada-de-sostre-amb-serrells-blancs\/\" \/>\n<meta property=\"og:locale\" content=\"ca_ES\" \/>\n<meta property=\"og:type\" content=\"article\" \/>\n<meta property=\"og:title\" content=\"L\u00e0mpada de sostre amb serrells blancs - Fisandeco\" \/>\n<meta property=\"og:description\" content=\"Descripci\u00f3 L\u00e0mpada de sostre, confeccionada amb un parell de c\u00e8rcols i boletes de fusta de color natural i decorada amb serrells blancs.\" \/>\n<meta property=\"og:url\" content=\"https:\/\/restauraciofisandeco.com\/ca\/producte\/lampada-de-sostre-amb-serrells-blancs\/\" \/>\n<meta property=\"og:site_name\" content=\"Fisandeco\" \/>\n<meta property=\"article:publisher\" content=\"https:\/\/es-es.facebook.com\/fisandeco\/\" \/>\n<meta property=\"article:modified_time\" content=\"2024-06-12T15:04:46+00:00\" \/>\n<meta property=\"og:image\" content=\"https:\/\/restauraciofisandeco.com\/wp-content\/uploads\/2024\/06\/1-13.png\" \/>\n\t<meta property=\"og:image:width\" content=\"1080\" \/>\n\t<meta property=\"og:image:height\" content=\"1080\" \/>\n\t<meta property=\"og:image:type\" content=\"image\/png\" \/>\n<meta name=\"twitter:card\" content=\"summary_large_image\" \/>\n<meta name=\"twitter:label1\" content=\"Temps estimat de lectura\" \/>\n\t<meta name=\"twitter:data1\" content=\"1 minut\" \/>\n<script type=\"application\/ld+json\" class=\"yoast-schema-graph\">{\"@context\":\"https:\/\/schema.org\",\"@graph\":[{\"@type\":\"WebPage\",\"@id\":\"https:\/\/restauraciofisandeco.com\/ca\/producte\/lampada-de-sostre-amb-serrells-blancs\/\",\"url\":\"https:\/\/restauraciofisandeco.com\/ca\/producte\/lampada-de-sostre-amb-serrells-blancs\/\",\"name\":\"L\u00e0mpada de sostre amb serrells blancs - Fisandeco\",\"isPartOf\":{\"@id\":\"https:\/\/restauraciofisandeco.com\/ca\/#website\"},\"datePublished\":\"2024-06-12T13:01:27+00:00\",\"dateModified\":\"2024-06-12T15:04:46+00:00\",\"breadcrumb\":{\"@id\":\"https:\/\/restauraciofisandeco.com\/ca\/producte\/lampada-de-sostre-amb-serrells-blancs\/#breadcrumb\"},\"inLanguage\":\"ca\",\"potentialAction\":[{\"@type\":\"ReadAction\",\"target\":[\"https:\/\/restauraciofisandeco.com\/ca\/producte\/lampada-de-sostre-amb-serrells-blancs\/\"]}]},{\"@type\":\"BreadcrumbList\",\"@id\":\"https:\/\/restauraciofisandeco.com\/ca\/producte\/lampada-de-sostre-amb-serrells-blancs\/#breadcrumb\",\"itemListElement\":[{\"@type\":\"ListItem\",\"position\":1,\"name\":\"Home\",\"item\":\"https:\/\/restauraciofisandeco.com\/ca\/\"},{\"@type\":\"ListItem\",\"position\":2,\"name\":\"Botiga\",\"item\":\"https:\/\/restauraciofisandeco.com\/ca\/shop\/\"},{\"@type\":\"ListItem\",\"position\":3,\"name\":\"L\u00e0mpada de sostre amb serrells blancs\"}]},{\"@type\":\"WebSite\",\"@id\":\"https:\/\/restauraciofisandeco.com\/ca\/#website\",\"url\":\"https:\/\/restauraciofisandeco.com\/ca\/\",\"name\":\"Fisandeco\",\"description\":\"\",\"publisher\":{\"@id\":\"https:\/\/restauraciofisandeco.com\/ca\/#organization\"},\"potentialAction\":[{\"@type\":\"SearchAction\",\"target\":{\"@type\":\"EntryPoint\",\"urlTemplate\":\"https:\/\/restauraciofisandeco.com\/ca\/?s={search_term_string}\"},\"query-input\":\"required name=search_term_string\"}],\"inLanguage\":\"ca\"},{\"@type\":\"Organization\",\"@id\":\"https:\/\/restauraciofisandeco.com\/ca\/#organization\",\"name\":\"Fisandeco\",\"url\":\"https:\/\/restauraciofisandeco.com\/ca\/\",\"logo\":{\"@type\":\"ImageObject\",\"inLanguage\":\"ca\",\"@id\":\"https:\/\/restauraciofisandeco.com\/ca\/#\/schema\/logo\/image\/\",\"url\":\"https:\/\/restauraciofisandeco.com\/wp-content\/uploads\/2023\/09\/logo.jpg\",\"contentUrl\":\"https:\/\/restauraciofisandeco.com\/wp-content\/uploads\/2023\/09\/logo.jpg\",\"width\":316,\"height\":316,\"caption\":\"Fisandeco\"},\"image\":{\"@id\":\"https:\/\/restauraciofisandeco.com\/ca\/#\/schema\/logo\/image\/\"},\"sameAs\":[\"https:\/\/es-es.facebook.com\/fisandeco\/\",\"https:\/\/www.instagram.com\/fisandeco\/\"]}]}<\/script>\n<!-- \/ Yoast SEO plugin. -->","yoast_head_json":{"title":"L\u00e0mpada de sostre amb serrells blancs - Fisandeco","robots":{"index":"index","follow":"follow","max-snippet":"max-snippet:-1","max-image-preview":"max-image-preview:large","max-video-preview":"max-video-preview:-1"},"canonical":"https:\/\/restauraciofisandeco.com\/ca\/producte\/lampada-de-sostre-amb-serrells-blancs\/","og_locale":"ca_ES","og_type":"article","og_title":"L\u00e0mpada de sostre amb serrells blancs - Fisandeco","og_description":"Descripci\u00f3 L\u00e0mpada de sostre, confeccionada amb un parell de c\u00e8rcols i boletes de fusta de color natural i decorada amb serrells blancs.","og_url":"https:\/\/restauraciofisandeco.com\/ca\/producte\/lampada-de-sostre-amb-serrells-blancs\/","og_site_name":"Fisandeco","article_publisher":"https:\/\/es-es.facebook.com\/fisandeco\/","article_modified_time":"2024-06-12T15:04:46+00:00","og_image":[{"width":1080,"height":1080,"url":"https:\/\/restauraciofisandeco.com\/wp-content\/uploads\/2024\/06\/1-13.png","type":"image\/png"}],"twitter_card":"summary_large_image","twitter_misc":{"Temps estimat de lectura":"1 minut"},"schema":{"@context":"https:\/\/schema.org","@graph":[{"@type":"WebPage","@id":"https:\/\/restauraciofisandeco.com\/ca\/producte\/lampada-de-sostre-amb-serrells-blancs\/","url":"https:\/\/restauraciofisandeco.com\/ca\/producte\/lampada-de-sostre-amb-serrells-blancs\/","name":"L\u00e0mpada de sostre amb serrells blancs - Fisandeco","isPartOf":{"@id":"https:\/\/restauraciofisandeco.com\/ca\/#website"},"datePublished":"2024-06-12T13:01:27+00:00","dateModified":"2024-06-12T15:04:46+00:00","breadcrumb":{"@id":"https:\/\/restauraciofisandeco.com\/ca\/producte\/lampada-de-sostre-amb-serrells-blancs\/#breadcrumb"},"inLanguage":"ca","potentialAction":[{"@type":"ReadAction","target":["https:\/\/restauraciofisandeco.com\/ca\/producte\/lampada-de-sostre-amb-serrells-blancs\/"]}]},{"@type":"BreadcrumbList","@id":"https:\/\/restauraciofisandeco.com\/ca\/producte\/lampada-de-sostre-amb-serrells-blancs\/#breadcrumb","itemListElement":[{"@type":"ListItem","position":1,"name":"Home","item":"https:\/\/restauraciofisandeco.com\/ca\/"},{"@type":"ListItem","position":2,"name":"Botiga","item":"https:\/\/restauraciofisandeco.com\/ca\/shop\/"},{"@type":"ListItem","position":3,"name":"L\u00e0mpada de sostre amb serrells blancs"}]},{"@type":"WebSite","@id":"https:\/\/restauraciofisandeco.com\/ca\/#website","url":"https:\/\/restauraciofisandeco.com\/ca\/","name":"Fisandeco","description":"","publisher":{"@id":"https:\/\/restauraciofisandeco.com\/ca\/#organization"},"potentialAction":[{"@type":"SearchAction","target":{"@type":"EntryPoint","urlTemplate":"https:\/\/restauraciofisandeco.com\/ca\/?s={search_term_string}"},"query-input":"required name=search_term_string"}],"inLanguage":"ca"},{"@type":"Organization","@id":"https:\/\/restauraciofisandeco.com\/ca\/#organization","name":"Fisandeco","url":"https:\/\/restauraciofisandeco.com\/ca\/","logo":{"@type":"ImageObject","inLanguage":"ca","@id":"https:\/\/restauraciofisandeco.com\/ca\/#\/schema\/logo\/image\/","url":"https:\/\/restauraciofisandeco.com\/wp-content\/uploads\/2023\/09\/logo.jpg","contentUrl":"https:\/\/restauraciofisandeco.com\/wp-content\/uploads\/2023\/09\/logo.jpg","width":316,"height":316,"caption":"Fisandeco"},"image":{"@id":"https:\/\/restauraciofisandeco.com\/ca\/#\/schema\/logo\/image\/"},"sameAs":["https:\/\/es-es.facebook.com\/fisandeco\/","https:\/\/www.instagram.com\/fisandeco\/"]}]}},"_links":{"self":[{"href":"https:\/\/restauraciofisandeco.com\/ca\/wp-json\/wp\/v2\/product\/18314","targetHints":{"allow":["GET"]}}],"collection":[{"href":"https:\/\/restauraciofisandeco.com\/ca\/wp-json\/wp\/v2\/product"}],"about":[{"href":"https:\/\/restauraciofisandeco.com\/ca\/wp-json\/wp\/v2\/types\/product"}],"version-history":[{"count":1,"href":"https:\/\/restauraciofisandeco.com\/ca\/wp-json\/wp\/v2\/product\/18314\/revisions"}],"predecessor-version":[{"id":18322,"href":"https:\/\/restauraciofisandeco.com\/ca\/wp-json\/wp\/v2\/product\/18314\/revisions\/18322"}],"wp:featuredmedia":[{"embeddable":true,"href":"https:\/\/restauraciofisandeco.com\/ca\/wp-json\/wp\/v2\/media\/18316"}],"wp:attachment":[{"href":"https:\/\/restauraciofisandeco.com\/ca\/wp-json\/wp\/v2\/media?parent=18314"}],"wp:term":[{"taxonomy":"product_cat","embeddable":true,"href":"https:\/\/restauraciofisandeco.com\/ca\/wp-json\/wp\/v2\/product_cat?post=18314"},{"taxonomy":"product_tag","embeddable":true,"href":"https:\/\/restauraciofisandeco.com\/ca\/wp-json\/wp\/v2\/product_tag?post=18314"}],"curies":[{"name":"wp","href":"https:\/\/api.w.org\/{rel}","templated":true}]}}