{"id":17849,"date":"2024-05-20T16:40:28","date_gmt":"2024-05-20T14:40:28","guid":{"rendered":"https:\/\/restauraciofisandeco.com\/?post_type=product&#038;p=17849"},"modified":"2024-05-20T17:26:17","modified_gmt":"2024-05-20T15:26:17","slug":"tamboret-entapissat-amb-drapet","status":"publish","type":"product","link":"https:\/\/restauraciofisandeco.com\/ca\/producte\/tamboret-entapissat-amb-drapet\/","title":{"rendered":"Tamboret entapissat amb drapet"},"content":{"rendered":"<h2>Descripci\u00f3<\/h2>\n<p>Tamboret entapissat amb un coix\u00ed de drapet de color verd confeccionat a m\u00e0. Les potes s\u00f3n de fusta natural.<\/p>\n","protected":false},"excerpt":{"rendered":"<p>Descripci\u00f3 Tamboret entapissat amb un coix\u00ed de drapet de color verd confeccionat a m\u00e0. Les potes s\u00f3n de fusta natural.<\/p>\n","protected":false},"featured_media":17855,"template":"","meta":[],"product_cat":[621,79],"product_tag":[],"class_list":["post-17849","product","type-product","status-publish","has-post-thumbnail","hentry","product_cat-banquetes-i-tamborets","product_cat-mobles-dinterior-i-exterior"],"yoast_head":"<!-- This site is optimized with the Yoast SEO plugin v21.5 - https:\/\/yoast.com\/wordpress\/plugins\/seo\/ -->\n<title>Tamboret entapissat amb drapet - Fisandeco<\/title>\n<meta name=\"robots\" content=\"index, follow, max-snippet:-1, max-image-preview:large, max-video-preview:-1\" \/>\n<link rel=\"canonical\" href=\"https:\/\/restauraciofisandeco.com\/ca\/producte\/tamboret-entapissat-amb-drapet\/\" \/>\n<meta property=\"og:locale\" content=\"ca_ES\" \/>\n<meta property=\"og:type\" content=\"article\" \/>\n<meta property=\"og:title\" content=\"Tamboret entapissat amb drapet - Fisandeco\" \/>\n<meta property=\"og:description\" content=\"Descripci\u00f3 Tamboret entapissat amb un coix\u00ed de drapet de color verd confeccionat a m\u00e0. Les potes s\u00f3n de fusta natural.\" \/>\n<meta property=\"og:url\" content=\"https:\/\/restauraciofisandeco.com\/ca\/producte\/tamboret-entapissat-amb-drapet\/\" \/>\n<meta property=\"og:site_name\" content=\"Fisandeco\" \/>\n<meta property=\"article:publisher\" content=\"https:\/\/es-es.facebook.com\/fisandeco\/\" \/>\n<meta property=\"article:modified_time\" content=\"2024-05-20T15:26:17+00:00\" \/>\n<meta property=\"og:image\" content=\"https:\/\/restauraciofisandeco.com\/wp-content\/uploads\/2024\/05\/3-1.png\" \/>\n\t<meta property=\"og:image:width\" content=\"1080\" \/>\n\t<meta property=\"og:image:height\" content=\"1080\" \/>\n\t<meta property=\"og:image:type\" content=\"image\/png\" \/>\n<meta name=\"twitter:card\" content=\"summary_large_image\" \/>\n<meta name=\"twitter:label1\" content=\"Temps estimat de lectura\" \/>\n\t<meta name=\"twitter:data1\" content=\"1 minut\" \/>\n<script type=\"application\/ld+json\" class=\"yoast-schema-graph\">{\"@context\":\"https:\/\/schema.org\",\"@graph\":[{\"@type\":\"WebPage\",\"@id\":\"https:\/\/restauraciofisandeco.com\/ca\/producte\/tamboret-entapissat-amb-drapet\/\",\"url\":\"https:\/\/restauraciofisandeco.com\/ca\/producte\/tamboret-entapissat-amb-drapet\/\",\"name\":\"Tamboret entapissat amb drapet - Fisandeco\",\"isPartOf\":{\"@id\":\"https:\/\/restauraciofisandeco.com\/ca\/#website\"},\"datePublished\":\"2024-05-20T14:40:28+00:00\",\"dateModified\":\"2024-05-20T15:26:17+00:00\",\"breadcrumb\":{\"@id\":\"https:\/\/restauraciofisandeco.com\/ca\/producte\/tamboret-entapissat-amb-drapet\/#breadcrumb\"},\"inLanguage\":\"ca\",\"potentialAction\":[{\"@type\":\"ReadAction\",\"target\":[\"https:\/\/restauraciofisandeco.com\/ca\/producte\/tamboret-entapissat-amb-drapet\/\"]}]},{\"@type\":\"BreadcrumbList\",\"@id\":\"https:\/\/restauraciofisandeco.com\/ca\/producte\/tamboret-entapissat-amb-drapet\/#breadcrumb\",\"itemListElement\":[{\"@type\":\"ListItem\",\"position\":1,\"name\":\"Home\",\"item\":\"https:\/\/restauraciofisandeco.com\/ca\/\"},{\"@type\":\"ListItem\",\"position\":2,\"name\":\"Botiga\",\"item\":\"https:\/\/restauraciofisandeco.com\/ca\/shop\/\"},{\"@type\":\"ListItem\",\"position\":3,\"name\":\"Tamboret entapissat amb drapet\"}]},{\"@type\":\"WebSite\",\"@id\":\"https:\/\/restauraciofisandeco.com\/ca\/#website\",\"url\":\"https:\/\/restauraciofisandeco.com\/ca\/\",\"name\":\"Fisandeco\",\"description\":\"\",\"publisher\":{\"@id\":\"https:\/\/restauraciofisandeco.com\/ca\/#organization\"},\"potentialAction\":[{\"@type\":\"SearchAction\",\"target\":{\"@type\":\"EntryPoint\",\"urlTemplate\":\"https:\/\/restauraciofisandeco.com\/ca\/?s={search_term_string}\"},\"query-input\":\"required name=search_term_string\"}],\"inLanguage\":\"ca\"},{\"@type\":\"Organization\",\"@id\":\"https:\/\/restauraciofisandeco.com\/ca\/#organization\",\"name\":\"Fisandeco\",\"url\":\"https:\/\/restauraciofisandeco.com\/ca\/\",\"logo\":{\"@type\":\"ImageObject\",\"inLanguage\":\"ca\",\"@id\":\"https:\/\/restauraciofisandeco.com\/ca\/#\/schema\/logo\/image\/\",\"url\":\"https:\/\/restauraciofisandeco.com\/wp-content\/uploads\/2023\/09\/logo.jpg\",\"contentUrl\":\"https:\/\/restauraciofisandeco.com\/wp-content\/uploads\/2023\/09\/logo.jpg\",\"width\":316,\"height\":316,\"caption\":\"Fisandeco\"},\"image\":{\"@id\":\"https:\/\/restauraciofisandeco.com\/ca\/#\/schema\/logo\/image\/\"},\"sameAs\":[\"https:\/\/es-es.facebook.com\/fisandeco\/\",\"https:\/\/www.instagram.com\/fisandeco\/\"]}]}<\/script>\n<!-- \/ Yoast SEO plugin. -->","yoast_head_json":{"title":"Tamboret entapissat amb drapet - Fisandeco","robots":{"index":"index","follow":"follow","max-snippet":"max-snippet:-1","max-image-preview":"max-image-preview:large","max-video-preview":"max-video-preview:-1"},"canonical":"https:\/\/restauraciofisandeco.com\/ca\/producte\/tamboret-entapissat-amb-drapet\/","og_locale":"ca_ES","og_type":"article","og_title":"Tamboret entapissat amb drapet - Fisandeco","og_description":"Descripci\u00f3 Tamboret entapissat amb un coix\u00ed de drapet de color verd confeccionat a m\u00e0. Les potes s\u00f3n de fusta natural.","og_url":"https:\/\/restauraciofisandeco.com\/ca\/producte\/tamboret-entapissat-amb-drapet\/","og_site_name":"Fisandeco","article_publisher":"https:\/\/es-es.facebook.com\/fisandeco\/","article_modified_time":"2024-05-20T15:26:17+00:00","og_image":[{"width":1080,"height":1080,"url":"https:\/\/restauraciofisandeco.com\/wp-content\/uploads\/2024\/05\/3-1.png","type":"image\/png"}],"twitter_card":"summary_large_image","twitter_misc":{"Temps estimat de lectura":"1 minut"},"schema":{"@context":"https:\/\/schema.org","@graph":[{"@type":"WebPage","@id":"https:\/\/restauraciofisandeco.com\/ca\/producte\/tamboret-entapissat-amb-drapet\/","url":"https:\/\/restauraciofisandeco.com\/ca\/producte\/tamboret-entapissat-amb-drapet\/","name":"Tamboret entapissat amb drapet - Fisandeco","isPartOf":{"@id":"https:\/\/restauraciofisandeco.com\/ca\/#website"},"datePublished":"2024-05-20T14:40:28+00:00","dateModified":"2024-05-20T15:26:17+00:00","breadcrumb":{"@id":"https:\/\/restauraciofisandeco.com\/ca\/producte\/tamboret-entapissat-amb-drapet\/#breadcrumb"},"inLanguage":"ca","potentialAction":[{"@type":"ReadAction","target":["https:\/\/restauraciofisandeco.com\/ca\/producte\/tamboret-entapissat-amb-drapet\/"]}]},{"@type":"BreadcrumbList","@id":"https:\/\/restauraciofisandeco.com\/ca\/producte\/tamboret-entapissat-amb-drapet\/#breadcrumb","itemListElement":[{"@type":"ListItem","position":1,"name":"Home","item":"https:\/\/restauraciofisandeco.com\/ca\/"},{"@type":"ListItem","position":2,"name":"Botiga","item":"https:\/\/restauraciofisandeco.com\/ca\/shop\/"},{"@type":"ListItem","position":3,"name":"Tamboret entapissat amb drapet"}]},{"@type":"WebSite","@id":"https:\/\/restauraciofisandeco.com\/ca\/#website","url":"https:\/\/restauraciofisandeco.com\/ca\/","name":"Fisandeco","description":"","publisher":{"@id":"https:\/\/restauraciofisandeco.com\/ca\/#organization"},"potentialAction":[{"@type":"SearchAction","target":{"@type":"EntryPoint","urlTemplate":"https:\/\/restauraciofisandeco.com\/ca\/?s={search_term_string}"},"query-input":"required name=search_term_string"}],"inLanguage":"ca"},{"@type":"Organization","@id":"https:\/\/restauraciofisandeco.com\/ca\/#organization","name":"Fisandeco","url":"https:\/\/restauraciofisandeco.com\/ca\/","logo":{"@type":"ImageObject","inLanguage":"ca","@id":"https:\/\/restauraciofisandeco.com\/ca\/#\/schema\/logo\/image\/","url":"https:\/\/restauraciofisandeco.com\/wp-content\/uploads\/2023\/09\/logo.jpg","contentUrl":"https:\/\/restauraciofisandeco.com\/wp-content\/uploads\/2023\/09\/logo.jpg","width":316,"height":316,"caption":"Fisandeco"},"image":{"@id":"https:\/\/restauraciofisandeco.com\/ca\/#\/schema\/logo\/image\/"},"sameAs":["https:\/\/es-es.facebook.com\/fisandeco\/","https:\/\/www.instagram.com\/fisandeco\/"]}]}},"_links":{"self":[{"href":"https:\/\/restauraciofisandeco.com\/ca\/wp-json\/wp\/v2\/product\/17849","targetHints":{"allow":["GET"]}}],"collection":[{"href":"https:\/\/restauraciofisandeco.com\/ca\/wp-json\/wp\/v2\/product"}],"about":[{"href":"https:\/\/restauraciofisandeco.com\/ca\/wp-json\/wp\/v2\/types\/product"}],"version-history":[{"count":2,"href":"https:\/\/restauraciofisandeco.com\/ca\/wp-json\/wp\/v2\/product\/17849\/revisions"}],"predecessor-version":[{"id":17866,"href":"https:\/\/restauraciofisandeco.com\/ca\/wp-json\/wp\/v2\/product\/17849\/revisions\/17866"}],"wp:featuredmedia":[{"embeddable":true,"href":"https:\/\/restauraciofisandeco.com\/ca\/wp-json\/wp\/v2\/media\/17855"}],"wp:attachment":[{"href":"https:\/\/restauraciofisandeco.com\/ca\/wp-json\/wp\/v2\/media?parent=17849"}],"wp:term":[{"taxonomy":"product_cat","embeddable":true,"href":"https:\/\/restauraciofisandeco.com\/ca\/wp-json\/wp\/v2\/product_cat?post=17849"},{"taxonomy":"product_tag","embeddable":true,"href":"https:\/\/restauraciofisandeco.com\/ca\/wp-json\/wp\/v2\/product_tag?post=17849"}],"curies":[{"name":"wp","href":"https:\/\/api.w.org\/{rel}","templated":true}]}}