{"id":17394,"date":"2024-03-29T19:02:55","date_gmt":"2024-03-29T18:02:55","guid":{"rendered":"https:\/\/restauraciofisandeco.com\/?post_type=product&#038;p=17394"},"modified":"2026-04-13T12:32:32","modified_gmt":"2026-04-13T10:32:32","slug":"bossa-de-jarapa","status":"publish","type":"product","link":"https:\/\/restauraciofisandeco.com\/ca\/producte\/bossa-de-jarapa\/","title":{"rendered":"Bossa de jarapa"},"content":{"rendered":"<h2>Descripci\u00f3<\/h2>\n<h3 data-pm-slice=\"1 1 []\">Bossa estiuenca de jarapa de cot\u00f3 amb nansa de cuir<\/h3>\n<p>Aquesta <strong>bossa estiuenca<\/strong> est\u00e0 confeccionada amb <strong>jarapa de cot\u00f3<\/strong>, un teixit tradicional que destaca per la seva resist\u00e8ncia, textura i riquesa crom\u00e0tica. Els seus colors i trames aporten un aire fresc i aut\u00e8ntic, ideal per als mesos m\u00e9s c\u00e0lids.<\/p>\n<p>La pe\u00e7a es completa amb una <strong>nansa de cuir<\/strong>, que no nom\u00e9s aporta un contrast elegant, sin\u00f3 que tamb\u00e9 garanteix comoditat i durabilitat en l\u2019\u00fas diari. \u00c9s una bossa pensada per acompanyar-te amb estil en el teu dia a dia, ja sigui per anar a la platja, al mercat o en qualsevol sortida d\u2019estiu.<\/p>\n<p>Gr\u00e0cies a la naturalesa de la jarapa, <strong>cada bossa \u00e9s \u00fanica<\/strong>, amb petites variacions que la converteixen en una pe\u00e7a especial i irrepetible.<\/p>\n<p>Una combinaci\u00f3 perfecta entre funcionalitat, tradici\u00f3 i disseny, pensada per a qui valora els materials naturals i les peces amb \u00e0nima.<\/p>\n","protected":false},"excerpt":{"rendered":"<p>Descripci\u00f3 Bossa estiuenca de jarapa de cot\u00f3 amb nansa de cuir Aquesta bossa estiuenca est\u00e0 confeccionada amb jarapa de cot\u00f3, un teixit tradicional que destaca per la seva resist\u00e8ncia, textura i riquesa crom\u00e0tica. Els seus colors i trames aporten un aire fresc i aut\u00e8ntic, ideal per als mesos m\u00e9s c\u00e0lids. La pe\u00e7a es completa amb [&hellip;]<\/p>\n","protected":false},"featured_media":19004,"template":"","meta":[],"product_cat":[80,597],"product_tag":[],"class_list":["post-17394","product","type-product","status-publish","has-post-thumbnail","hentry","product_cat-decoracio-complements-i-regals","product_cat-bosses-de-ma"],"yoast_head":"<!-- This site is optimized with the Yoast SEO plugin v21.5 - https:\/\/yoast.com\/wordpress\/plugins\/seo\/ -->\n<title>Bossa de jarapa - Fisandeco<\/title>\n<meta name=\"robots\" content=\"index, follow, max-snippet:-1, max-image-preview:large, max-video-preview:-1\" \/>\n<link rel=\"canonical\" href=\"https:\/\/restauraciofisandeco.com\/ca\/producte\/bossa-de-jarapa\/\" \/>\n<meta property=\"og:locale\" content=\"ca_ES\" \/>\n<meta property=\"og:type\" content=\"article\" \/>\n<meta property=\"og:title\" content=\"Bossa de jarapa - Fisandeco\" \/>\n<meta property=\"og:description\" content=\"Descripci\u00f3 Bossa estiuenca de jarapa de cot\u00f3 amb nansa de cuir Aquesta bossa estiuenca est\u00e0 confeccionada amb jarapa de cot\u00f3, un teixit tradicional que destaca per la seva resist\u00e8ncia, textura i riquesa crom\u00e0tica. Els seus colors i trames aporten un aire fresc i aut\u00e8ntic, ideal per als mesos m\u00e9s c\u00e0lids. La pe\u00e7a es completa amb [&hellip;]\" \/>\n<meta property=\"og:url\" content=\"https:\/\/restauraciofisandeco.com\/ca\/producte\/bossa-de-jarapa\/\" \/>\n<meta property=\"og:site_name\" content=\"Fisandeco\" \/>\n<meta property=\"article:publisher\" content=\"https:\/\/es-es.facebook.com\/fisandeco\/\" \/>\n<meta property=\"article:modified_time\" content=\"2026-04-13T10:32:32+00:00\" \/>\n<meta property=\"og:image\" content=\"https:\/\/restauraciofisandeco.com\/wp-content\/uploads\/2024\/03\/1-5.png\" \/>\n\t<meta property=\"og:image:width\" content=\"1024\" \/>\n\t<meta property=\"og:image:height\" content=\"1024\" \/>\n\t<meta property=\"og:image:type\" content=\"image\/png\" \/>\n<meta name=\"twitter:card\" content=\"summary_large_image\" \/>\n<meta name=\"twitter:label1\" content=\"Temps estimat de lectura\" \/>\n\t<meta name=\"twitter:data1\" content=\"1 minut\" \/>\n<script type=\"application\/ld+json\" class=\"yoast-schema-graph\">{\"@context\":\"https:\/\/schema.org\",\"@graph\":[{\"@type\":\"WebPage\",\"@id\":\"https:\/\/restauraciofisandeco.com\/ca\/producte\/bossa-de-jarapa\/\",\"url\":\"https:\/\/restauraciofisandeco.com\/ca\/producte\/bossa-de-jarapa\/\",\"name\":\"Bossa de jarapa - Fisandeco\",\"isPartOf\":{\"@id\":\"https:\/\/restauraciofisandeco.com\/ca\/#website\"},\"datePublished\":\"2024-03-29T18:02:55+00:00\",\"dateModified\":\"2026-04-13T10:32:32+00:00\",\"breadcrumb\":{\"@id\":\"https:\/\/restauraciofisandeco.com\/ca\/producte\/bossa-de-jarapa\/#breadcrumb\"},\"inLanguage\":\"ca\",\"potentialAction\":[{\"@type\":\"ReadAction\",\"target\":[\"https:\/\/restauraciofisandeco.com\/ca\/producte\/bossa-de-jarapa\/\"]}]},{\"@type\":\"BreadcrumbList\",\"@id\":\"https:\/\/restauraciofisandeco.com\/ca\/producte\/bossa-de-jarapa\/#breadcrumb\",\"itemListElement\":[{\"@type\":\"ListItem\",\"position\":1,\"name\":\"Home\",\"item\":\"https:\/\/restauraciofisandeco.com\/ca\/\"},{\"@type\":\"ListItem\",\"position\":2,\"name\":\"Botiga\",\"item\":\"https:\/\/restauraciofisandeco.com\/ca\/shop\/\"},{\"@type\":\"ListItem\",\"position\":3,\"name\":\"Bossa de jarapa\"}]},{\"@type\":\"WebSite\",\"@id\":\"https:\/\/restauraciofisandeco.com\/ca\/#website\",\"url\":\"https:\/\/restauraciofisandeco.com\/ca\/\",\"name\":\"Fisandeco\",\"description\":\"\",\"publisher\":{\"@id\":\"https:\/\/restauraciofisandeco.com\/ca\/#organization\"},\"potentialAction\":[{\"@type\":\"SearchAction\",\"target\":{\"@type\":\"EntryPoint\",\"urlTemplate\":\"https:\/\/restauraciofisandeco.com\/ca\/?s={search_term_string}\"},\"query-input\":\"required name=search_term_string\"}],\"inLanguage\":\"ca\"},{\"@type\":\"Organization\",\"@id\":\"https:\/\/restauraciofisandeco.com\/ca\/#organization\",\"name\":\"Fisandeco\",\"url\":\"https:\/\/restauraciofisandeco.com\/ca\/\",\"logo\":{\"@type\":\"ImageObject\",\"inLanguage\":\"ca\",\"@id\":\"https:\/\/restauraciofisandeco.com\/ca\/#\/schema\/logo\/image\/\",\"url\":\"https:\/\/restauraciofisandeco.com\/wp-content\/uploads\/2023\/09\/logo.jpg\",\"contentUrl\":\"https:\/\/restauraciofisandeco.com\/wp-content\/uploads\/2023\/09\/logo.jpg\",\"width\":316,\"height\":316,\"caption\":\"Fisandeco\"},\"image\":{\"@id\":\"https:\/\/restauraciofisandeco.com\/ca\/#\/schema\/logo\/image\/\"},\"sameAs\":[\"https:\/\/es-es.facebook.com\/fisandeco\/\",\"https:\/\/www.instagram.com\/fisandeco\/\"]}]}<\/script>\n<!-- \/ Yoast SEO plugin. -->","yoast_head_json":{"title":"Bossa de jarapa - Fisandeco","robots":{"index":"index","follow":"follow","max-snippet":"max-snippet:-1","max-image-preview":"max-image-preview:large","max-video-preview":"max-video-preview:-1"},"canonical":"https:\/\/restauraciofisandeco.com\/ca\/producte\/bossa-de-jarapa\/","og_locale":"ca_ES","og_type":"article","og_title":"Bossa de jarapa - Fisandeco","og_description":"Descripci\u00f3 Bossa estiuenca de jarapa de cot\u00f3 amb nansa de cuir Aquesta bossa estiuenca est\u00e0 confeccionada amb jarapa de cot\u00f3, un teixit tradicional que destaca per la seva resist\u00e8ncia, textura i riquesa crom\u00e0tica. Els seus colors i trames aporten un aire fresc i aut\u00e8ntic, ideal per als mesos m\u00e9s c\u00e0lids. La pe\u00e7a es completa amb [&hellip;]","og_url":"https:\/\/restauraciofisandeco.com\/ca\/producte\/bossa-de-jarapa\/","og_site_name":"Fisandeco","article_publisher":"https:\/\/es-es.facebook.com\/fisandeco\/","article_modified_time":"2026-04-13T10:32:32+00:00","og_image":[{"url":"https:\/\/restauraciofisandeco.com\/wp-content\/uploads\/2024\/03\/1-5.png","width":1024,"height":1024,"type":"image\/png"}],"twitter_card":"summary_large_image","twitter_misc":{"Temps estimat de lectura":"1 minut"},"schema":{"@context":"https:\/\/schema.org","@graph":[{"@type":"WebPage","@id":"https:\/\/restauraciofisandeco.com\/ca\/producte\/bossa-de-jarapa\/","url":"https:\/\/restauraciofisandeco.com\/ca\/producte\/bossa-de-jarapa\/","name":"Bossa de jarapa - Fisandeco","isPartOf":{"@id":"https:\/\/restauraciofisandeco.com\/ca\/#website"},"datePublished":"2024-03-29T18:02:55+00:00","dateModified":"2026-04-13T10:32:32+00:00","breadcrumb":{"@id":"https:\/\/restauraciofisandeco.com\/ca\/producte\/bossa-de-jarapa\/#breadcrumb"},"inLanguage":"ca","potentialAction":[{"@type":"ReadAction","target":["https:\/\/restauraciofisandeco.com\/ca\/producte\/bossa-de-jarapa\/"]}]},{"@type":"BreadcrumbList","@id":"https:\/\/restauraciofisandeco.com\/ca\/producte\/bossa-de-jarapa\/#breadcrumb","itemListElement":[{"@type":"ListItem","position":1,"name":"Home","item":"https:\/\/restauraciofisandeco.com\/ca\/"},{"@type":"ListItem","position":2,"name":"Botiga","item":"https:\/\/restauraciofisandeco.com\/ca\/shop\/"},{"@type":"ListItem","position":3,"name":"Bossa de jarapa"}]},{"@type":"WebSite","@id":"https:\/\/restauraciofisandeco.com\/ca\/#website","url":"https:\/\/restauraciofisandeco.com\/ca\/","name":"Fisandeco","description":"","publisher":{"@id":"https:\/\/restauraciofisandeco.com\/ca\/#organization"},"potentialAction":[{"@type":"SearchAction","target":{"@type":"EntryPoint","urlTemplate":"https:\/\/restauraciofisandeco.com\/ca\/?s={search_term_string}"},"query-input":"required name=search_term_string"}],"inLanguage":"ca"},{"@type":"Organization","@id":"https:\/\/restauraciofisandeco.com\/ca\/#organization","name":"Fisandeco","url":"https:\/\/restauraciofisandeco.com\/ca\/","logo":{"@type":"ImageObject","inLanguage":"ca","@id":"https:\/\/restauraciofisandeco.com\/ca\/#\/schema\/logo\/image\/","url":"https:\/\/restauraciofisandeco.com\/wp-content\/uploads\/2023\/09\/logo.jpg","contentUrl":"https:\/\/restauraciofisandeco.com\/wp-content\/uploads\/2023\/09\/logo.jpg","width":316,"height":316,"caption":"Fisandeco"},"image":{"@id":"https:\/\/restauraciofisandeco.com\/ca\/#\/schema\/logo\/image\/"},"sameAs":["https:\/\/es-es.facebook.com\/fisandeco\/","https:\/\/www.instagram.com\/fisandeco\/"]}]}},"_links":{"self":[{"href":"https:\/\/restauraciofisandeco.com\/ca\/wp-json\/wp\/v2\/product\/17394","targetHints":{"allow":["GET"]}}],"collection":[{"href":"https:\/\/restauraciofisandeco.com\/ca\/wp-json\/wp\/v2\/product"}],"about":[{"href":"https:\/\/restauraciofisandeco.com\/ca\/wp-json\/wp\/v2\/types\/product"}],"version-history":[{"count":9,"href":"https:\/\/restauraciofisandeco.com\/ca\/wp-json\/wp\/v2\/product\/17394\/revisions"}],"predecessor-version":[{"id":19014,"href":"https:\/\/restauraciofisandeco.com\/ca\/wp-json\/wp\/v2\/product\/17394\/revisions\/19014"}],"wp:featuredmedia":[{"embeddable":true,"href":"https:\/\/restauraciofisandeco.com\/ca\/wp-json\/wp\/v2\/media\/19004"}],"wp:attachment":[{"href":"https:\/\/restauraciofisandeco.com\/ca\/wp-json\/wp\/v2\/media?parent=17394"}],"wp:term":[{"taxonomy":"product_cat","embeddable":true,"href":"https:\/\/restauraciofisandeco.com\/ca\/wp-json\/wp\/v2\/product_cat?post=17394"},{"taxonomy":"product_tag","embeddable":true,"href":"https:\/\/restauraciofisandeco.com\/ca\/wp-json\/wp\/v2\/product_tag?post=17394"}],"curies":[{"name":"wp","href":"https:\/\/api.w.org\/{rel}","templated":true}]}}