{"id":1085,"date":"2023-08-21T12:40:29","date_gmt":"2023-08-21T17:40:29","guid":{"rendered":"https:\/\/restauraciofisandeco.com\/?page_id=1085"},"modified":"2023-11-28T08:17:40","modified_gmt":"2023-11-28T07:17:40","slug":"politica-de-privacitat","status":"publish","type":"page","link":"https:\/\/restauraciofisandeco.com\/ca\/politica-de-privacitat\/","title":{"rendered":"Pol\u00edtica de privacitat"},"content":{"rendered":"<p><b>INTRODUCCI\u00d3<\/b><\/p>\n<p><span style=\"font-weight: 400;\">\u00a0<\/span><span style=\"font-weight: 400;\">La seva privacitat \u00e9s important per a nosaltres, aix\u00ed que, mitjan\u00e7ant aquest document, li expliquem quines dades recollim dels usuaris, com els utilitzem i per a qu\u00e8, entre altres indicacions.\u00a0<\/span><\/p>\n<p><span style=\"font-weight: 400;\">\u00a0<\/span><span style=\"font-weight: 400;\">Per a la seva informaci\u00f3, mai demanarem m\u00e9s informaci\u00f3 de la que realment necessitarem per als serveis requerits; mai la compartirem amb tercers, excepte per obligaci\u00f3 legal o amb la seva autoritzaci\u00f3 pr\u00e8via; i mai emprarem les seves dades per a una altra finalitat no indicada pr\u00e8viament.<\/span><\/p>\n<p><span style=\"font-weight: 400;\">\u00a0<\/span><span style=\"font-weight: 400;\">Com a usuari, haur\u00e0 de llegir atentament aquesta Pol\u00edtica de privacitat de manera regular, i sempre que introdueixi les seves dades personals, ja que aquest document pot sofrir modificacions, perqu\u00e8 el prestador pot modificar qualsevol mena d&#8217;informaci\u00f3 que pogu\u00e9s apar\u00e8ixer en la web per a complir amb la normativa o actualitzar la pol\u00edtica, i sense que existeixi l&#8217;obligaci\u00f3 de preavisar o posar en coneixement dels usuaris aquestes obligacions, sent suficients la publicaci\u00f3 en el lloc web del prestador.<\/span><\/p>\n<p><span style=\"font-weight: 400;\">\u00a0<\/span><\/p>\n<p><b>RESPONSABLE DEL TRACTAMENT:<\/b><\/p>\n<p><span style=\"font-weight: 400;\">\u00a0<\/span><span style=\"font-weight: 400;\">Identitat: <\/span><b>M. JOSEFINA SANCHEZ LEIVA <\/b><span style=\"font-weight: 400;\">(tamb\u00e9 el prestador)<\/span><\/p>\n<p><span style=\"font-weight: 400;\">NIF: <\/span><b>33931415K<\/b><\/p>\n<p><span style=\"font-weight: 400;\">Adre\u00e7a postal:\u00a0 <\/span><b>AVINGUDA PUIGMAL cantonada PLA DELS ESTUDIANTS &#8211;\u00a0 08560 MANLLEU &#8211; BARCELONA\u00a0<\/b><\/p>\n<p><span style=\"font-weight: 400;\">Correu electr\u00f2nic: <\/span><a href=\"mailto:info@restauraciofisandeco.com\"><b>info@restauraciofisandeco.com<\/b><\/a><\/p>\n<p><span style=\"font-weight: 400;\">\u00a0<\/span><\/p>\n<p><b>FISANDECO<\/b><span style=\"font-weight: 400;\">, com a responsable del lloc web, de conformitat amb el que es disposa en el Reglament (UE) 2016\/679 de 27 d&#8217;abril de 2016 (RGPD) relatiu a la protecci\u00f3 de les persones f\u00edsiques pel que fa al tractament de dades personals ja la lliure circulaci\u00f3 d&#8217;aquestes dades i altra normativa vigent en mat\u00e8ria de protecci\u00f3 de dades personals, i per la Llei 34\/2002, d&#8217;11 de juliol, de Serveis de la Societat de la Informaci\u00f3 i del Comer\u00e7 Electr\u00f2nic (LSSICE), l&#8217;informa que t\u00e9 implementades les mesures de seguretat necess\u00e0ries, d&#8217;\u00edndole t\u00e8cnica i organitzatives, per a garantir i protegir la confidencialitat, integritat i disponibilitat de les dades introdu\u00efdes.<\/span><span style=\"font-weight: 400;\">\u00a0<\/span><\/p>\n<p><span style=\"font-weight: 400;\">\u00a0<\/span><\/p>\n<p><strong>M\u00c8TODE D&#8217;OBTENCI\u00d3 DE LES DADES, QUINES DADES RECAPTEM i LA SEVA FINALITAT:<\/strong><\/p>\n<p><span style=\"font-weight: 400;\">\u00a0<\/span><span style=\"font-weight: 400;\">Les dades que recollim, la forma en qu\u00e8 els obtenim i la finalitat del tractament \u00e9s la seg\u00fcent:<\/span><span style=\"font-weight: 400;\">\u00a0<\/span><\/p>\n<ol>\n<li><span style=\"font-weight: 400;\"> Registre de l&#8217;usuari:<\/span><\/li>\n<\/ol>\n<p><span style=\"font-weight: 400;\">Dades requerides: <\/span><b>nom, cognoms i email.<\/b><\/p>\n<p><span style=\"font-weight: 400;\">Finalitat: <\/span><b>Comunicacions comercials, newsletter, etc.<\/b><\/p>\n<p><span style=\"font-weight: 400;\">Legitimaci\u00f3: consentiment de l&#8217;usuari<\/span><span style=\"font-weight: 400;\">\u00a0<\/span><\/p>\n<ol start=\"2\">\n<li><span style=\"font-weight: 400;\"> Si compra<\/span><b> (productes que ven l&#8217;empresa)<\/b><span style=\"font-weight: 400;\">:<\/span><\/li>\n<\/ol>\n<p><span style=\"font-weight: 400;\">\u00a0<\/span><span style=\"font-weight: 400;\">Dades requerides: <\/span><b>nom i cognoms, email, tel\u00e8fon, adre\u00e7a i NIF (en cas de voler factura) i informaci\u00f3 sobre una targeta de cr\u00e8dit o de d\u00e8bit<\/b><span style=\"font-weight: 400;\"> (<\/span><b>en el cas d\u2019usar aquest m\u00e8tode de pagament).<\/b><\/p>\n<p><span style=\"font-weight: 400;\">Finalitat: <\/span><b>reservar pla\u00e7a, comprar producte, llogar servei\u2026<\/b><\/p>\n<p><span style=\"font-weight: 400;\">Legitimaci\u00f3: consentiment de l&#8217;usuari<\/span><\/p>\n<p><span style=\"font-weight: 400;\">\u00a0<\/span><span style=\"font-weight: 400;\">Pot revocar en qualsevol moment el seu consentiment remetent un escrit amb l&#8217;assumpte &#8220;Baixa&#8221; en el mail ressenyat.<\/span><\/p>\n<p><span style=\"font-weight: 400;\">\u00a0<\/span><span style=\"font-weight: 400;\">D&#8217;acord amb la LSSICE, <\/span><b>FISANDECO<\/b><span style=\"font-weight: 400;\"> no realitza pr\u00e0ctiques de SPAM, per tant, no envia correus comercials per e-mail que no hagin estat pr\u00e8viament sol\u00b7licitats o autoritzats per l&#8217;Usuari. En conseq\u00fc\u00e8ncia, en totes les comunicacions que rebr\u00e0 del prestador, l&#8217;usuari t\u00e9 la possibilitat de cancel\u00b7lar el seu consentiment expr\u00e9s per a rebre les nostres comunicacions.<\/span><\/p>\n<p><span style=\"font-weight: 400;\">No tractarem les seves dades personals per a cap altre fi de les descrites, excepte per obligaci\u00f3 legal o requeriment judicial.<\/span><\/p>\n<p><span style=\"font-weight: 400;\">No ser\u00e0 objecte de decisions basades en tractaments automatitzats que produeixin efectes sobre les seves dades.<\/span><\/p>\n<p><span style=\"font-weight: 400;\">\u00a0<\/span><\/p>\n<p><b>TERMINI DE CONSERVACI\u00d3 DE LES DADES:<\/b><\/p>\n<p><span style=\"font-weight: 400;\">\u00a0<\/span><span style=\"font-weight: 400;\">Les seves dades es conservaran mentre duri la relaci\u00f3 comercial amb nosaltres o exerceix el seu dret de cancel\u00b7laci\u00f3 o oposici\u00f3, o limitaci\u00f3 al tractament. No obstant aix\u00f2, conservarem les seves dades en els terminis legalment previstos en les disposicions aplicables.<\/span><\/p>\n<p>&nbsp;<\/p>\n<p><b>DESTINATARIS DE CESSIONS O TRANSFER\u00c8NCIES:<\/b><\/p>\n<p><span style=\"font-weight: 400;\">\u00a0<\/span><b>FISANDECO <\/b><span style=\"font-weight: 400;\">\u00a0no duu a terme cap cessi\u00f3 o comunicaci\u00f3 de dades ni dins ni fora de la UE. El prestador \u00fanicament facilitar\u00e0 informaci\u00f3 a les forces i cossos de seguretat sota ordre judicial o per obligaci\u00f3 d&#8217;una norma legal, sense perjudici de poder bloquejar o cancel\u00b7lar el seu compte si pot haver-hi indicis de la comissi\u00f3 d&#8217;algun delicte per part de l&#8217;usuari. La informaci\u00f3 facilitada ser\u00e0 nom\u00e9s la que disposi en aquest moment el prestador.<\/span><\/p>\n<p><span style=\"font-weight: 400;\">\u00a0<\/span><span style=\"font-weight: 400;\">La informaci\u00f3 que ens proporcioni a trav\u00e9s d&#8217;aquest lloc web ser\u00e0 allotjada <\/span><b>Cpanel <\/b><span style=\"font-weight: 400;\">sent encarregada del tractament i que presta aquest servei de gesti\u00f3 del programari a <\/span><b>Serveis d\u2019Internet Javajan SL<\/b><span style=\"font-weight: 400;\">. El tractament de les dades de l&#8217;entitat es troba regulat mitjan\u00e7ant un contracte d&#8217;encarregat del tractament entre el prestador i aquesta empresa.\u00a0<\/span><\/p>\n<p><span style=\"font-weight: 400;\">\u00a0<\/span><\/p>\n<p><span style=\"font-weight: 400;\">DRETS DE LES PERSONES INTERESSADES:<\/span><\/p>\n<p><span style=\"font-weight: 400;\">\u00a0<\/span><span style=\"font-weight: 400;\">Com a usuari-interessat, pot sol\u00b7licitar l&#8217;exercici dels seg\u00fcents drets davant <\/span><b>FISANDECO<\/b><span style=\"font-weight: 400;\"> presentant un escrit a l&#8217;adre\u00e7a postal de l&#8217;encap\u00e7alament o enviant un correu electr\u00f2nic a <\/span><b>info@restauraciofisandeco.com<\/b><span style=\"font-weight: 400;\">, indicant com a Assumpte: &#8220;PROTECCI\u00d3 DE DADES: DRETS DELS AFECTATS\u201d.<\/span><\/p>\n<p><span style=\"font-weight: 400;\">\u00a0<\/span><span style=\"font-weight: 400;\">Drets:<\/span><\/p>\n<ul>\n<li style=\"font-weight: 400;\" aria-level=\"1\"><span style=\"font-weight: 400;\">Dret d&#8217;acc\u00e9s: permet a l&#8217;interessat con\u00e8ixer i obtenir informaci\u00f3 sobre les seves dades de car\u00e0cter personal sotmeses a tractament.<\/span><\/li>\n<li style=\"font-weight: 400;\" aria-level=\"1\"><span style=\"font-weight: 400;\">Dret de rectificaci\u00f3 o supressi\u00f3: permet corregir errors i modificar les dades que resultin ser inexactes o incompletes<\/span><\/li>\n<li style=\"font-weight: 400;\" aria-level=\"1\"><span style=\"font-weight: 400;\">Dret de cancel\u00b7laci\u00f3: permet que se suprimeixin les dades que siguin inadequats o excessius<\/span><\/li>\n<li style=\"font-weight: 400;\" aria-level=\"1\"><span style=\"font-weight: 400;\">Dret d&#8217;oposici\u00f3: dret de l&#8217;interessat al fet que no es dugui a terme el tractament de les seves dades de car\u00e0cter personal o se cessi en aquest.\u00a0<\/span><\/li>\n<li style=\"font-weight: 400;\" aria-level=\"1\"><span style=\"font-weight: 400;\">Limitaci\u00f3 del tractament: comporta el marcat de les dades personals conservades, amb la finalitat de limitar el seu futur tractament, per a l&#8217;exercici o la defensa de reclamacions.<\/span><\/li>\n<li style=\"font-weight: 400;\" aria-level=\"1\"><span style=\"font-weight: 400;\">Portabilitat de les dades: facilitaci\u00f3 de les dades objecte de tractament a l&#8217;interessat, perqu\u00e8 aquest pugui transmetre a un altre responsable, sense impediments.<\/span><\/li>\n<li style=\"font-weight: 400;\" aria-level=\"1\"><span style=\"font-weight: 400;\">Dret a no ser objecte de decisions individuals automatitzades (inclosa l&#8217;elaboraci\u00f3 de perfils): dret a no ser objecte d&#8217;una decisi\u00f3 basada en el tractament automatitzat que produeixi efectes o afecti significativament.<\/span><\/li>\n<\/ul>\n<p><span style=\"font-weight: 400;\">Com a usuari, t\u00e9 dret a retirar el consentiment donat en qualsevol moment. La retirada del consentiment no afectar\u00e0 la licitud del tractament efectuat abans de la retirada del consentiment.<\/span><\/p>\n<p><span style=\"font-weight: 400;\">\u00a0<\/span><span style=\"font-weight: 400;\">Tamb\u00e9 t\u00e9 dret a presentar una reclamaci\u00f3 davant l&#8217;autoritat de control si considera que poden haver-se vist vulnerats els seus drets en relaci\u00f3 amb la protecci\u00f3 de les seves dades (aepd.es).<\/span><\/p>\n<p><span style=\"font-weight: 400;\">\u00a0<\/span><span style=\"font-weight: 400;\">\u00a0<\/span><\/p>\n<p><b>INFORMACI\u00d3 ADDICIONAL<\/b><\/p>\n<p><em><span style=\"font-weight: 400;\">MESURES DE SEGURETAT:<\/span><\/em><\/p>\n<p><span style=\"font-weight: 400;\">Les dades que ens faciliti es tractaran de manera confidencial. El prestador ha adoptat totes les mesures t\u00e8cniques i organitzatives i tots els nivells de protecci\u00f3 necessaris per a garantir la seguretat en el tractament de les dades i evitar la seva alteraci\u00f3, p\u00e8rdua, robatori, tractament o acc\u00e9s no autoritzat, d&#8217;acord amb l&#8217;estat de la tecnologia i naturalesa de les dades emmagatzemades. Aix\u00ed mateix, es garanteix tamb\u00e9 que el tractament i registre en fitxers, programes, sistemes o equips, locals i centres compleixen amb els requisits i condicions d&#8217;integritat i seguretat establertes en la normativa vigent.<\/span><\/p>\n<p><em><span style=\"font-weight: 400;\">\u00a0<\/span><span style=\"font-weight: 400;\">IDIOMA<\/span><\/em><\/p>\n<p><span style=\"font-weight: 400;\">L&#8217;idioma aplicable a aquesta pol\u00edtica de privacitat \u00e9s el castell\u00e0. Per tant, en cas que hi hagu\u00e9s alguna contradicci\u00f3 en alguna de les versions facilitades en altres idiomes, prevaldr\u00e0 la versi\u00f3 en castell\u00e0.<\/span><\/p>\n<p><em><span style=\"font-weight: 400;\">\u00a0<\/span><span style=\"font-weight: 400;\">CANVIS EN LA PRESENT POL\u00cdTICA DE PRIVACITAT<\/span><\/em><\/p>\n<p><b>FISANDECO<\/b><span style=\"font-weight: 400;\"> es reserva el dret a modificar la present pol\u00edtica per a adaptar-la a novetats legislatives o jurisprudencials.<\/span><\/p>\n<p><em><span style=\"font-weight: 400;\">\u00a0<\/span><span style=\"font-weight: 400;\">REVOCABILITAT<\/span><\/em><\/p>\n<p><span style=\"font-weight: 400;\">El consentiment prestat, tant pel tractament com per a la cessi\u00f3 de les dades dels interessats, \u00e9s revocable en qualsevol moment, comunicant-lo a <\/span><b>FISANDECO <\/b><span style=\"font-weight: 400;\">en els termes establerts en aquesta Pol\u00edtica per a l&#8217;exercici dels drets. Aquesta revocaci\u00f3 en cap cas tindr\u00e0 car\u00e0cter retroactiu.<\/span><\/p>\n<p><em><span style=\"font-weight: 400;\">\u00a0<\/span><span style=\"font-weight: 400;\">LEGISLACI\u00d3<\/span><\/em><\/p>\n<p><span style=\"font-weight: 400;\">Amb car\u00e0cter general, les relacions entre <\/span><b>FISANDECO<\/b><span style=\"font-weight: 400;\"> amb els Usuaris dels seus serveis telem\u00e0tics, presents en aquesta web, estan sotmesos a la legislaci\u00f3 i jurisdicci\u00f3 espanyola a la qual se sotmeten expressament les parts, sent competents per a la resoluci\u00f3 de tots els conflictes derivats o relacionats amb el seu \u00fas els Jutjats i Tribunals de Barcelona.<\/span><\/p>\n","protected":false},"excerpt":{"rendered":"<p>INTRODUCCI\u00d3 \u00a0La seva privacitat \u00e9s important per a nosaltres, aix\u00ed que, mitjan\u00e7ant aquest document, li expliquem quines dades recollim dels usuaris, com els utilitzem i per a qu\u00e8, entre altres indicacions.\u00a0 \u00a0Per a la seva informaci\u00f3, mai demanarem m\u00e9s informaci\u00f3 de la que realment necessitarem per als serveis requerits; mai la compartirem amb tercers, excepte [&hellip;]<\/p>\n","protected":false},"author":1,"featured_media":0,"parent":0,"menu_order":0,"comment_status":"closed","ping_status":"closed","template":"","meta":{"footnotes":""},"class_list":["post-1085","page","type-page","status-publish","hentry"],"yoast_head":"<!-- This site is optimized with the Yoast SEO plugin v21.5 - https:\/\/yoast.com\/wordpress\/plugins\/seo\/ -->\n<title>Pol\u00edtica de privacitat - Fisandeco<\/title>\n<meta name=\"description\" content=\"P\u00e0gina de pol\u00edtica de privacitat - Fisandeco\" \/>\n<meta name=\"robots\" content=\"noindex, nofollow\" \/>\n<meta property=\"og:locale\" content=\"ca_ES\" \/>\n<meta property=\"og:type\" content=\"article\" \/>\n<meta property=\"og:title\" content=\"Pol\u00edtica de privacitat - Fisandeco\" \/>\n<meta property=\"og:description\" content=\"P\u00e0gina de pol\u00edtica de privacitat - Fisandeco\" \/>\n<meta property=\"og:url\" content=\"https:\/\/restauraciofisandeco.com\/ca\/politica-de-privacitat\/\" \/>\n<meta property=\"og:site_name\" content=\"Fisandeco\" \/>\n<meta property=\"article:publisher\" content=\"https:\/\/es-es.facebook.com\/fisandeco\/\" \/>\n<meta property=\"article:modified_time\" content=\"2023-11-28T07:17:40+00:00\" \/>\n<meta name=\"twitter:card\" content=\"summary_large_image\" \/>\n<meta name=\"twitter:label1\" content=\"Temps estimat de lectura\" \/>\n\t<meta name=\"twitter:data1\" content=\"6 minuts\" \/>\n<script type=\"application\/ld+json\" class=\"yoast-schema-graph\">{\"@context\":\"https:\/\/schema.org\",\"@graph\":[{\"@type\":\"WebPage\",\"@id\":\"https:\/\/restauraciofisandeco.com\/ca\/politica-de-privacitat\/\",\"url\":\"https:\/\/restauraciofisandeco.com\/ca\/politica-de-privacitat\/\",\"name\":\"Pol\u00edtica de privacitat - Fisandeco\",\"isPartOf\":{\"@id\":\"https:\/\/restauraciofisandeco.com\/ca\/#website\"},\"datePublished\":\"2023-08-21T17:40:29+00:00\",\"dateModified\":\"2023-11-28T07:17:40+00:00\",\"description\":\"P\u00e0gina de pol\u00edtica de privacitat - Fisandeco\",\"breadcrumb\":{\"@id\":\"https:\/\/restauraciofisandeco.com\/ca\/politica-de-privacitat\/#breadcrumb\"},\"inLanguage\":\"ca\",\"potentialAction\":[{\"@type\":\"ReadAction\",\"target\":[\"https:\/\/restauraciofisandeco.com\/ca\/politica-de-privacitat\/\"]}]},{\"@type\":\"BreadcrumbList\",\"@id\":\"https:\/\/restauraciofisandeco.com\/ca\/politica-de-privacitat\/#breadcrumb\",\"itemListElement\":[{\"@type\":\"ListItem\",\"position\":1,\"name\":\"Home\",\"item\":\"https:\/\/restauraciofisandeco.com\/ca\/\"},{\"@type\":\"ListItem\",\"position\":2,\"name\":\"Pol\u00edtica de privacitat\"}]},{\"@type\":\"WebSite\",\"@id\":\"https:\/\/restauraciofisandeco.com\/ca\/#website\",\"url\":\"https:\/\/restauraciofisandeco.com\/ca\/\",\"name\":\"Fisandeco\",\"description\":\"\",\"publisher\":{\"@id\":\"https:\/\/restauraciofisandeco.com\/ca\/#organization\"},\"potentialAction\":[{\"@type\":\"SearchAction\",\"target\":{\"@type\":\"EntryPoint\",\"urlTemplate\":\"https:\/\/restauraciofisandeco.com\/ca\/?s={search_term_string}\"},\"query-input\":\"required name=search_term_string\"}],\"inLanguage\":\"ca\"},{\"@type\":\"Organization\",\"@id\":\"https:\/\/restauraciofisandeco.com\/ca\/#organization\",\"name\":\"Fisandeco\",\"url\":\"https:\/\/restauraciofisandeco.com\/ca\/\",\"logo\":{\"@type\":\"ImageObject\",\"inLanguage\":\"ca\",\"@id\":\"https:\/\/restauraciofisandeco.com\/ca\/#\/schema\/logo\/image\/\",\"url\":\"https:\/\/restauraciofisandeco.com\/wp-content\/uploads\/2023\/09\/logo.jpg\",\"contentUrl\":\"https:\/\/restauraciofisandeco.com\/wp-content\/uploads\/2023\/09\/logo.jpg\",\"width\":316,\"height\":316,\"caption\":\"Fisandeco\"},\"image\":{\"@id\":\"https:\/\/restauraciofisandeco.com\/ca\/#\/schema\/logo\/image\/\"},\"sameAs\":[\"https:\/\/es-es.facebook.com\/fisandeco\/\",\"https:\/\/www.instagram.com\/fisandeco\/\"]}]}<\/script>\n<!-- \/ Yoast SEO plugin. -->","yoast_head_json":{"title":"Pol\u00edtica de privacitat - Fisandeco","description":"P\u00e0gina de pol\u00edtica de privacitat - Fisandeco","robots":{"index":"noindex","follow":"nofollow"},"og_locale":"ca_ES","og_type":"article","og_title":"Pol\u00edtica de privacitat - Fisandeco","og_description":"P\u00e0gina de pol\u00edtica de privacitat - Fisandeco","og_url":"https:\/\/restauraciofisandeco.com\/ca\/politica-de-privacitat\/","og_site_name":"Fisandeco","article_publisher":"https:\/\/es-es.facebook.com\/fisandeco\/","article_modified_time":"2023-11-28T07:17:40+00:00","twitter_card":"summary_large_image","twitter_misc":{"Temps estimat de lectura":"6 minuts"},"schema":{"@context":"https:\/\/schema.org","@graph":[{"@type":"WebPage","@id":"https:\/\/restauraciofisandeco.com\/ca\/politica-de-privacitat\/","url":"https:\/\/restauraciofisandeco.com\/ca\/politica-de-privacitat\/","name":"Pol\u00edtica de privacitat - Fisandeco","isPartOf":{"@id":"https:\/\/restauraciofisandeco.com\/ca\/#website"},"datePublished":"2023-08-21T17:40:29+00:00","dateModified":"2023-11-28T07:17:40+00:00","description":"P\u00e0gina de pol\u00edtica de privacitat - Fisandeco","breadcrumb":{"@id":"https:\/\/restauraciofisandeco.com\/ca\/politica-de-privacitat\/#breadcrumb"},"inLanguage":"ca","potentialAction":[{"@type":"ReadAction","target":["https:\/\/restauraciofisandeco.com\/ca\/politica-de-privacitat\/"]}]},{"@type":"BreadcrumbList","@id":"https:\/\/restauraciofisandeco.com\/ca\/politica-de-privacitat\/#breadcrumb","itemListElement":[{"@type":"ListItem","position":1,"name":"Home","item":"https:\/\/restauraciofisandeco.com\/ca\/"},{"@type":"ListItem","position":2,"name":"Pol\u00edtica de privacitat"}]},{"@type":"WebSite","@id":"https:\/\/restauraciofisandeco.com\/ca\/#website","url":"https:\/\/restauraciofisandeco.com\/ca\/","name":"Fisandeco","description":"","publisher":{"@id":"https:\/\/restauraciofisandeco.com\/ca\/#organization"},"potentialAction":[{"@type":"SearchAction","target":{"@type":"EntryPoint","urlTemplate":"https:\/\/restauraciofisandeco.com\/ca\/?s={search_term_string}"},"query-input":"required name=search_term_string"}],"inLanguage":"ca"},{"@type":"Organization","@id":"https:\/\/restauraciofisandeco.com\/ca\/#organization","name":"Fisandeco","url":"https:\/\/restauraciofisandeco.com\/ca\/","logo":{"@type":"ImageObject","inLanguage":"ca","@id":"https:\/\/restauraciofisandeco.com\/ca\/#\/schema\/logo\/image\/","url":"https:\/\/restauraciofisandeco.com\/wp-content\/uploads\/2023\/09\/logo.jpg","contentUrl":"https:\/\/restauraciofisandeco.com\/wp-content\/uploads\/2023\/09\/logo.jpg","width":316,"height":316,"caption":"Fisandeco"},"image":{"@id":"https:\/\/restauraciofisandeco.com\/ca\/#\/schema\/logo\/image\/"},"sameAs":["https:\/\/es-es.facebook.com\/fisandeco\/","https:\/\/www.instagram.com\/fisandeco\/"]}]}},"_links":{"self":[{"href":"https:\/\/restauraciofisandeco.com\/ca\/wp-json\/wp\/v2\/pages\/1085","targetHints":{"allow":["GET"]}}],"collection":[{"href":"https:\/\/restauraciofisandeco.com\/ca\/wp-json\/wp\/v2\/pages"}],"about":[{"href":"https:\/\/restauraciofisandeco.com\/ca\/wp-json\/wp\/v2\/types\/page"}],"author":[{"embeddable":true,"href":"https:\/\/restauraciofisandeco.com\/ca\/wp-json\/wp\/v2\/users\/1"}],"replies":[{"embeddable":true,"href":"https:\/\/restauraciofisandeco.com\/ca\/wp-json\/wp\/v2\/comments?post=1085"}],"version-history":[{"count":6,"href":"https:\/\/restauraciofisandeco.com\/ca\/wp-json\/wp\/v2\/pages\/1085\/revisions"}],"predecessor-version":[{"id":16144,"href":"https:\/\/restauraciofisandeco.com\/ca\/wp-json\/wp\/v2\/pages\/1085\/revisions\/16144"}],"wp:attachment":[{"href":"https:\/\/restauraciofisandeco.com\/ca\/wp-json\/wp\/v2\/media?parent=1085"}],"curies":[{"name":"wp","href":"https:\/\/api.w.org\/{rel}","templated":true}]}}